{"id":9120,"date":"2023-10-30T17:58:53","date_gmt":"2023-10-30T16:58:53","guid":{"rendered":"https:\/\/to-moje.com\/?post_type=product&#038;p=9120"},"modified":"2025-05-06T10:29:55","modified_gmt":"2025-05-06T08:29:55","slug":"kolnierzyk-kupidyn","status":"publish","type":"product","link":"https:\/\/to-moje.com\/index.php\/produkt\/kolnierzyk-kupidyn\/","title":{"rendered":"Ko\u0142nierzyk Kupidyn"},"content":{"rendered":"","protected":false},"excerpt":{"rendered":"<p>Wi\u0105zany ko\u0142nierzyk wykonany z r\u00f3\u017cowej bawe\u0142ny drukowanej we wz\u00f3r serc.<br \/>\nWyko\u0144czony urocz\u0105 falbank\u0105.<br \/>\nKo\u0142nierzyk wyst\u0119puje w jednym rozmiarze.<br \/>\nTo \u015bwietny dodatek do outfitu, wystarczy za\u0142o\u017cy\u0107 go do t-shirta, bluzy, czy sweterka by nada\u0107 swojej stylizacji zupe\u0142nie inny charakter.<\/p>\n<p>Sk\u0142ad: 100% bawe\u0142na.<\/p>\n<p>Czas realizacji to ok 5-7 dni roboczych, mo\u017ce si\u0119 on zmieni\u0107 w zale\u017cno\u015bci od ilo\u015bci zam\u00f3wie\u0144.<br \/>\nKolory na zdj\u0119ciu mog\u0105 si\u0119 r\u00f3\u017cni\u0107 od tych w rzeczywisto\u015bci.<br \/>\nJe\u015bli nie jeste\u015b pewien\/pewna wyboru i masz jakie\u015b pytania, napisz do mnie maila lub odwezwij si\u0119 na instagramie to_moje \ud83d\ude42<\/p>\n","protected":false},"featured_media":9121,"comment_status":"closed","ping_status":"closed","template":"","meta":[],"product_brand":[],"product_cat":[198,15],"product_tag":[558,557,206,556,199,555],"class_list":{"0":"post-9120","1":"product","2":"type-product","3":"status-publish","4":"has-post-thumbnail","6":"product_cat-kolnierzyki","7":"product_cat-akcesoria","8":"product_tag-kolorowe-akcesoria","9":"product_tag-kolorowy-kolnierzyk","10":"product_tag-kolnierz-w-serca","11":"product_tag-kolnierz-z-bawelny","12":"product_tag-kolnierzyk","13":"product_tag-rozowy-kolnierzyk","15":"first","16":"outofstock","17":"shipping-taxable","18":"purchasable","19":"product-type-simple"},"_links":{"self":[{"href":"https:\/\/to-moje.com\/index.php\/wp-json\/wp\/v2\/product\/9120","targetHints":{"allow":["GET"]}}],"collection":[{"href":"https:\/\/to-moje.com\/index.php\/wp-json\/wp\/v2\/product"}],"about":[{"href":"https:\/\/to-moje.com\/index.php\/wp-json\/wp\/v2\/types\/product"}],"replies":[{"embeddable":true,"href":"https:\/\/to-moje.com\/index.php\/wp-json\/wp\/v2\/comments?post=9120"}],"wp:featuredmedia":[{"embeddable":true,"href":"https:\/\/to-moje.com\/index.php\/wp-json\/wp\/v2\/media\/9121"}],"wp:attachment":[{"href":"https:\/\/to-moje.com\/index.php\/wp-json\/wp\/v2\/media?parent=9120"}],"wp:term":[{"taxonomy":"product_brand","embeddable":true,"href":"https:\/\/to-moje.com\/index.php\/wp-json\/wp\/v2\/product_brand?post=9120"},{"taxonomy":"product_cat","embeddable":true,"href":"https:\/\/to-moje.com\/index.php\/wp-json\/wp\/v2\/product_cat?post=9120"},{"taxonomy":"product_tag","embeddable":true,"href":"https:\/\/to-moje.com\/index.php\/wp-json\/wp\/v2\/product_tag?post=9120"}],"curies":[{"name":"wp","href":"https:\/\/api.w.org\/{rel}","templated":true}]}}