{"id":8939,"date":"2023-07-21T12:11:03","date_gmt":"2023-07-21T10:11:03","guid":{"rendered":"https:\/\/to-moje.com\/?post_type=product&#038;p=8939"},"modified":"2025-05-09T00:40:10","modified_gmt":"2025-05-08T22:40:10","slug":"kombinezon-niespodzianka-krotki","status":"publish","type":"product","link":"https:\/\/to-moje.com\/index.php\/produkt\/kombinezon-niespodzianka-krotki\/","title":{"rendered":"Kombinezon Niespodzianka Kr\u00f3tki"},"content":{"rendered":"","protected":false},"excerpt":{"rendered":"<p>Kombinezon Niespodzianka wykonany zosta\u0142 z bawe\u0142ny jeansowej we wzory.<br \/>\nJego nazwa nie jest przypadkowa- na pierwszy rzut oka mo\u017ce si\u0119 wydawa\u0107, \u017ce masz na sobie sukienk\u0119, a w rzeczywisto\u015bci to po prostu bardzo szerokie nogawki!<\/p>\n<p>G\u00f3ra zapinana jest na ozdobne guziki w kszta\u0142cie serc, a rami\u0105czka mo\u017cna \u0142atwo regulowa\u0107 dzi\u0119ki temu, \u017ce s\u0105 wi\u0105zane.<\/p>\n<p>Jego zalet\u0105 opr\u00f3cz tego, \u017ce imituje sukienk\u0119, jest te\u017c to, \u017ce mo\u017cna go z powodzeniem nosi\u0107 jako ogrodniczki-do t-shirt\u00f3w czy koszul. Dodatkowo w szwach bocznych ukryte zosta\u0142y kieszenie.<\/p>\n<p>Sk\u0142ad: 95% bawe\u0142na i 5% elastan.<\/p>\n<p>Wymiary-szeroko\u015b\u0107 od pachy do pachy na p\u0142asko:<br \/>\nS- 98cm<br \/>\nM- 104cm<br \/>\nL- 110cm,<br \/>\nale je\u015bli nie jeste\u015b pewna jaki rozmiar wybra\u0107 podaj mi sw\u00f3j obw\u00f3d biustu w notatce do zam\u00f3wienia i dopasuj\u0119 go do Twoich wymiar\u00f3w!<br \/>\nDla unikni\u0119cia wpadki z d\u0142ugo\u015bci\u0105, podaj mi te\u017c prosz\u0119 sw\u00f3j wzrost \ud83d\ude42<br \/>\nDost\u0119pne kolory pokazane s\u0105 w galerii zdj\u0119\u0107.<\/p>\n<p>Ka\u017cde zam\u00f3wienie szyj\u0119 na bie\u017c\u0105co, dlatego czas oczekiwania to ok 5-7 dni roboczych.<br \/>\nJe\u015bli masz jakiekolwiek pytania w sprawie produktu, mo\u017cesz zawsze \u015bmia\u0142o napisa\u0107 maila na shop.tomoje@gmail.com lub po prostu odezwa\u0107 si\u0119 na instagramie to_moje.<\/p>\n<p>Mam 174cm wzrostu i nosz\u0119 rozmiar L.<\/p>\n","protected":false},"featured_media":8955,"comment_status":"open","ping_status":"closed","template":"","meta":[],"product_brand":[],"product_cat":[532,15],"product_tag":[538,537,533,536,535,534,539],"class_list":{"0":"post-8939","1":"product","2":"type-product","3":"status-publish","4":"has-post-thumbnail","6":"product_cat-kombinezony","7":"product_cat-akcesoria","8":"product_tag-kolorowe-ogrodniczki","9":"product_tag-kolorowy-kombinezon","10":"product_tag-kombinezon","11":"product_tag-kombinezon-na-lato","12":"product_tag-kombinezon-we-wzory","13":"product_tag-ogrodniczki","14":"product_tag-ogrodniczki-we-wzory","15":"pa_rozmiar-l","16":"pa_rozmiar-m","17":"pa_rozmiar-s","19":"first","20":"instock","21":"shipping-taxable","22":"purchasable","23":"product-type-variable"},"_links":{"self":[{"href":"https:\/\/to-moje.com\/index.php\/wp-json\/wp\/v2\/product\/8939","targetHints":{"allow":["GET"]}}],"collection":[{"href":"https:\/\/to-moje.com\/index.php\/wp-json\/wp\/v2\/product"}],"about":[{"href":"https:\/\/to-moje.com\/index.php\/wp-json\/wp\/v2\/types\/product"}],"replies":[{"embeddable":true,"href":"https:\/\/to-moje.com\/index.php\/wp-json\/wp\/v2\/comments?post=8939"}],"wp:featuredmedia":[{"embeddable":true,"href":"https:\/\/to-moje.com\/index.php\/wp-json\/wp\/v2\/media\/8955"}],"wp:attachment":[{"href":"https:\/\/to-moje.com\/index.php\/wp-json\/wp\/v2\/media?parent=8939"}],"wp:term":[{"taxonomy":"product_brand","embeddable":true,"href":"https:\/\/to-moje.com\/index.php\/wp-json\/wp\/v2\/product_brand?post=8939"},{"taxonomy":"product_cat","embeddable":true,"href":"https:\/\/to-moje.com\/index.php\/wp-json\/wp\/v2\/product_cat?post=8939"},{"taxonomy":"product_tag","embeddable":true,"href":"https:\/\/to-moje.com\/index.php\/wp-json\/wp\/v2\/product_tag?post=8939"}],"curies":[{"name":"wp","href":"https:\/\/api.w.org\/{rel}","templated":true}]}}