{"id":754,"date":"2018-10-19T11:50:10","date_gmt":"2018-10-19T09:50:10","guid":{"rendered":"http:\/\/to-moje.com\/?post_type=product&#038;p=754"},"modified":"2024-01-04T15:07:29","modified_gmt":"2024-01-04T14:07:29","slug":"damska-koszulka-sowy-biala","status":"publish","type":"product","link":"https:\/\/to-moje.com\/index.php\/produkt\/damska-koszulka-sowy-biala\/","title":{"rendered":"Damska koszulka sowy, bia\u0142a"},"content":{"rendered":"","protected":false},"excerpt":{"rendered":"<p>Bia\u0142a koszulka damska z autorskim nadrukiem w kszta\u0142cie s\u00f3w.<br \/>\nMateria\u0142 100% bawe\u0142na.<br \/>\nNadruk wykonany metod\u0105 sitodruku.<br \/>\nWYMIARY:<br \/>\ndamskie (szeroko\u015b\u0107 x d\u0142ugo\u015b\u0107):<br \/>\nS 41 x 62 cm<br \/>\nM 43 x 63 cm<br \/>\nL 47 x 64 cm<\/p>\n","protected":false},"featured_media":759,"comment_status":"open","ping_status":"closed","template":"","meta":[],"product_brand":[],"product_cat":[208,13],"product_tag":[65,48,64,63,71],"class_list":{"0":"post-754","1":"product","2":"type-product","3":"status-publish","4":"has-post-thumbnail","6":"product_cat-koszulki-bluzy-sukienki","7":"product_cat-koszulki-damskie","8":"product_tag-bawelna","9":"product_tag-bialy","10":"product_tag-geometryczny","11":"product_tag-koszulka","12":"product_tag-sowy","13":"product_shipping_class-koszulki","14":"pa_rozmiar-l","15":"pa_rozmiar-m","16":"pa_rozmiar-s","17":"pa_rozmiar-xl","19":"first","20":"instock","21":"sale","22":"shipping-taxable","23":"purchasable","24":"product-type-variable"},"_links":{"self":[{"href":"https:\/\/to-moje.com\/index.php\/wp-json\/wp\/v2\/product\/754","targetHints":{"allow":["GET"]}}],"collection":[{"href":"https:\/\/to-moje.com\/index.php\/wp-json\/wp\/v2\/product"}],"about":[{"href":"https:\/\/to-moje.com\/index.php\/wp-json\/wp\/v2\/types\/product"}],"replies":[{"embeddable":true,"href":"https:\/\/to-moje.com\/index.php\/wp-json\/wp\/v2\/comments?post=754"}],"wp:featuredmedia":[{"embeddable":true,"href":"https:\/\/to-moje.com\/index.php\/wp-json\/wp\/v2\/media\/759"}],"wp:attachment":[{"href":"https:\/\/to-moje.com\/index.php\/wp-json\/wp\/v2\/media?parent=754"}],"wp:term":[{"taxonomy":"product_brand","embeddable":true,"href":"https:\/\/to-moje.com\/index.php\/wp-json\/wp\/v2\/product_brand?post=754"},{"taxonomy":"product_cat","embeddable":true,"href":"https:\/\/to-moje.com\/index.php\/wp-json\/wp\/v2\/product_cat?post=754"},{"taxonomy":"product_tag","embeddable":true,"href":"https:\/\/to-moje.com\/index.php\/wp-json\/wp\/v2\/product_tag?post=754"}],"curies":[{"name":"wp","href":"https:\/\/api.w.org\/{rel}","templated":true}]}}