{"id":75,"date":"2016-06-16T14:13:46","date_gmt":"2016-06-16T12:13:46","guid":{"rendered":"http:\/\/serwer1314553.home.pl\/tomoje\/index.php\/produkt\/koszulka-jelen-biala-2\/"},"modified":"2024-01-04T15:07:29","modified_gmt":"2024-01-04T14:07:29","slug":"koszulka-jelen-biala-2","status":"publish","type":"product","link":"https:\/\/to-moje.com\/index.php\/produkt\/koszulka-jelen-biala-2\/","title":{"rendered":"Damska koszulka Jele\u0144, Bia\u0142a"},"content":{"rendered":"","protected":false},"excerpt":{"rendered":"<div class=\"product_page\">\n<div class=\"product_page_tabs\">\n<div id=\"article_description\" class=\"tab_container\">\n<div class=\"article_description_text\">\n<p>Koszulka z kr\u00f3tkim r\u0119kawem z autorsk\u0105 grafik\u0105 jelenia.<br \/>\nKolor bia\u0142y. 100% bawe\u0142na.<br \/>\nWYMIARY:<br \/>\ndamskie (szeroko\u015b\u0107 x d\u0142ugo\u015b\u0107):<br \/>\nS 41 x 62 cm<br \/>\nM 43 x 63 cm<br \/>\nL 47 x 64 cm<\/p>\n<\/div>\n<\/div>\n<\/div>\n<\/div>\n","protected":false},"featured_media":614,"comment_status":"open","ping_status":"closed","template":"","meta":[],"product_brand":[],"product_cat":[208,13],"product_tag":[],"class_list":{"0":"post-75","1":"product","2":"type-product","3":"status-publish","4":"has-post-thumbnail","6":"product_cat-koszulki-bluzy-sukienki","7":"product_cat-koszulki-damskie","8":"product_shipping_class-koszulki","9":"pa_rozmiar-l","10":"pa_rozmiar-m","11":"pa_rozmiar-s","12":"pa_rozmiar-xl","14":"first","15":"instock","16":"sale","17":"shipping-taxable","18":"purchasable","19":"product-type-variable"},"_links":{"self":[{"href":"https:\/\/to-moje.com\/index.php\/wp-json\/wp\/v2\/product\/75","targetHints":{"allow":["GET"]}}],"collection":[{"href":"https:\/\/to-moje.com\/index.php\/wp-json\/wp\/v2\/product"}],"about":[{"href":"https:\/\/to-moje.com\/index.php\/wp-json\/wp\/v2\/types\/product"}],"replies":[{"embeddable":true,"href":"https:\/\/to-moje.com\/index.php\/wp-json\/wp\/v2\/comments?post=75"}],"wp:featuredmedia":[{"embeddable":true,"href":"https:\/\/to-moje.com\/index.php\/wp-json\/wp\/v2\/media\/614"}],"wp:attachment":[{"href":"https:\/\/to-moje.com\/index.php\/wp-json\/wp\/v2\/media?parent=75"}],"wp:term":[{"taxonomy":"product_brand","embeddable":true,"href":"https:\/\/to-moje.com\/index.php\/wp-json\/wp\/v2\/product_brand?post=75"},{"taxonomy":"product_cat","embeddable":true,"href":"https:\/\/to-moje.com\/index.php\/wp-json\/wp\/v2\/product_cat?post=75"},{"taxonomy":"product_tag","embeddable":true,"href":"https:\/\/to-moje.com\/index.php\/wp-json\/wp\/v2\/product_tag?post=75"}],"curies":[{"name":"wp","href":"https:\/\/api.w.org\/{rel}","templated":true}]}}