{"id":739,"date":"2018-10-19T11:36:30","date_gmt":"2018-10-19T09:36:30","guid":{"rendered":"http:\/\/to-moje.com\/?post_type=product&#038;p=739"},"modified":"2024-01-22T23:14:23","modified_gmt":"2024-01-22T22:14:23","slug":"meska-koszulka-kot-biala","status":"publish","type":"product","link":"https:\/\/to-moje.com\/index.php\/produkt\/meska-koszulka-kot-biala\/","title":{"rendered":"M\u0119ska koszulka kot, bia\u0142a"},"content":{"rendered":"","protected":false},"excerpt":{"rendered":"<p>Bia\u0142a koszulka z autorsk\u0105 grafik\u0105 kota. 100% bawe\u0142na.<br \/>\nWYMIARY:<br \/>\nm\u0119skie (szeroko\u015b\u0107 x d\u0142ugo\u015b\u0107):<br \/>\nS 52 x 66 cm<br \/>\nM 54 x 67 cm<br \/>\nL 57 x 72 cm<br \/>\nXL 59 x 73 cm.<\/p>\n","protected":false},"featured_media":744,"comment_status":"open","ping_status":"closed","template":"","meta":[],"product_brand":[],"product_cat":[208,12],"product_tag":[65,48,64,63,70],"class_list":{"0":"post-739","1":"product","2":"type-product","3":"status-publish","4":"has-post-thumbnail","6":"product_cat-koszulki-bluzy-sukienki","7":"product_cat-koszulki-meskie","8":"product_tag-bawelna","9":"product_tag-bialy","10":"product_tag-geometryczny","11":"product_tag-koszulka","12":"product_tag-kot","13":"product_shipping_class-koszulki","14":"pa_rozmiar-l","15":"pa_rozmiar-m","16":"pa_rozmiar-s","17":"pa_rozmiar-xl","19":"first","20":"instock","21":"sale","22":"shipping-taxable","23":"purchasable","24":"product-type-variable"},"_links":{"self":[{"href":"https:\/\/to-moje.com\/index.php\/wp-json\/wp\/v2\/product\/739","targetHints":{"allow":["GET"]}}],"collection":[{"href":"https:\/\/to-moje.com\/index.php\/wp-json\/wp\/v2\/product"}],"about":[{"href":"https:\/\/to-moje.com\/index.php\/wp-json\/wp\/v2\/types\/product"}],"replies":[{"embeddable":true,"href":"https:\/\/to-moje.com\/index.php\/wp-json\/wp\/v2\/comments?post=739"}],"wp:featuredmedia":[{"embeddable":true,"href":"https:\/\/to-moje.com\/index.php\/wp-json\/wp\/v2\/media\/744"}],"wp:attachment":[{"href":"https:\/\/to-moje.com\/index.php\/wp-json\/wp\/v2\/media?parent=739"}],"wp:term":[{"taxonomy":"product_brand","embeddable":true,"href":"https:\/\/to-moje.com\/index.php\/wp-json\/wp\/v2\/product_brand?post=739"},{"taxonomy":"product_cat","embeddable":true,"href":"https:\/\/to-moje.com\/index.php\/wp-json\/wp\/v2\/product_cat?post=739"},{"taxonomy":"product_tag","embeddable":true,"href":"https:\/\/to-moje.com\/index.php\/wp-json\/wp\/v2\/product_tag?post=739"}],"curies":[{"name":"wp","href":"https:\/\/api.w.org\/{rel}","templated":true}]}}