{"id":659,"date":"2018-10-18T17:55:24","date_gmt":"2018-10-18T15:55:24","guid":{"rendered":"http:\/\/to-moje.com\/?post_type=product&#038;p=659"},"modified":"2024-02-07T15:07:04","modified_gmt":"2024-02-07T14:07:04","slug":"damska-koszulka-mistrz-czarna","status":"publish","type":"product","link":"https:\/\/to-moje.com\/index.php\/produkt\/damska-koszulka-mistrz-czarna\/","title":{"rendered":"Damska koszulka mistrz, czarna"},"content":{"rendered":"","protected":false},"excerpt":{"rendered":"<p>Czarna koszulka damska Mistrz.<br \/>\nSk\u0142ad:<br \/>\n100% bawe\u0142na.<br \/>\nNadruk metod\u0105 sitodruku.<br \/>\nWYMIARY:<br \/>\ndamskie (szeroko\u015b\u0107 x d\u0142ugo\u015b\u0107):<br \/>\nS 41 x 62 cm<br \/>\nM 43 x 63 cm<br \/>\nL 47 x 64 cm<\/p>\n","protected":false},"featured_media":664,"comment_status":"open","ping_status":"closed","template":"","meta":[],"product_brand":[],"product_cat":[208,13],"product_tag":[65,47,64,63],"class_list":{"0":"post-659","1":"product","2":"type-product","3":"status-publish","4":"has-post-thumbnail","6":"product_cat-koszulki-bluzy-sukienki","7":"product_cat-koszulki-damskie","8":"product_tag-bawelna","9":"product_tag-czarny","10":"product_tag-geometryczny","11":"product_tag-koszulka","12":"product_shipping_class-koszulki","13":"pa_rozmiar-l","14":"pa_rozmiar-m","15":"pa_rozmiar-s","17":"first","18":"instock","19":"sale","20":"shipping-taxable","21":"purchasable","22":"product-type-variable"},"_links":{"self":[{"href":"https:\/\/to-moje.com\/index.php\/wp-json\/wp\/v2\/product\/659","targetHints":{"allow":["GET"]}}],"collection":[{"href":"https:\/\/to-moje.com\/index.php\/wp-json\/wp\/v2\/product"}],"about":[{"href":"https:\/\/to-moje.com\/index.php\/wp-json\/wp\/v2\/types\/product"}],"replies":[{"embeddable":true,"href":"https:\/\/to-moje.com\/index.php\/wp-json\/wp\/v2\/comments?post=659"}],"wp:featuredmedia":[{"embeddable":true,"href":"https:\/\/to-moje.com\/index.php\/wp-json\/wp\/v2\/media\/664"}],"wp:attachment":[{"href":"https:\/\/to-moje.com\/index.php\/wp-json\/wp\/v2\/media?parent=659"}],"wp:term":[{"taxonomy":"product_brand","embeddable":true,"href":"https:\/\/to-moje.com\/index.php\/wp-json\/wp\/v2\/product_brand?post=659"},{"taxonomy":"product_cat","embeddable":true,"href":"https:\/\/to-moje.com\/index.php\/wp-json\/wp\/v2\/product_cat?post=659"},{"taxonomy":"product_tag","embeddable":true,"href":"https:\/\/to-moje.com\/index.php\/wp-json\/wp\/v2\/product_tag?post=659"}],"curies":[{"name":"wp","href":"https:\/\/api.w.org\/{rel}","templated":true}]}}