{"id":598,"date":"2017-12-05T16:07:17","date_gmt":"2017-12-05T15:07:17","guid":{"rendered":"http:\/\/to-moje.com\/?post_type=product&#038;p=598"},"modified":"2024-08-09T20:54:31","modified_gmt":"2024-08-09T18:54:31","slug":"damska-koszulka-wilk-biala","status":"publish","type":"product","link":"https:\/\/to-moje.com\/index.php\/produkt\/damska-koszulka-wilk-biala\/","title":{"rendered":"Damska koszulka wilk, bia\u0142a"},"content":{"rendered":"","protected":false},"excerpt":{"rendered":"<p>Bia\u0142a damska koszulka z nadrukiem wilka.<br \/>\nSk\u0142ad:<br \/>\n100% bawe\u0142na.<br \/>\nNadruk metod\u0105 sitodruku.<br \/>\nWYMIARY:<br \/>\ndamskie (szeroko\u015b\u0107 x d\u0142ugo\u015b\u0107):<br \/>\nS 41 x 62 cm<br \/>\nM 43 x 63 cm<br \/>\nL 47 x 64 cm<\/p>\n","protected":false},"featured_media":602,"comment_status":"open","ping_status":"closed","template":"","meta":[],"product_brand":[],"product_cat":[208,13],"product_tag":[],"class_list":{"0":"post-598","1":"product","2":"type-product","3":"status-publish","4":"has-post-thumbnail","6":"product_cat-koszulki-bluzy-sukienki","7":"product_cat-koszulki-damskie","8":"product_shipping_class-koszulki","9":"pa_rozmiar-l","10":"pa_rozmiar-m","11":"pa_rozmiar-s","13":"first","14":"instock","15":"sale","16":"shipping-taxable","17":"purchasable","18":"product-type-variable"},"_links":{"self":[{"href":"https:\/\/to-moje.com\/index.php\/wp-json\/wp\/v2\/product\/598","targetHints":{"allow":["GET"]}}],"collection":[{"href":"https:\/\/to-moje.com\/index.php\/wp-json\/wp\/v2\/product"}],"about":[{"href":"https:\/\/to-moje.com\/index.php\/wp-json\/wp\/v2\/types\/product"}],"replies":[{"embeddable":true,"href":"https:\/\/to-moje.com\/index.php\/wp-json\/wp\/v2\/comments?post=598"}],"wp:featuredmedia":[{"embeddable":true,"href":"https:\/\/to-moje.com\/index.php\/wp-json\/wp\/v2\/media\/602"}],"wp:attachment":[{"href":"https:\/\/to-moje.com\/index.php\/wp-json\/wp\/v2\/media?parent=598"}],"wp:term":[{"taxonomy":"product_brand","embeddable":true,"href":"https:\/\/to-moje.com\/index.php\/wp-json\/wp\/v2\/product_brand?post=598"},{"taxonomy":"product_cat","embeddable":true,"href":"https:\/\/to-moje.com\/index.php\/wp-json\/wp\/v2\/product_cat?post=598"},{"taxonomy":"product_tag","embeddable":true,"href":"https:\/\/to-moje.com\/index.php\/wp-json\/wp\/v2\/product_tag?post=598"}],"curies":[{"name":"wp","href":"https:\/\/api.w.org\/{rel}","templated":true}]}}