{"id":59,"date":"2016-06-16T14:03:58","date_gmt":"2016-06-16T12:03:58","guid":{"rendered":"http:\/\/serwer1314553.home.pl\/tomoje\/index.php\/produkt\/koszulka-jelen-biala\/"},"modified":"2024-01-04T15:07:29","modified_gmt":"2024-01-04T14:07:29","slug":"koszulka-jelen-biala","status":"publish","type":"product","link":"https:\/\/to-moje.com\/index.php\/produkt\/koszulka-jelen-biala\/","title":{"rendered":"M\u0119ska koszulka Jele\u0144, Bia\u0142a"},"content":{"rendered":"","protected":false},"excerpt":{"rendered":"<div class=\"product_page\">\n<div class=\"product_page_tabs\">\n<div id=\"article_description\" class=\"tab_container\">\n<div class=\"article_description_text\">\n<p>Koszulka m\u0119ska z kr\u00f3tkim r\u0119kawem z autorskim nadrukiem jelenia.<br \/>\nKolor bia\u0142y. 100% bawe\u0142na.<br \/>\nWYMIARY:<br \/>\nm\u0119skie (szeroko\u015b\u0107 x d\u0142ugo\u015b\u0107):<br \/>\nS 52 x 66 cm<br \/>\nM 54 x 67 cm<br \/>\nL 57 x 72 cm<br \/>\nXL 59 x 73 cm.<\/p>\n<\/div>\n<\/div>\n<\/div>\n<\/div>\n","protected":false},"featured_media":619,"comment_status":"open","ping_status":"closed","template":"","meta":[],"product_brand":[],"product_cat":[208,12],"product_tag":[324,318,325,321,320,322,323,319,317],"class_list":{"0":"post-59","1":"product","2":"type-product","3":"status-publish","4":"has-post-thumbnail","6":"product_cat-koszulki-bluzy-sukienki","7":"product_cat-koszulki-meskie","8":"product_tag-biala-koszulka","9":"product_tag-biala-meska-koszulka","10":"product_tag-geometryczne-zwierze","11":"product_tag-geometryczny-jelen","12":"product_tag-geometryczny-wzor","13":"product_tag-koszulka-z-geometrycznym-wzorem","14":"product_tag-koszulka-z-geometrycznym-zwierzakiem","15":"product_tag-koszulka-z-jeleniem","16":"product_tag-meska-koszulka","17":"product_shipping_class-koszulki","18":"pa_rozmiar-l","19":"pa_rozmiar-m","20":"pa_rozmiar-s","21":"pa_rozmiar-xl","23":"first","24":"instock","25":"sale","26":"shipping-taxable","27":"purchasable","28":"product-type-variable"},"_links":{"self":[{"href":"https:\/\/to-moje.com\/index.php\/wp-json\/wp\/v2\/product\/59","targetHints":{"allow":["GET"]}}],"collection":[{"href":"https:\/\/to-moje.com\/index.php\/wp-json\/wp\/v2\/product"}],"about":[{"href":"https:\/\/to-moje.com\/index.php\/wp-json\/wp\/v2\/types\/product"}],"replies":[{"embeddable":true,"href":"https:\/\/to-moje.com\/index.php\/wp-json\/wp\/v2\/comments?post=59"}],"wp:featuredmedia":[{"embeddable":true,"href":"https:\/\/to-moje.com\/index.php\/wp-json\/wp\/v2\/media\/619"}],"wp:attachment":[{"href":"https:\/\/to-moje.com\/index.php\/wp-json\/wp\/v2\/media?parent=59"}],"wp:term":[{"taxonomy":"product_brand","embeddable":true,"href":"https:\/\/to-moje.com\/index.php\/wp-json\/wp\/v2\/product_brand?post=59"},{"taxonomy":"product_cat","embeddable":true,"href":"https:\/\/to-moje.com\/index.php\/wp-json\/wp\/v2\/product_cat?post=59"},{"taxonomy":"product_tag","embeddable":true,"href":"https:\/\/to-moje.com\/index.php\/wp-json\/wp\/v2\/product_tag?post=59"}],"curies":[{"name":"wp","href":"https:\/\/api.w.org\/{rel}","templated":true}]}}