{"id":5718,"date":"2023-05-16T19:58:06","date_gmt":"2023-05-16T17:58:06","guid":{"rendered":"https:\/\/to-moje.com\/?post_type=product&#038;p=5718"},"modified":"2025-04-07T15:09:49","modified_gmt":"2025-04-07T13:09:49","slug":"gumka-z-kokarda-bananowa-z-eko-skory","status":"publish","type":"product","link":"https:\/\/to-moje.com\/index.php\/produkt\/gumka-z-kokarda-bananowa-z-eko-skory\/","title":{"rendered":"Gumka z kokard\u0105 bananowa z eko sk\u00f3ry"},"content":{"rendered":"","protected":false},"excerpt":{"rendered":"<p>Gumka do w\u0142os\u00f3w wykonana z mieszanej tkaniny, kokarda z \u017c\u00f3\u0142tej eko sk\u00f3ry, a reszta gumki z tkaniny bawe\u0142nianej w kolorze jasno\u017c\u00f3\u0142tym.<br \/>\nTo \u015bwietna ozdoba do w\u0142os\u00f3w, kt\u00f3ra w \u0142atwy spos\u00f3b nada dziewcz\u0119cy i uroczy charakter Twojej fryzurze.<\/p>\n<p>Wymiary: ok 21 x 17 cm.<\/p>\n","protected":false},"featured_media":0,"comment_status":"closed","ping_status":"closed","template":"","meta":[],"product_brand":[],"product_cat":[123,15],"product_tag":[125,479,473,477,478,499,498,497],"class_list":{"0":"post-5718","1":"product","2":"type-product","3":"status-publish","5":"product_cat-gumki","6":"product_cat-akcesoria","7":"product_tag-gumka-do-wlosow","8":"product_tag-gumka-do-wlosow-z-kokarda","9":"product_tag-gumka-z-kokarda","10":"product_tag-kokarda-do-wlosow-czarna","11":"product_tag-kokarda-z-eko-skory","12":"product_tag-zolta-gumka-do-wlosow","13":"product_tag-zolta-kokarda","14":"product_tag-zolta-kokarda-do-wlosow","16":"first","17":"instock","18":"shipping-taxable","19":"purchasable","20":"product-type-simple"},"_links":{"self":[{"href":"https:\/\/to-moje.com\/index.php\/wp-json\/wp\/v2\/product\/5718","targetHints":{"allow":["GET"]}}],"collection":[{"href":"https:\/\/to-moje.com\/index.php\/wp-json\/wp\/v2\/product"}],"about":[{"href":"https:\/\/to-moje.com\/index.php\/wp-json\/wp\/v2\/types\/product"}],"replies":[{"embeddable":true,"href":"https:\/\/to-moje.com\/index.php\/wp-json\/wp\/v2\/comments?post=5718"}],"wp:attachment":[{"href":"https:\/\/to-moje.com\/index.php\/wp-json\/wp\/v2\/media?parent=5718"}],"wp:term":[{"taxonomy":"product_brand","embeddable":true,"href":"https:\/\/to-moje.com\/index.php\/wp-json\/wp\/v2\/product_brand?post=5718"},{"taxonomy":"product_cat","embeddable":true,"href":"https:\/\/to-moje.com\/index.php\/wp-json\/wp\/v2\/product_cat?post=5718"},{"taxonomy":"product_tag","embeddable":true,"href":"https:\/\/to-moje.com\/index.php\/wp-json\/wp\/v2\/product_tag?post=5718"}],"curies":[{"name":"wp","href":"https:\/\/api.w.org\/{rel}","templated":true}]}}