{"id":5715,"date":"2023-05-16T19:55:29","date_gmt":"2023-05-16T17:55:29","guid":{"rendered":"https:\/\/to-moje.com\/?post_type=product&#038;p=5715"},"modified":"2025-04-07T15:10:00","modified_gmt":"2025-04-07T13:10:00","slug":"gumka-z-kokarda-blekitna-z-eko-skory","status":"publish","type":"product","link":"https:\/\/to-moje.com\/index.php\/produkt\/gumka-z-kokarda-blekitna-z-eko-skory\/","title":{"rendered":"Gumka z kokard\u0105 b\u0142\u0119kitna z eko sk\u00f3ry"},"content":{"rendered":"","protected":false},"excerpt":{"rendered":"<p>Gumka do w\u0142os\u00f3w wykonana z mieszanej tkaniny, kokarda z b\u0142\u0119kitnej eko sk\u00f3ry, a reszta gumki z tkaniny bawe\u0142nianej w kolorze b\u0142\u0119kitnym w bia\u0142e groszki.<br \/>\nTo \u015bwietna ozdoba do w\u0142os\u00f3w, kt\u00f3ra w \u0142atwy spos\u00f3b nada dziewcz\u0119cy i uroczy charakter Twojej fryzurze.<\/p>\n<p>Wymiary: ok 21 x 17 cm.<\/p>\n","protected":false},"featured_media":0,"comment_status":"closed","ping_status":"closed","template":"","meta":[],"product_brand":[],"product_cat":[123,15],"product_tag":[492,496,491,125,479,473,477,478],"class_list":{"0":"post-5715","1":"product","2":"type-product","3":"status-publish","5":"product_cat-gumki","6":"product_cat-akcesoria","7":"product_tag-blekitna-gumka-do-wlosow","8":"product_tag-blekitna-kokarda","9":"product_tag-blekitna-kokarda-do-wlosow","10":"product_tag-gumka-do-wlosow","11":"product_tag-gumka-do-wlosow-z-kokarda","12":"product_tag-gumka-z-kokarda","13":"product_tag-kokarda-do-wlosow-czarna","14":"product_tag-kokarda-z-eko-skory","16":"first","17":"instock","18":"shipping-taxable","19":"purchasable","20":"product-type-simple"},"_links":{"self":[{"href":"https:\/\/to-moje.com\/index.php\/wp-json\/wp\/v2\/product\/5715","targetHints":{"allow":["GET"]}}],"collection":[{"href":"https:\/\/to-moje.com\/index.php\/wp-json\/wp\/v2\/product"}],"about":[{"href":"https:\/\/to-moje.com\/index.php\/wp-json\/wp\/v2\/types\/product"}],"replies":[{"embeddable":true,"href":"https:\/\/to-moje.com\/index.php\/wp-json\/wp\/v2\/comments?post=5715"}],"wp:attachment":[{"href":"https:\/\/to-moje.com\/index.php\/wp-json\/wp\/v2\/media?parent=5715"}],"wp:term":[{"taxonomy":"product_brand","embeddable":true,"href":"https:\/\/to-moje.com\/index.php\/wp-json\/wp\/v2\/product_brand?post=5715"},{"taxonomy":"product_cat","embeddable":true,"href":"https:\/\/to-moje.com\/index.php\/wp-json\/wp\/v2\/product_cat?post=5715"},{"taxonomy":"product_tag","embeddable":true,"href":"https:\/\/to-moje.com\/index.php\/wp-json\/wp\/v2\/product_tag?post=5715"}],"curies":[{"name":"wp","href":"https:\/\/api.w.org\/{rel}","templated":true}]}}