{"id":5319,"date":"2022-12-12T18:05:24","date_gmt":"2022-12-12T17:05:24","guid":{"rendered":"https:\/\/to-moje.com\/?post_type=product&#038;p=5319"},"modified":"2025-11-28T10:21:35","modified_gmt":"2025-11-28T09:21:35","slug":"nerka-krokodyle-lzy","status":"publish","type":"product","link":"https:\/\/to-moje.com\/index.php\/produkt\/nerka-krokodyle-lzy\/","title":{"rendered":"Nerka Krokodyle \u0141zy"},"content":{"rendered":"","protected":false},"excerpt":{"rendered":"<p>Nerka wykonana z eko sk\u00f3ry odzie\u017cowej w kolorze czarnym o teksturze przypominaj\u0105cej sk\u00f3r\u0119 krokodyla. Ten pi\u0119knie po\u0142yskuj\u0105cy materia\u0142 wizualnie przypomina welur.<\/p>\n<p>Dost\u0119pna w trzech rozmiarach:<br \/>\n-XL wymiary ok 42 x 27 cm,<br \/>\n-L wymiary ok 37 x 23 cm,<br \/>\n-M wymiary ok 29 x 18 cm.<br \/>\nPomie\u015bci naprawd\u0119 wiele, \u015bwietnie sprawdzi si\u0119 w podr\u00f3\u017cy, na festiwalach czy po prostu na co dzie\u0144 je\u015bli cenisz sobie wygod\u0119 i wolne r\u0119ce.<br \/>\nW \u015brodku znajduje si\u0119 wzorzysta podszewka, a na tyle dodatkowa kiesze\u0144.<br \/>\nRegulowany pasek- d\u0142ugo\u015b\u0107 przy \u015bci\u0105gni\u0119tym pasku 70cm, a po maksymalnym rozci\u0105gni\u0119ciu 96cm-w ka\u017cdym rozmiarze pasek jest tej samej d\u0142ugo\u015bci.<\/p>\n<p>Na ostatnim zdj\u0119ciu widoczne jest por\u00f3wnanie wszystkich rozmiar\u00f3w.<br \/>\nNa pozosta\u0142ych zdj\u0119ciach wykorzystano nerk\u0119 w rozmiarze maxi.<\/p>\n","protected":false},"featured_media":5323,"comment_status":"closed","ping_status":"closed","template":"","meta":[],"product_brand":[],"product_cat":[207,105],"product_tag":[339,133,254,107,316,312,277,276,266,172,264],"class_list":{"0":"post-5319","1":"product","2":"type-product","3":"status-publish","4":"has-post-thumbnail","6":"product_cat-nerki-worki-torebki","7":"product_cat-nerki","8":"product_tag-blyszczaca-nerka","9":"product_tag-czarna-nerka","10":"product_tag-duza-nerka","11":"product_tag-nerka","12":"product_tag-nerka-na-co-dzien","13":"product_tag-nerka-na-festiwal","14":"product_tag-nerka-na-podroz","15":"product_tag-nerka-na-wakacje","16":"product_tag-nerka-na-wyjazd","17":"product_tag-nerka-z-eko-skory","18":"product_tag-pojemna-nerka","19":"pa_rozmiar-l","20":"pa_rozmiar-m","21":"pa_rozmiar-xl","23":"first","24":"instock","25":"shipping-taxable","26":"purchasable","27":"product-type-variable"},"_links":{"self":[{"href":"https:\/\/to-moje.com\/index.php\/wp-json\/wp\/v2\/product\/5319","targetHints":{"allow":["GET"]}}],"collection":[{"href":"https:\/\/to-moje.com\/index.php\/wp-json\/wp\/v2\/product"}],"about":[{"href":"https:\/\/to-moje.com\/index.php\/wp-json\/wp\/v2\/types\/product"}],"replies":[{"embeddable":true,"href":"https:\/\/to-moje.com\/index.php\/wp-json\/wp\/v2\/comments?post=5319"}],"wp:featuredmedia":[{"embeddable":true,"href":"https:\/\/to-moje.com\/index.php\/wp-json\/wp\/v2\/media\/5323"}],"wp:attachment":[{"href":"https:\/\/to-moje.com\/index.php\/wp-json\/wp\/v2\/media?parent=5319"}],"wp:term":[{"taxonomy":"product_brand","embeddable":true,"href":"https:\/\/to-moje.com\/index.php\/wp-json\/wp\/v2\/product_brand?post=5319"},{"taxonomy":"product_cat","embeddable":true,"href":"https:\/\/to-moje.com\/index.php\/wp-json\/wp\/v2\/product_cat?post=5319"},{"taxonomy":"product_tag","embeddable":true,"href":"https:\/\/to-moje.com\/index.php\/wp-json\/wp\/v2\/product_tag?post=5319"}],"curies":[{"name":"wp","href":"https:\/\/api.w.org\/{rel}","templated":true}]}}