{"id":5210,"date":"2022-11-25T00:19:19","date_gmt":"2022-11-24T23:19:19","guid":{"rendered":"https:\/\/to-moje.com\/?post_type=product&#038;p=5210"},"modified":"2025-08-09T15:17:02","modified_gmt":"2025-08-09T13:17:02","slug":"bluzka-z-kolnierzem-klasyczek","status":"publish","type":"product","link":"https:\/\/to-moje.com\/index.php\/produkt\/bluzka-z-kolnierzem-klasyczek\/","title":{"rendered":"Bluzka z ko\u0142nierzem Klasyczek"},"content":{"rendered":"","protected":false},"excerpt":{"rendered":"<p>Bluzka z ko\u0142nierzem wyko\u0144czonym delikatn\u0105 falbank\u0105.<br \/>\nWykonana w 100% z bawe\u0142ny.<br \/>\nZ ty\u0142u zapinana na ozdobny guzik.<br \/>\nDodatkowym atutem s\u0105 bufiaste, szerokie r\u0119kawy.<br \/>\nZar\u00f3wno kolor, jak i fason bluzki idealnie wpisuj\u0105 si\u0119 w aktualne trendy.<br \/>\n\u015awietnie sprawdzi si\u0119 w wielu outfitach, do jeans\u00f3w, kolorowych spodni czy sp\u00f3dnic.<br \/>\nBardzo limitowana ilo\u015b\u0107.<br \/>\nSzeroko\u015b\u0107 od pachy do pachy na p\u0142asko:<br \/>\nS- 94cm<br \/>\nM- 100cm<br \/>\nL- 106cm<br \/>\nJe\u015bli nie jeste\u015b pewna jaki rozmiar wybra\u0107, napisz mi swoje wymiary, a dopasuj\u0119 j\u0105 dla Ciebie.<br \/>\nKa\u017cda sztuka odszywana jest dopiero po z\u0142o\u017ceniu zam\u00f3wienia. Je\u015bli potrzebujesz innego rozmiaru lub koloru, napisz- uszyj\u0119 go dla Ciebie!<br \/>\nCzas realizacji to 5-7 dni roboczych.<\/p>\n","protected":false},"featured_media":5215,"comment_status":"closed","ping_status":"closed","template":"","meta":[],"product_brand":[],"product_cat":[327,15],"product_tag":[65,332,367,333,328,366,330,234,365],"class_list":{"0":"post-5210","1":"product","2":"type-product","3":"status-publish","4":"has-post-thumbnail","6":"product_cat-bluzki-koszule","7":"product_cat-akcesoria","8":"product_tag-bawelna","9":"product_tag-bawelniana-bluzka","10":"product_tag-bluzka-na-wiosne","11":"product_tag-bluzka-z-bawelny","12":"product_tag-bluzka-z-kolnierzem","13":"product_tag-bufiaste-rekawy","14":"product_tag-kolorowa-bluzka","15":"product_tag-kolnierz-z-falbanka","16":"product_tag-zielona-bluzka","17":"pa_rozmiar-l","18":"pa_rozmiar-m","19":"pa_rozmiar-s","21":"first","22":"instock","23":"shipping-taxable","24":"purchasable","25":"product-type-variable"},"_links":{"self":[{"href":"https:\/\/to-moje.com\/index.php\/wp-json\/wp\/v2\/product\/5210","targetHints":{"allow":["GET"]}}],"collection":[{"href":"https:\/\/to-moje.com\/index.php\/wp-json\/wp\/v2\/product"}],"about":[{"href":"https:\/\/to-moje.com\/index.php\/wp-json\/wp\/v2\/types\/product"}],"replies":[{"embeddable":true,"href":"https:\/\/to-moje.com\/index.php\/wp-json\/wp\/v2\/comments?post=5210"}],"wp:featuredmedia":[{"embeddable":true,"href":"https:\/\/to-moje.com\/index.php\/wp-json\/wp\/v2\/media\/5215"}],"wp:attachment":[{"href":"https:\/\/to-moje.com\/index.php\/wp-json\/wp\/v2\/media?parent=5210"}],"wp:term":[{"taxonomy":"product_brand","embeddable":true,"href":"https:\/\/to-moje.com\/index.php\/wp-json\/wp\/v2\/product_brand?post=5210"},{"taxonomy":"product_cat","embeddable":true,"href":"https:\/\/to-moje.com\/index.php\/wp-json\/wp\/v2\/product_cat?post=5210"},{"taxonomy":"product_tag","embeddable":true,"href":"https:\/\/to-moje.com\/index.php\/wp-json\/wp\/v2\/product_tag?post=5210"}],"curies":[{"name":"wp","href":"https:\/\/api.w.org\/{rel}","templated":true}]}}