{"id":3731,"date":"2022-10-24T13:02:59","date_gmt":"2022-10-24T11:02:59","guid":{"rendered":"https:\/\/to-moje.com\/?post_type=product&#038;p=3731"},"modified":"2025-02-23T18:54:49","modified_gmt":"2025-02-23T17:54:49","slug":"nerka-szalone-disco","status":"publish","type":"product","link":"https:\/\/to-moje.com\/index.php\/produkt\/nerka-szalone-disco\/","title":{"rendered":"Nerka szalone disco"},"content":{"rendered":"","protected":false},"excerpt":{"rendered":"<p>Nerka wykonana ze sk\u00f3ry ekologicznej w kolorze srebrnym. Prz\u00f3d nerki zosta\u0142 zrobiony z dw\u00f3ch warstw, na hologramowy materia\u0142 na\u0142o\u017cona zosta\u0142a przezroczysta folia.<\/p>\n<p>Dost\u0119pna w trzech rozmiarach:<br \/>\n-XL wymiary ok 42 x 27 cm,<br \/>\n-L wymiary ok 37 x 23 cm,<br \/>\n-M wymiary ok 29 x 18 cm.<br \/>\nPomie\u015bci naprawd\u0119 wiele, \u015bwietnie sprawdzi si\u0119 w podr\u00f3\u017cy, na festiwalach czy po prostu na co dzie\u0144 je\u015bli cenisz sobie wygod\u0119 i wolne r\u0119ce.<br \/>\nW \u015brodku znajduje si\u0119 wzorzysta podszewka, a na tyle dodatkowa kiesze\u0144.<br \/>\nRegulowany pasek- d\u0142ugo\u015b\u0107 przy \u015bci\u0105gni\u0119tym pasku 70cm, a po maksymalnym rozci\u0105gni\u0119ciu 96cm-w ka\u017cdym rozmiarze pasek jest tej samej d\u0142ugo\u015bci.<\/p>\n<p>Na ostatnim zdj\u0119ciu widoczne jest por\u00f3wnanie wszystkich rozmiar\u00f3w.<br \/>\nNa pozosta\u0142ych zdj\u0119ciach wykorzystano nerk\u0119 w rozmiarze maxi.<\/p>\n","protected":false},"featured_media":3735,"comment_status":"closed","ping_status":"closed","template":"","meta":[],"product_brand":[],"product_cat":[105,207,208,233],"product_tag":[339,254,284,107,316,312,277,276,266,172,176,264,274,401],"class_list":{"0":"post-3731","1":"product","2":"type-product","3":"status-publish","4":"has-post-thumbnail","6":"product_cat-nerki","7":"product_cat-nerki-worki-torebki","8":"product_cat-koszulki-bluzy-sukienki","9":"product_cat-outlet-acc","10":"product_tag-blyszczaca-nerka","11":"product_tag-duza-nerka","12":"product_tag-kolorowa-nerka","13":"product_tag-nerka","14":"product_tag-nerka-na-co-dzien","15":"product_tag-nerka-na-festiwal","16":"product_tag-nerka-na-podroz","17":"product_tag-nerka-na-wakacje","18":"product_tag-nerka-na-wyjazd","19":"product_tag-nerka-z-eko-skory","20":"product_tag-nerka-z-lateksu","21":"product_tag-pojemna-nerka","22":"product_tag-rozowa-nerka","23":"product_tag-y2k","24":"pa_rozmiar-l","25":"pa_rozmiar-m","26":"pa_rozmiar-xl","28":"first","29":"instock","30":"sale","31":"shipping-taxable","32":"purchasable","33":"product-type-variable"},"_links":{"self":[{"href":"https:\/\/to-moje.com\/index.php\/wp-json\/wp\/v2\/product\/3731","targetHints":{"allow":["GET"]}}],"collection":[{"href":"https:\/\/to-moje.com\/index.php\/wp-json\/wp\/v2\/product"}],"about":[{"href":"https:\/\/to-moje.com\/index.php\/wp-json\/wp\/v2\/types\/product"}],"replies":[{"embeddable":true,"href":"https:\/\/to-moje.com\/index.php\/wp-json\/wp\/v2\/comments?post=3731"}],"wp:featuredmedia":[{"embeddable":true,"href":"https:\/\/to-moje.com\/index.php\/wp-json\/wp\/v2\/media\/3735"}],"wp:attachment":[{"href":"https:\/\/to-moje.com\/index.php\/wp-json\/wp\/v2\/media?parent=3731"}],"wp:term":[{"taxonomy":"product_brand","embeddable":true,"href":"https:\/\/to-moje.com\/index.php\/wp-json\/wp\/v2\/product_brand?post=3731"},{"taxonomy":"product_cat","embeddable":true,"href":"https:\/\/to-moje.com\/index.php\/wp-json\/wp\/v2\/product_cat?post=3731"},{"taxonomy":"product_tag","embeddable":true,"href":"https:\/\/to-moje.com\/index.php\/wp-json\/wp\/v2\/product_tag?post=3731"}],"curies":[{"name":"wp","href":"https:\/\/api.w.org\/{rel}","templated":true}]}}