{"id":2662,"date":"2021-09-26T21:16:31","date_gmt":"2021-09-26T19:16:31","guid":{"rendered":"https:\/\/to-moje.com\/?post_type=product&#038;p=2662"},"modified":"2025-04-07T15:27:44","modified_gmt":"2025-04-07T13:27:44","slug":"nerka-latte","status":"publish","type":"product","link":"https:\/\/to-moje.com\/index.php\/produkt\/nerka-latte\/","title":{"rendered":"Nerka Latte"},"content":{"rendered":"","protected":false},"excerpt":{"rendered":"<p>Nerka wykonana z eko sk\u00f3ry odzie\u017cowej w kolorze zimnego be\u017cu.<br \/>\nDost\u0119pna w trzech rozmiarach:<br \/>\n-XL wymiary ok 42 x 27 cm,<br \/>\n-L wymiary ok 37 x 23 cm,<br \/>\n-M wymiary ok 29 x 18 cm.<br \/>\nPomie\u015bci naprawd\u0119 wiele, \u015bwietnie sprawdzi si\u0119 w podr\u00f3\u017cy, na festiwalach czy po prostu na co dzie\u0144 je\u015bli cenisz sobie wygod\u0119 i wolne r\u0119ce.<br \/>\nW \u015brodku znajduje si\u0119 wzorzysta podszewka, a na tyle dodatkowa kiesze\u0144.<br \/>\nRegulowany pasek- d\u0142ugo\u015b\u0107 przy \u015bci\u0105gni\u0119tym pasku 70cm, a po maksymalnym rozci\u0105gni\u0119ciu 96cm-w ka\u017cdym rozmiarze pasek jest tej samej d\u0142ugo\u015bci.<\/p>\n<p>Na ostatnim zdj\u0119ciu widoczne jest por\u00f3wnanie wszystkich rozmiar\u00f3w.<br \/>\nNa pozosta\u0142ych zdj\u0119ciach wykorzystano nerk\u0119 w rozmiarze maxi.<\/p>\n","protected":false},"featured_media":2744,"comment_status":"closed","ping_status":"closed","template":"","meta":[],"product_brand":[],"product_cat":[105,207],"product_tag":[297,254,107,281,266,264],"class_list":{"0":"post-2662","1":"product","2":"type-product","3":"status-publish","4":"has-post-thumbnail","6":"product_cat-nerki","7":"product_cat-nerki-worki-torebki","8":"product_tag-bezowa-nerka","9":"product_tag-duza-nerka","10":"product_tag-nerka","11":"product_tag-nerka-na-codzien","12":"product_tag-nerka-na-wyjazd","13":"product_tag-pojemna-nerka","14":"pa_rozmiar-l","15":"pa_rozmiar-m","16":"pa_rozmiar-xl","18":"first","19":"instock","20":"shipping-taxable","21":"purchasable","22":"product-type-variable"},"_links":{"self":[{"href":"https:\/\/to-moje.com\/index.php\/wp-json\/wp\/v2\/product\/2662","targetHints":{"allow":["GET"]}}],"collection":[{"href":"https:\/\/to-moje.com\/index.php\/wp-json\/wp\/v2\/product"}],"about":[{"href":"https:\/\/to-moje.com\/index.php\/wp-json\/wp\/v2\/types\/product"}],"replies":[{"embeddable":true,"href":"https:\/\/to-moje.com\/index.php\/wp-json\/wp\/v2\/comments?post=2662"}],"wp:featuredmedia":[{"embeddable":true,"href":"https:\/\/to-moje.com\/index.php\/wp-json\/wp\/v2\/media\/2744"}],"wp:attachment":[{"href":"https:\/\/to-moje.com\/index.php\/wp-json\/wp\/v2\/media?parent=2662"}],"wp:term":[{"taxonomy":"product_brand","embeddable":true,"href":"https:\/\/to-moje.com\/index.php\/wp-json\/wp\/v2\/product_brand?post=2662"},{"taxonomy":"product_cat","embeddable":true,"href":"https:\/\/to-moje.com\/index.php\/wp-json\/wp\/v2\/product_cat?post=2662"},{"taxonomy":"product_tag","embeddable":true,"href":"https:\/\/to-moje.com\/index.php\/wp-json\/wp\/v2\/product_tag?post=2662"}],"curies":[{"name":"wp","href":"https:\/\/api.w.org\/{rel}","templated":true}]}}