{"id":2585,"date":"2021-08-26T18:52:25","date_gmt":"2021-08-26T16:52:25","guid":{"rendered":"https:\/\/to-moje.com\/?post_type=product&#038;p=2585"},"modified":"2025-11-24T18:33:45","modified_gmt":"2025-11-24T17:33:45","slug":"nerka-cranberry","status":"publish","type":"product","link":"https:\/\/to-moje.com\/index.php\/produkt\/nerka-cranberry\/","title":{"rendered":"Nerka Cranberry"},"content":{"rendered":"","protected":false},"excerpt":{"rendered":"<p>Nerka wykonana z \u0142\u0105czonych materia\u0142\u00f3w.<br \/>\nPrz\u00f3d to cekiny w kolorze bordowym, pozosta\u0142e elementy to matowa czarna eko sk\u00f3ra.<br \/>\nDost\u0119pna w dw\u00f3ch rozmiarach:<br \/>\n-MAXI wymiary ok 37 x 23 cm,<br \/>\n-CLASSIC wymiary ok 29 x 18 cm.<br \/>\nPomie\u015bci naprawd\u0119 wiele, \u015bwietnie sprawdzi si\u0119 w podr\u00f3\u017cy, na festiwalach czy po prostu na co dzie\u0144 je\u015bli cenisz sobie wygod\u0119 i wolne r\u0119ce.<br \/>\nW \u015brodku znajduje si\u0119 wzorzysta podszewka, a na tyle dodatkowa kiesze\u0144.<br \/>\nRegulowany pasek- d\u0142ugo\u015b\u0107 przy \u015bci\u0105gni\u0119tym pasku 70cm, a po maksymalnym rozci\u0105gni\u0119ciu 96cm.<\/p>\n<p>Na ostatnim zdj\u0119ciu widoczne jest por\u00f3wnanie obu rozmiar\u00f3w.<br \/>\nNa pozosta\u0142ych zdj\u0119ciach wykorzystano nerk\u0119 w rozmiarze maxi.<\/p>\n","protected":false},"featured_media":2688,"comment_status":"closed","ping_status":"closed","template":"","meta":[],"product_brand":[],"product_cat":[207,105,208,233],"product_tag":[99,254,107,281,266,224],"class_list":{"0":"post-2585","1":"product","2":"type-product","3":"status-publish","4":"has-post-thumbnail","6":"product_cat-nerki-worki-torebki","7":"product_cat-nerki","8":"product_cat-koszulki-bluzy-sukienki","9":"product_cat-outlet-acc","10":"product_tag-cekiny","11":"product_tag-duza-nerka","12":"product_tag-nerka","13":"product_tag-nerka-na-codzien","14":"product_tag-nerka-na-wyjazd","15":"product_tag-nerka-z-cekinami","16":"pa_rozmiar-classic","17":"pa_rozmiar-maxi","19":"first","20":"instock","21":"sale","22":"shipping-taxable","23":"purchasable","24":"product-type-variable"},"_links":{"self":[{"href":"https:\/\/to-moje.com\/index.php\/wp-json\/wp\/v2\/product\/2585","targetHints":{"allow":["GET"]}}],"collection":[{"href":"https:\/\/to-moje.com\/index.php\/wp-json\/wp\/v2\/product"}],"about":[{"href":"https:\/\/to-moje.com\/index.php\/wp-json\/wp\/v2\/types\/product"}],"replies":[{"embeddable":true,"href":"https:\/\/to-moje.com\/index.php\/wp-json\/wp\/v2\/comments?post=2585"}],"wp:featuredmedia":[{"embeddable":true,"href":"https:\/\/to-moje.com\/index.php\/wp-json\/wp\/v2\/media\/2688"}],"wp:attachment":[{"href":"https:\/\/to-moje.com\/index.php\/wp-json\/wp\/v2\/media?parent=2585"}],"wp:term":[{"taxonomy":"product_brand","embeddable":true,"href":"https:\/\/to-moje.com\/index.php\/wp-json\/wp\/v2\/product_brand?post=2585"},{"taxonomy":"product_cat","embeddable":true,"href":"https:\/\/to-moje.com\/index.php\/wp-json\/wp\/v2\/product_cat?post=2585"},{"taxonomy":"product_tag","embeddable":true,"href":"https:\/\/to-moje.com\/index.php\/wp-json\/wp\/v2\/product_tag?post=2585"}],"curies":[{"name":"wp","href":"https:\/\/api.w.org\/{rel}","templated":true}]}}