{"id":2207,"date":"2021-02-01T17:59:55","date_gmt":"2021-02-01T16:59:55","guid":{"rendered":"http:\/\/to-moje.com\/?post_type=product&#038;p=2207"},"modified":"2026-02-22T10:34:58","modified_gmt":"2026-02-22T09:34:58","slug":"duzy-kolnierz-z-eko-skory-ecru","status":"publish","type":"product","link":"https:\/\/to-moje.com\/index.php\/produkt\/duzy-kolnierz-z-eko-skory-ecru\/","title":{"rendered":"Du\u017cy ko\u0142nierz z eko sk\u00f3ry ecru"},"content":{"rendered":"","protected":false},"excerpt":{"rendered":"<p>Du\u017cy ko\u0142nierz wykonany z \u0142\u0105czonych materia\u0142\u00f3w.<br \/>\nG\u00f3ra to eko sk\u00f3ra odzie\u017cowa w kolorze ecru (z\u0142amanej bieli). D\u00f3\u0142 natomiast to bia\u0142a tkanina bawe\u0142niana.<br \/>\nZapinany na ukryty guzik.<br \/>\nIdealny dodatek do uzupe\u0142nienia stylizacji.<\/p>\n","protected":false},"featured_media":2208,"comment_status":"closed","ping_status":"closed","template":"","meta":[],"product_brand":[],"product_cat":[198,15],"product_tag":[48,238,235,104,200,239],"class_list":{"0":"post-2207","1":"product","2":"type-product","3":"status-publish","4":"has-post-thumbnail","6":"product_cat-kolnierzyki","7":"product_cat-akcesoria","8":"product_tag-bialy","9":"product_tag-bialy-kolnierz","10":"product_tag-duzy-kolnierz","11":"product_tag-eko-skora","12":"product_tag-kolnierz","13":"product_tag-kolnierz-z-eko-skory","15":"first","16":"instock","17":"shipping-taxable","18":"purchasable","19":"product-type-simple"},"_links":{"self":[{"href":"https:\/\/to-moje.com\/index.php\/wp-json\/wp\/v2\/product\/2207","targetHints":{"allow":["GET"]}}],"collection":[{"href":"https:\/\/to-moje.com\/index.php\/wp-json\/wp\/v2\/product"}],"about":[{"href":"https:\/\/to-moje.com\/index.php\/wp-json\/wp\/v2\/types\/product"}],"replies":[{"embeddable":true,"href":"https:\/\/to-moje.com\/index.php\/wp-json\/wp\/v2\/comments?post=2207"}],"wp:featuredmedia":[{"embeddable":true,"href":"https:\/\/to-moje.com\/index.php\/wp-json\/wp\/v2\/media\/2208"}],"wp:attachment":[{"href":"https:\/\/to-moje.com\/index.php\/wp-json\/wp\/v2\/media?parent=2207"}],"wp:term":[{"taxonomy":"product_brand","embeddable":true,"href":"https:\/\/to-moje.com\/index.php\/wp-json\/wp\/v2\/product_brand?post=2207"},{"taxonomy":"product_cat","embeddable":true,"href":"https:\/\/to-moje.com\/index.php\/wp-json\/wp\/v2\/product_cat?post=2207"},{"taxonomy":"product_tag","embeddable":true,"href":"https:\/\/to-moje.com\/index.php\/wp-json\/wp\/v2\/product_tag?post=2207"}],"curies":[{"name":"wp","href":"https:\/\/api.w.org\/{rel}","templated":true}]}}