{"id":2133,"date":"2020-12-05T17:18:05","date_gmt":"2020-12-05T16:18:05","guid":{"rendered":"http:\/\/to-moje.com\/?post_type=product&#038;p=2133"},"modified":"2024-10-02T12:37:23","modified_gmt":"2024-10-02T10:37:23","slug":"nerka-maxi-goldie","status":"publish","type":"product","link":"https:\/\/to-moje.com\/index.php\/produkt\/nerka-maxi-goldie\/","title":{"rendered":"Nerka Goldie"},"content":{"rendered":"","protected":false},"excerpt":{"rendered":"<p>Nerka Goldie wi\u0119kszo\u015b\u0107 element\u00f3w wykonana z czarnej, matowej eko sk\u00f3ry, prz\u00f3d natomiast z dwukolorowych (czarno-z\u0142otych) ruchomych cekin\u00f3w.<\/p>\n<p>Dost\u0119pna w dw\u00f3ch rozmiarach:<br \/>\n-MAXI wymiary ok 37 x 23 cm,<br \/>\n-CLASSIC wymiary ok 29 x 18 cm.<br \/>\nPomie\u015bci naprawd\u0119 wiele, \u015bwietnie sprawdzi si\u0119 w podr\u00f3\u017cy, na festiwalach czy po prostu na co dzie\u0144 je\u015bli cenisz sobie wygod\u0119 i wolne r\u0119ce.<br \/>\nW \u015brodku znajduje si\u0119 wzorzysta podszewka, a na tyle dodatkowa kiesze\u0144.<br \/>\nRegulowany pasek- d\u0142ugo\u015b\u0107 przy \u015bci\u0105gni\u0119tym pasku 70cm, a po maksymalnym rozci\u0105gni\u0119ciu 96cm.<\/p>\n<p>Na ostatnim zdj\u0119ciu widoczne jest por\u00f3wnanie obu rozmiar\u00f3w.<br \/>\nNa pozosta\u0142ych zdj\u0119ciach wykorzystano nerk\u0119 w rozmiarze maxi.<\/p>\n","protected":false},"featured_media":2697,"comment_status":"closed","ping_status":"closed","template":"","meta":[],"product_brand":[],"product_cat":[105,207,208,233],"product_tag":[99,254,338,107,134,316,312,290,266,224,264,150],"class_list":{"0":"post-2133","1":"product","2":"type-product","3":"status-publish","4":"has-post-thumbnail","6":"product_cat-nerki","7":"product_cat-nerki-worki-torebki","8":"product_cat-koszulki-bluzy-sukienki","9":"product_cat-outlet-acc","10":"product_tag-cekiny","11":"product_tag-duza-nerka","12":"product_tag-duza-zlota-nerka","13":"product_tag-nerka","14":"product_tag-nerka-maxi","15":"product_tag-nerka-na-co-dzien","16":"product_tag-nerka-na-festiwal","17":"product_tag-nerka-na-impreze","18":"product_tag-nerka-na-wyjazd","19":"product_tag-nerka-z-cekinami","20":"product_tag-pojemna-nerka","21":"product_tag-zlota-nerka","22":"pa_rozmiar-classic","23":"pa_rozmiar-maxi","25":"first","26":"instock","27":"sale","28":"shipping-taxable","29":"purchasable","30":"product-type-variable"},"_links":{"self":[{"href":"https:\/\/to-moje.com\/index.php\/wp-json\/wp\/v2\/product\/2133","targetHints":{"allow":["GET"]}}],"collection":[{"href":"https:\/\/to-moje.com\/index.php\/wp-json\/wp\/v2\/product"}],"about":[{"href":"https:\/\/to-moje.com\/index.php\/wp-json\/wp\/v2\/types\/product"}],"replies":[{"embeddable":true,"href":"https:\/\/to-moje.com\/index.php\/wp-json\/wp\/v2\/comments?post=2133"}],"wp:featuredmedia":[{"embeddable":true,"href":"https:\/\/to-moje.com\/index.php\/wp-json\/wp\/v2\/media\/2697"}],"wp:attachment":[{"href":"https:\/\/to-moje.com\/index.php\/wp-json\/wp\/v2\/media?parent=2133"}],"wp:term":[{"taxonomy":"product_brand","embeddable":true,"href":"https:\/\/to-moje.com\/index.php\/wp-json\/wp\/v2\/product_brand?post=2133"},{"taxonomy":"product_cat","embeddable":true,"href":"https:\/\/to-moje.com\/index.php\/wp-json\/wp\/v2\/product_cat?post=2133"},{"taxonomy":"product_tag","embeddable":true,"href":"https:\/\/to-moje.com\/index.php\/wp-json\/wp\/v2\/product_tag?post=2133"}],"curies":[{"name":"wp","href":"https:\/\/api.w.org\/{rel}","templated":true}]}}