{"id":1807,"date":"2020-07-04T09:16:51","date_gmt":"2020-07-04T07:16:51","guid":{"rendered":"http:\/\/to-moje.com\/?post_type=product&#038;p=1807"},"modified":"2025-06-11T12:52:21","modified_gmt":"2025-06-11T10:52:21","slug":"nerka-maxi-banana","status":"publish","type":"product","link":"https:\/\/to-moje.com\/index.php\/produkt\/nerka-maxi-banana\/","title":{"rendered":"NERKA Bananowy Song"},"content":{"rendered":"","protected":false},"excerpt":{"rendered":"<p>Nerka Bananowy Song w kolorze pastelowo \u017c\u00f3\u0142tym, wykonana z matowej eko sk\u00f3ry.<\/p>\n<p>Dost\u0119pna w trzech rozmiarach:<br \/>\n-XL wymiary ok 42 x 27 cm,<br \/>\n-L wymiary ok 37 x 23 cm,<br \/>\n-M wymiary ok 29 x 18 cm.<br \/>\nPomie\u015bci naprawd\u0119 wiele, \u015bwietnie sprawdzi si\u0119 w podr\u00f3\u017cy, na festiwalach czy po prostu na co dzie\u0144 je\u015bli cenisz sobie wygod\u0119 i wolne r\u0119ce.<br \/>\nW \u015brodku znajduje si\u0119 wzorzysta podszewka, a na tyle dodatkowa kiesze\u0144.<br \/>\nRegulowany pasek- d\u0142ugo\u015b\u0107 przy \u015bci\u0105gni\u0119tym pasku 70cm, a po maksymalnym rozci\u0105gni\u0119ciu 96cm-w ka\u017cdym rozmiarze pasek jest tej samej d\u0142ugo\u015bci.<\/p>\n<p>Na ostatnim zdj\u0119ciu widoczne jest por\u00f3wnanie wszystkich rozmiar\u00f3w.<br \/>\nNa pozosta\u0142ych zdj\u0119ciach wykorzystano nerk\u0119 w rozmiarze maxi.<\/p>\n","protected":false},"featured_media":2704,"comment_status":"closed","ping_status":"closed","template":"","meta":[],"product_brand":[],"product_cat":[207,105,208,233],"product_tag":[197,334,254,284,107,134,316,312,276,266,172,275,264,269],"class_list":{"0":"post-1807","1":"product","2":"type-product","3":"status-publish","4":"has-post-thumbnail","6":"product_cat-nerki-worki-torebki","7":"product_cat-nerki","8":"product_cat-koszulki-bluzy-sukienki","9":"product_cat-outlet-acc","10":"product_tag-bananowa-nerka","11":"product_tag-duza-kolorowa-nerka","12":"product_tag-duza-nerka","13":"product_tag-kolorowa-nerka","14":"product_tag-nerka","15":"product_tag-nerka-maxi","16":"product_tag-nerka-na-co-dzien","17":"product_tag-nerka-na-festiwal","18":"product_tag-nerka-na-wakacje","19":"product_tag-nerka-na-wyjazd","20":"product_tag-nerka-z-eko-skory","21":"product_tag-pastelowa-nerka","22":"product_tag-pojemna-nerka","23":"product_tag-zolta-nerka","24":"pa_rozmiar-l","25":"pa_rozmiar-m","26":"pa_rozmiar-xl","28":"first","29":"instock","30":"sale","31":"shipping-taxable","32":"purchasable","33":"product-type-variable"},"_links":{"self":[{"href":"https:\/\/to-moje.com\/index.php\/wp-json\/wp\/v2\/product\/1807","targetHints":{"allow":["GET"]}}],"collection":[{"href":"https:\/\/to-moje.com\/index.php\/wp-json\/wp\/v2\/product"}],"about":[{"href":"https:\/\/to-moje.com\/index.php\/wp-json\/wp\/v2\/types\/product"}],"replies":[{"embeddable":true,"href":"https:\/\/to-moje.com\/index.php\/wp-json\/wp\/v2\/comments?post=1807"}],"wp:featuredmedia":[{"embeddable":true,"href":"https:\/\/to-moje.com\/index.php\/wp-json\/wp\/v2\/media\/2704"}],"wp:attachment":[{"href":"https:\/\/to-moje.com\/index.php\/wp-json\/wp\/v2\/media?parent=1807"}],"wp:term":[{"taxonomy":"product_brand","embeddable":true,"href":"https:\/\/to-moje.com\/index.php\/wp-json\/wp\/v2\/product_brand?post=1807"},{"taxonomy":"product_cat","embeddable":true,"href":"https:\/\/to-moje.com\/index.php\/wp-json\/wp\/v2\/product_cat?post=1807"},{"taxonomy":"product_tag","embeddable":true,"href":"https:\/\/to-moje.com\/index.php\/wp-json\/wp\/v2\/product_tag?post=1807"}],"curies":[{"name":"wp","href":"https:\/\/api.w.org\/{rel}","templated":true}]}}