{"id":16551,"date":"2026-04-12T18:00:00","date_gmt":"2026-04-12T16:00:00","guid":{"rendered":"https:\/\/to-moje.com\/?post_type=product&#038;p=16551"},"modified":"2026-04-12T16:58:52","modified_gmt":"2026-04-12T14:58:52","slug":"torebka-rogalik-czarna","status":"publish","type":"product","link":"https:\/\/to-moje.com\/index.php\/produkt\/torebka-rogalik-czarna\/","title":{"rendered":"Torebka Rogalik czarna"},"content":{"rendered":"","protected":false},"excerpt":{"rendered":"<p>Torebka Rogalik wykonana zosta\u0142a z jeansowej tkaniny w kolorze czarnym,<br \/>\nNiew\u0105tpliwym atutem tej torebki s\u0105 sporych rozmiar\u00f3w falbanki.<br \/>\nJest ona p\u00f3\u0142okr\u0105g\u0142a w formie, ale na tyle sporych rozmiar\u00f3w, \u017ce bez problemu pomie\u015bcisz w niej najpotrzebniejsze rzeczy!<br \/>\nW \u015brodku dodatkowo znajduj\u0105 si\u0119 dwie kieszonki, do kt\u00f3rych mo\u017cesz schowa\u0107 np. telefon czy klucze.<br \/>\nMa\u0142ym akcentem i przy okazji uk\u0142onem w stron\u0119 tomojowych fashion girls jest szlufka, kt\u00f3ra wszyta zosta\u0142a przy zamku z my\u015bl\u0105 o przypinaniu do niej ulubionych breloczk\u00f3w, dzi\u0119ki kt\u00f3rym nadasz torebce indywidualny styl.<br \/>\nZamek i pasek zosta\u0142y przeze mnie dopasowane kolorystycznie, dodatkowo pasek jest regulowany, dzi\u0119ki czemu to od Ciebie zale\u017cy w jaki spos\u00f3b b\u0119dziesz j\u0105 nosi\u0107.<\/p>\n<p>Materia\u0142 zewn\u0119trzny- 95% bawe\u0142na, 5% elastan<br \/>\nMateria\u0142 wewn\u0119trzny: 100% bawe\u0142na.<br \/>\nElementy metalowe: nikiel<\/p>\n<p>Wymiary (podawane s\u0105 najwy\u017csze warto\u015bci, bo torebka ma zaokr\u0105lony kszta\u0142t):<br \/>\nszeroko\u015b\u0107 34cm<br \/>\nwysoko\u015b\u0107 19,5cm<br \/>\ng\u0142\u0119boko\u015b\u0107 11cm<\/p>\n<p>Producent:<br \/>\nAgnieszka Rogozi\u0144ska To Moje<\/p>\n<p>*breloczek jest tylko jako pogl\u0105dowy dodatek, nie jest sprzedawany z torebk\u0105.<\/p>\n","protected":false},"featured_media":16552,"comment_status":"closed","ping_status":"closed","template":"","meta":[],"product_brand":[],"product_cat":[571,207,300],"product_tag":[842,843,841,357,305,837,301,814],"class_list":{"0":"post-16551","1":"product","2":"type-product","3":"status-publish","4":"has-post-thumbnail","6":"product_cat-nowosci","7":"product_cat-nerki-worki-torebki","8":"product_cat-torebki","9":"product_tag-czarna-jeansowa-torebka","10":"product_tag-czarna-torebka-na-ramie","11":"product_tag-czarna-torebka-z-falbanami","12":"product_tag-kolorowa-torebka","13":"product_tag-okragla-torebka","14":"product_tag-rozowa-torebka-z-falbanami","15":"product_tag-torebka-na-ramie","16":"product_tag-torebka-z-falbankami","18":"first","19":"instock","20":"shipping-taxable","21":"purchasable","22":"product-type-simple"},"_links":{"self":[{"href":"https:\/\/to-moje.com\/index.php\/wp-json\/wp\/v2\/product\/16551","targetHints":{"allow":["GET"]}}],"collection":[{"href":"https:\/\/to-moje.com\/index.php\/wp-json\/wp\/v2\/product"}],"about":[{"href":"https:\/\/to-moje.com\/index.php\/wp-json\/wp\/v2\/types\/product"}],"replies":[{"embeddable":true,"href":"https:\/\/to-moje.com\/index.php\/wp-json\/wp\/v2\/comments?post=16551"}],"wp:featuredmedia":[{"embeddable":true,"href":"https:\/\/to-moje.com\/index.php\/wp-json\/wp\/v2\/media\/16552"}],"wp:attachment":[{"href":"https:\/\/to-moje.com\/index.php\/wp-json\/wp\/v2\/media?parent=16551"}],"wp:term":[{"taxonomy":"product_brand","embeddable":true,"href":"https:\/\/to-moje.com\/index.php\/wp-json\/wp\/v2\/product_brand?post=16551"},{"taxonomy":"product_cat","embeddable":true,"href":"https:\/\/to-moje.com\/index.php\/wp-json\/wp\/v2\/product_cat?post=16551"},{"taxonomy":"product_tag","embeddable":true,"href":"https:\/\/to-moje.com\/index.php\/wp-json\/wp\/v2\/product_tag?post=16551"}],"curies":[{"name":"wp","href":"https:\/\/api.w.org\/{rel}","templated":true}]}}