{"id":16452,"date":"2026-02-27T12:00:59","date_gmt":"2026-02-27T11:00:59","guid":{"rendered":"https:\/\/to-moje.com\/?post_type=product&#038;p=16452"},"modified":"2026-04-12T17:09:13","modified_gmt":"2026-04-12T15:09:13","slug":"sukienka-przedwiosnie","status":"publish","type":"product","link":"https:\/\/to-moje.com\/index.php\/produkt\/sukienka-przedwiosnie\/","title":{"rendered":"Sukienka Przedwio\u015bnie"},"content":{"rendered":"","protected":false},"excerpt":{"rendered":"<p>Sukienka Przedwio\u015bnie to niezwykle dziewcz\u0119ca i urocza opcja na wiosn\u0119 i lato.<br \/>\nWykonana ze 100% bawe\u0142ny drukowanej w bia\u0142o niebieskie pasy, a na nich dwukolorowe tulipany.<\/p>\n<p>Tym razem na przodzie mamy jedno wi\u0105zanie i moje ukochane guziczki w kszta\u0142cie serduszek. Nie zrezygnowa\u0142am jednak z bufiastych r\u0119kaw\u00f3w zako\u0144czonych gumk\u0105.<br \/>\nNie zabrak\u0142o tu te\u017c praktycznych rozwi\u0105za\u0144, takich jak prz\u00f3d szyty z podw\u00f3jnego materia\u0142u-po to by nic nie prze\u015bwitywa\u0142o je\u015bli zdecydujesz si\u0119 j\u0105 nosi\u0107 na go\u0142e cia\u0142o, a do tego prz\u00f3d jest cz\u0119\u015bciowo zaszyty, tak by\u015b mog\u0142a za\u0142o\u017cy\u0107 pod to bielizn\u0119, je\u015bli w\u0142a\u015bnie tak wolisz \ud83d\ude42 W tylnym szwie na wysoko\u015bci talii wszy\u0142am gumk\u0119, \u017ceby sukienka by\u0142a odrobin\u0119 bardziej dopasowana, ale nadal nie kr\u0119powa\u0142a ruch\u00f3w.<\/p>\n<p>Ten model daje wiele mo\u017cliwo\u015bci stylizowania, bo za\u0142o\u017cysz j\u0105 zar\u00f3wno do klapek, sanda\u0142k\u00f3w, trampek balerinek, jak i kowbojek, czy ci\u0119\u017ckich wi\u0105zanych but\u00f3w. To od Ciebie zale\u017cy jaki klimat chcesz jej nada\u0107 \ud83d\ude42<br \/>\nJedno jest pewne-mo\u017cesz si\u0119 w niej poczu\u0107 jak ksi\u0119\u017cniczka!<\/p>\n<p>Sukienka dost\u0119pna jest w trzech rozmiarach:<br \/>\nobw\u00f3d biustu (2x szeroko\u015b\u0107 od pachy do pachy na p\u0142asko):<br \/>\nS- 98cm<br \/>\nM- 104cm<br \/>\nL- 110cm<\/p>\n<p>I dw\u00f3ch d\u0142ugo\u015bciach: MINI (ok 50cm od odci\u0119cia talii) i MIDI (ok 88cm od odci\u0119cia talii).<\/p>\n<p>Sk\u0142ad: 100% bawe\u0142na<\/p>\n<p>Wszystkie zam\u00f3wienia realizuj\u0119 na bie\u017c\u0105co. Czas realizacji w zale\u017cno\u015bci od ilo\u015bci zam\u00f3wie\u0144 to ok 10 dni roboczych.<br \/>\nJe\u015bli nie jeste\u015b pewna jaki rozmiar wybra\u0107, potrzebujesz innego rozmiaru lub masz jakiekolwiek pytania napisz do mnie maila: shop.tomoje@gmail.com lub odezwij si\u0119 na instagramie (to_moje)-pomog\u0119 \ud83d\ude42<\/p>\n<p>Ja mam 174cm wzrostu i nosz\u0119 rozmiar L.<\/p>\n<p>Producent: Agnieszka Rogozi\u0144ska To Moje<\/p>\n","protected":false},"featured_media":16459,"comment_status":"closed","ping_status":"closed","template":"","meta":[],"product_brand":[],"product_cat":[215,15],"product_tag":[259,740,243,655,675,240,678,371,835,574,672,674],"class_list":{"0":"post-16452","1":"product","2":"type-product","3":"status-publish","4":"has-post-thumbnail","6":"product_cat-sukienki","7":"product_cat-akcesoria","8":"product_tag-bawelniana-sukienka","9":"product_tag-kolorowa-sukienka-we-wzory","10":"product_tag-letnia-sukienka","11":"product_tag-naturalny-sklad","12":"product_tag-romantyczna-sukienka","13":"product_tag-sukienka-na-lato","14":"product_tag-sukienka-na-wesele","15":"product_tag-sukienka-w-kwiaty","16":"product_tag-sukienka-w-paski","17":"product_tag-sukienka-we-wzory","18":"product_tag-sukienka-z-bufiastymi-rekawami","19":"product_tag-wiazana-sukienka","20":"pa_rozmiar-l","21":"pa_rozmiar-m","22":"pa_rozmiar-s","24":"first","25":"outofstock","26":"shipping-taxable","27":"purchasable","28":"product-type-variable"},"_links":{"self":[{"href":"https:\/\/to-moje.com\/index.php\/wp-json\/wp\/v2\/product\/16452","targetHints":{"allow":["GET"]}}],"collection":[{"href":"https:\/\/to-moje.com\/index.php\/wp-json\/wp\/v2\/product"}],"about":[{"href":"https:\/\/to-moje.com\/index.php\/wp-json\/wp\/v2\/types\/product"}],"replies":[{"embeddable":true,"href":"https:\/\/to-moje.com\/index.php\/wp-json\/wp\/v2\/comments?post=16452"}],"wp:featuredmedia":[{"embeddable":true,"href":"https:\/\/to-moje.com\/index.php\/wp-json\/wp\/v2\/media\/16459"}],"wp:attachment":[{"href":"https:\/\/to-moje.com\/index.php\/wp-json\/wp\/v2\/media?parent=16452"}],"wp:term":[{"taxonomy":"product_brand","embeddable":true,"href":"https:\/\/to-moje.com\/index.php\/wp-json\/wp\/v2\/product_brand?post=16452"},{"taxonomy":"product_cat","embeddable":true,"href":"https:\/\/to-moje.com\/index.php\/wp-json\/wp\/v2\/product_cat?post=16452"},{"taxonomy":"product_tag","embeddable":true,"href":"https:\/\/to-moje.com\/index.php\/wp-json\/wp\/v2\/product_tag?post=16452"}],"curies":[{"name":"wp","href":"https:\/\/api.w.org\/{rel}","templated":true}]}}