{"id":16444,"date":"2026-02-27T12:00:57","date_gmt":"2026-02-27T11:00:57","guid":{"rendered":"https:\/\/to-moje.com\/?post_type=product&#038;p=16444"},"modified":"2026-04-12T17:09:22","modified_gmt":"2026-04-12T15:09:22","slug":"koszula-po-prostu-biala","status":"publish","type":"product","link":"https:\/\/to-moje.com\/index.php\/produkt\/koszula-po-prostu-biala\/","title":{"rendered":"Koszula Po Prostu Bia\u0142a"},"content":{"rendered":"","protected":false},"excerpt":{"rendered":"<p>Koszula Po Prostu Bia\u0142a wykonana zosta\u0142a z przyjemnej w odczuciu bia\u0142ej popeliny bawe\u0142nianej.<\/p>\n<p>Ten model to niejako kolejna wariacja na temat baskinki, kt\u00f3ra ju\u017c wielokrotnie pojawia\u0142a si\u0119 w moich projektach.<br \/>\nDekolt V podkre\u015blony zosta\u0142 ko\u0142nierzem z ty\u0142u nieco w marynarskim &#8222;kwadratowym&#8221; stylu, obszytym rzecz jasna falbank\u0105. Dodatkowym uroczym elementem jest wi\u0105zanie przy dekolcie-kokardki zawsze dodaj\u0105 troch\u0119 s\u0142odyczy.<\/p>\n<p>Ten kr\u00f3j to propozycja dla fanek oversize, lu\u017any kr\u00f3j, obni\u017cona linia ramion, lu\u017ana baskinka i niezmiennie bufiaste r\u0119kawy zako\u0144czone gumk\u0105 i falbank\u0105-dzi\u0119ki temu d\u0142ugo\u015b\u0107 r\u0119kawa mo\u017cna sobie regulowa\u0107. Jest na luzie, ale nadal bardzo dziewcz\u0119co.<\/p>\n<p>Sk\u0142ad 100% bawe\u0142na.<\/p>\n<p>Wymiary:<br \/>\nS szeroko\u015b\u0107 (od pachy do pachy) 52cm, d\u0142ugo\u015b\u0107 68cm<br \/>\nM szeroko\u015b\u0107 (od pachy do pachy) 58cm, d\u0142ugo\u015b\u0107 69cm<br \/>\nL szeroko\u015b\u0107 (od pachy do pachy) 63cm, d\u0142ugo\u015b\u0107 70cm<\/p>\n<p>Je\u017celi potrzebujesz dodatkowych wymiar\u00f3w, innego rozmiaru lub chcesz o cokolwiek zapyta\u0107 to pisz \u015bmia\u0142o! Najlepiej na shop@to-moje.com lub na instagramie: to_moje<\/p>\n<p>Mam 174 cm wzrostu i na zdj\u0119ciach mam na sobie rozmiar L.<\/p>\n<p>WA\u017bNE! Ka\u017cde zam\u00f3wienie szyj\u0119 na bie\u017c\u0105co, co oznacza, \u017ce czas jego realizacji jest nieco wyd\u0142u\u017cony i przewa\u017cnie to ok 10 dni roboczych, ale mo\u017ce on ulec zmianie.<\/p>\n<p>Producent: Agnieszka Rogozi\u0144ska To Moje<\/p>\n","protected":false},"featured_media":16448,"comment_status":"closed","ping_status":"closed","template":"","meta":[],"product_brand":[],"product_cat":[327,15],"product_tag":[794,834,591,796,797,509,792,589,402,795],"class_list":{"0":"post-16444","1":"product","2":"type-product","3":"status-publish","4":"has-post-thumbnail","6":"product_cat-bluzki-koszule","7":"product_cat-akcesoria","8":"product_tag-bawelniana-koszula","9":"product_tag-biala-koszula-oversize","10":"product_tag-biala-koszula-z-kolnierzem","11":"product_tag-casualowa-koszula","12":"product_tag-dziewczeca-koszula","13":"product_tag-koszula-na-co-dzien","14":"product_tag-koszula-oversize","15":"product_tag-koszula-z-baskinka","16":"product_tag-koszula-z-kolnierzem","17":"product_tag-luzna-koszula-z-kolnierzem","19":"first","20":"instock","21":"shipping-taxable","22":"purchasable","23":"product-type-variable"},"_links":{"self":[{"href":"https:\/\/to-moje.com\/index.php\/wp-json\/wp\/v2\/product\/16444","targetHints":{"allow":["GET"]}}],"collection":[{"href":"https:\/\/to-moje.com\/index.php\/wp-json\/wp\/v2\/product"}],"about":[{"href":"https:\/\/to-moje.com\/index.php\/wp-json\/wp\/v2\/types\/product"}],"replies":[{"embeddable":true,"href":"https:\/\/to-moje.com\/index.php\/wp-json\/wp\/v2\/comments?post=16444"}],"wp:featuredmedia":[{"embeddable":true,"href":"https:\/\/to-moje.com\/index.php\/wp-json\/wp\/v2\/media\/16448"}],"wp:attachment":[{"href":"https:\/\/to-moje.com\/index.php\/wp-json\/wp\/v2\/media?parent=16444"}],"wp:term":[{"taxonomy":"product_brand","embeddable":true,"href":"https:\/\/to-moje.com\/index.php\/wp-json\/wp\/v2\/product_brand?post=16444"},{"taxonomy":"product_cat","embeddable":true,"href":"https:\/\/to-moje.com\/index.php\/wp-json\/wp\/v2\/product_cat?post=16444"},{"taxonomy":"product_tag","embeddable":true,"href":"https:\/\/to-moje.com\/index.php\/wp-json\/wp\/v2\/product_tag?post=16444"}],"curies":[{"name":"wp","href":"https:\/\/api.w.org\/{rel}","templated":true}]}}