{"id":16263,"date":"2026-01-19T19:31:19","date_gmt":"2026-01-19T18:31:19","guid":{"rendered":"https:\/\/to-moje.com\/?post_type=product&#038;p=16263"},"modified":"2026-02-04T18:22:39","modified_gmt":"2026-02-04T17:22:39","slug":"nerka-bordowa-slodzinka","status":"publish","type":"product","link":"https:\/\/to-moje.com\/index.php\/produkt\/nerka-bordowa-slodzinka\/","title":{"rendered":"Nerka Bordowa S\u0142odzinka"},"content":{"rendered":"","protected":false},"excerpt":{"rendered":"<p>Nerka wykonana zosta\u0142a z denimu w kolorze bordowym.<br \/>\nJest to uniwersalny i ponadczasowy materia\u0142, kt\u00f3ry sprawdzi si\u0119 w wielu stylizacjach. W \u0142atwy spos\u00f3b mo\u017cna j\u0105 te\u017c sobie spersonalizowa\u0107 ozdabiaj\u0105c j\u0105 np. pinami, kt\u00f3re staj\u0105 si\u0119 coraz bardziej modne!<br \/>\nW tym modelu doda\u0142am te\u017c urocz\u0105 i szerok\u0105 falbank\u0119, kt\u00f3ra sta\u0142a si\u0119 ciekawym i dziewcz\u0119cym akcentem.<\/p>\n<p>Sk\u0142ad:<br \/>\ntkanina zewn\u0119trzna: 100% bawe\u0142na<br \/>\npodszewka: 100% wiskoza<\/p>\n<p>Dost\u0119pna w trzech rozmiarach do wyboru:<br \/>\n-XL wymiary ok 42 x 27 cm,<br \/>\n-L wymiary ok 37 x 23 cm,<br \/>\n-M wymiary ok 29 x 18 cm.<\/p>\n<p>Pomie\u015bci naprawd\u0119 wiele, \u015bwietnie sprawdzi si\u0119 w podr\u00f3\u017cy, na festiwalach czy po prostu na co dzie\u0144 je\u015bli cenisz sobie wygod\u0119 i wolne r\u0119ce.<br \/>\nW \u015brodku znajduje si\u0119 podszewka kolorystycznie dopasowana do zewn\u0119trznej tkaniny, a na tyle dodatkowa kiesze\u0144.<br \/>\nRegulowany pasek- d\u0142ugo\u015b\u0107 przy \u015bci\u0105gni\u0119tym pasku 70cm, a po maksymalnym rozci\u0105gni\u0119ciu 96cm-w ka\u017cdym rozmiarze pasek jest tej samej d\u0142ugo\u015bci (do ca\u0142kowitego obwodu nale\u017cy doda\u0107 wielko\u015b\u0107 nerki).<br \/>\nNa zdj\u0119ciach mam na sobie rozmiar L.<\/p>\n<p>Producent: To Moje Agnieszka Rogozi\u0144ska<\/p>\n","protected":false},"featured_media":16267,"comment_status":"closed","ping_status":"closed","template":"","meta":[],"product_brand":[],"product_cat":[105,207],"product_tag":[135,811,254,227,284,316,312,290,567,266,569,810,264],"class_list":{"0":"post-16263","1":"product","2":"type-product","3":"status-publish","4":"has-post-thumbnail","6":"product_cat-nerki","7":"product_cat-nerki-worki-torebki","8":"product_tag-bordowa-nerka","9":"product_tag-denimowa-nerka","10":"product_tag-duza-nerka","11":"product_tag-jeansowa-nerka","12":"product_tag-kolorowa-nerka","13":"product_tag-nerka-na-co-dzien","14":"product_tag-nerka-na-festiwal","15":"product_tag-nerka-na-impreze","16":"product_tag-nerka-na-koncert","17":"product_tag-nerka-na-wyjazd","18":"product_tag-nerka-to-moje","19":"product_tag-nerka-z-falbanka","20":"product_tag-pojemna-nerka","21":"pa_rozmiar-l","22":"pa_rozmiar-m","23":"pa_rozmiar-xl","25":"first","26":"instock","27":"shipping-taxable","28":"purchasable","29":"product-type-variable"},"_links":{"self":[{"href":"https:\/\/to-moje.com\/index.php\/wp-json\/wp\/v2\/product\/16263","targetHints":{"allow":["GET"]}}],"collection":[{"href":"https:\/\/to-moje.com\/index.php\/wp-json\/wp\/v2\/product"}],"about":[{"href":"https:\/\/to-moje.com\/index.php\/wp-json\/wp\/v2\/types\/product"}],"replies":[{"embeddable":true,"href":"https:\/\/to-moje.com\/index.php\/wp-json\/wp\/v2\/comments?post=16263"}],"wp:featuredmedia":[{"embeddable":true,"href":"https:\/\/to-moje.com\/index.php\/wp-json\/wp\/v2\/media\/16267"}],"wp:attachment":[{"href":"https:\/\/to-moje.com\/index.php\/wp-json\/wp\/v2\/media?parent=16263"}],"wp:term":[{"taxonomy":"product_brand","embeddable":true,"href":"https:\/\/to-moje.com\/index.php\/wp-json\/wp\/v2\/product_brand?post=16263"},{"taxonomy":"product_cat","embeddable":true,"href":"https:\/\/to-moje.com\/index.php\/wp-json\/wp\/v2\/product_cat?post=16263"},{"taxonomy":"product_tag","embeddable":true,"href":"https:\/\/to-moje.com\/index.php\/wp-json\/wp\/v2\/product_tag?post=16263"}],"curies":[{"name":"wp","href":"https:\/\/api.w.org\/{rel}","templated":true}]}}