{"id":16183,"date":"2025-12-06T19:26:05","date_gmt":"2025-12-06T18:26:05","guid":{"rendered":"https:\/\/to-moje.com\/?post_type=product&#038;p=16183"},"modified":"2026-01-14T17:53:54","modified_gmt":"2026-01-14T16:53:54","slug":"nerka-gambit","status":"publish","type":"product","link":"https:\/\/to-moje.com\/index.php\/produkt\/nerka-gambit\/","title":{"rendered":"Nerka Gambit"},"content":{"rendered":"","protected":false},"excerpt":{"rendered":"<p>Nerka wykonana zosta\u0142a z fuksjowego mi\u0119kkiego i przyjemnego w dotyku materia\u0142u o strukturze tzw. baranka zmiksowanego z futerkiem, co daje 3d efekt.<\/p>\n<p>Sk\u0142ad:<br \/>\ntkanina zewn\u0119trzna: 100% poliester,<br \/>\npodszewka: 100% bawe\u0142na<\/p>\n<p>Dost\u0119pna w dw\u00f3ch rozmiarach:<br \/>\n-XL wymiary ok 42 x 27 cm,<br \/>\n-L wymiary ok 37 x 23 cm,<\/p>\n<p>Pomie\u015bci naprawd\u0119 wiele, \u015bwietnie sprawdzi si\u0119 w podr\u00f3\u017cy, na festiwalach czy po prostu na co dzie\u0144 je\u015bli cenisz sobie wygod\u0119 i wolne r\u0119ce.<br \/>\nW \u015brodku znajduje si\u0119 podszewka kolorystycznie dopasowana do zewn\u0119trznej tkaniny, a na tyle dodatkowa kiesze\u0144. Tutaj te\u017c staram si\u0119 wykorzysta\u0107 ko\u0144c\u00f3wki tkanin jakie mi zosta\u0142y.<br \/>\nRegulowany pasek- d\u0142ugo\u015b\u0107 przy \u015bci\u0105gni\u0119tym pasku 70cm, a po maksymalnym rozci\u0105gni\u0119ciu 96cm-w ka\u017cdym rozmiarze pasek jest tej samej d\u0142ugo\u015bci (do ca\u0142kowitego obwodu nale\u017cy doda\u0107 wielko\u015b\u0107 nerki).<\/p>\n<p>Producent: To Moje Agnieszka Rogozi\u0144ska<\/p>\n","protected":false},"featured_media":16186,"comment_status":"closed","ping_status":"closed","template":"","meta":[],"product_brand":[],"product_cat":[105,207],"product_tag":[254,734,284,316,312,290,567,266,569,735,568,264],"class_list":{"0":"post-16183","1":"product","2":"type-product","3":"status-publish","4":"has-post-thumbnail","6":"product_cat-nerki","7":"product_cat-nerki-worki-torebki","8":"product_tag-duza-nerka","9":"product_tag-futrzana-nerka","10":"product_tag-kolorowa-nerka","11":"product_tag-nerka-na-co-dzien","12":"product_tag-nerka-na-festiwal","13":"product_tag-nerka-na-impreze","14":"product_tag-nerka-na-koncert","15":"product_tag-nerka-na-wyjazd","16":"product_tag-nerka-to-moje","17":"product_tag-nerka-w-szachownice","18":"product_tag-nerka-we-wzory","19":"product_tag-pojemna-nerka","20":"pa_rozmiar-l","21":"pa_rozmiar-m","22":"pa_rozmiar-xl","24":"first","25":"instock","26":"shipping-taxable","27":"purchasable","28":"product-type-variable"},"_links":{"self":[{"href":"https:\/\/to-moje.com\/index.php\/wp-json\/wp\/v2\/product\/16183","targetHints":{"allow":["GET"]}}],"collection":[{"href":"https:\/\/to-moje.com\/index.php\/wp-json\/wp\/v2\/product"}],"about":[{"href":"https:\/\/to-moje.com\/index.php\/wp-json\/wp\/v2\/types\/product"}],"replies":[{"embeddable":true,"href":"https:\/\/to-moje.com\/index.php\/wp-json\/wp\/v2\/comments?post=16183"}],"wp:featuredmedia":[{"embeddable":true,"href":"https:\/\/to-moje.com\/index.php\/wp-json\/wp\/v2\/media\/16186"}],"wp:attachment":[{"href":"https:\/\/to-moje.com\/index.php\/wp-json\/wp\/v2\/media?parent=16183"}],"wp:term":[{"taxonomy":"product_brand","embeddable":true,"href":"https:\/\/to-moje.com\/index.php\/wp-json\/wp\/v2\/product_brand?post=16183"},{"taxonomy":"product_cat","embeddable":true,"href":"https:\/\/to-moje.com\/index.php\/wp-json\/wp\/v2\/product_cat?post=16183"},{"taxonomy":"product_tag","embeddable":true,"href":"https:\/\/to-moje.com\/index.php\/wp-json\/wp\/v2\/product_tag?post=16183"}],"curies":[{"name":"wp","href":"https:\/\/api.w.org\/{rel}","templated":true}]}}