{"id":16068,"date":"2025-11-20T20:40:26","date_gmt":"2025-11-20T19:40:26","guid":{"rendered":"https:\/\/to-moje.com\/?post_type=product&#038;p=16068"},"modified":"2026-02-12T21:54:31","modified_gmt":"2026-02-12T20:54:31","slug":"koszula-klasyczne-kropki","status":"publish","type":"product","link":"https:\/\/to-moje.com\/index.php\/produkt\/koszula-klasyczne-kropki\/","title":{"rendered":"Koszula Klasyczne Kropki"},"content":{"rendered":"","protected":false},"excerpt":{"rendered":"<p>Koszula Klasyczne Kropki zosta\u0142a wykonana z bia\u0142ej popeliny bawe\u0142nianej drukowanej w czarne nieregulane kropki.<\/p>\n<p>Ten model to kwintesencja uroku-wi\u0105zanie pod szyj\u0105, kt\u00f3re zastosowa\u0142am po raz kolejny w takiej formie w swoim projekcie, jest mocno powracaj\u0105cym do \u0142ask trendem i \u015bwietn\u0105 alternatyw\u0105 dla ko\u0142nierzyka. Jednak niew\u0105tpliwie najwi\u0119kszym atutem koszuli s\u0105 bardzo obszerne, bufiaste r\u0119kawy, z obni\u017con\u0105 lini\u0105 pachy i mankietami wyko\u0144czonymi gumk\u0105 i falbank\u0105.<\/p>\n<p>Jest to koszula o lu\u017anym kroju, nieco bardziej oversize. To \u015bwietna propozycja zar\u00f3wno do biura i bardziej formalnych outfit\u00f3w, jak i na co dzie\u0144 po prostu do d\u017cins\u00f3w, czy sp\u00f3dnic.<\/p>\n<p>Wymiary (obw\u00f3d biustu):<br \/>\nS- 105 cm<br \/>\nM- 115 cm<br \/>\nL- 125 cm<\/p>\n<p>Sk\u0142ad: 100% bawe\u0142na<\/p>\n<p>Wszystkie zam\u00f3wienia realizuj\u0119 na bie\u017c\u0105co. Czas realizacji to ok 10 dni roboczych.<br \/>\nJe\u015bli nie jeste\u015b pewna jaki rozmiar wybra\u0107 lub masz jakiekolwiek pytania napisz do mnie maila lub odezwij si\u0119 na instagramie:to_moje-pomog\u0119 \ud83d\ude42<\/p>\n<p>Mam 174 cm wzrostu i nosz\u0119 rozmiar L.<\/p>\n<p>Producent: Agnieszka Rogozi\u0144ska To Moje<\/p>\n","protected":false},"featured_media":16072,"comment_status":"open","ping_status":"closed","template":"","meta":[],"product_brand":[],"product_cat":[327,15],"product_tag":[507,366,380,505,510,509,800,545,513,512],"class_list":{"0":"post-16068","1":"product","2":"type-product","3":"status-publish","4":"has-post-thumbnail","6":"product_cat-bluzki-koszule","7":"product_cat-akcesoria","8":"product_tag-baweniana-koszula","9":"product_tag-bufiaste-rekawy","10":"product_tag-kolorowa-koszula","11":"product_tag-koszula","12":"product_tag-koszula-dla-niej","13":"product_tag-koszula-na-co-dzien","14":"product_tag-koszula-w-kropki","15":"product_tag-koszula-z-wiazaniem-pod-szyja","16":"product_tag-luzna-koszula","17":"product_tag-rozpinana-koszula","18":"pa_rozmiar-l","19":"pa_rozmiar-m","20":"pa_rozmiar-s","22":"first","23":"instock","24":"shipping-taxable","25":"purchasable","26":"product-type-variable"},"_links":{"self":[{"href":"https:\/\/to-moje.com\/index.php\/wp-json\/wp\/v2\/product\/16068","targetHints":{"allow":["GET"]}}],"collection":[{"href":"https:\/\/to-moje.com\/index.php\/wp-json\/wp\/v2\/product"}],"about":[{"href":"https:\/\/to-moje.com\/index.php\/wp-json\/wp\/v2\/types\/product"}],"replies":[{"embeddable":true,"href":"https:\/\/to-moje.com\/index.php\/wp-json\/wp\/v2\/comments?post=16068"}],"wp:featuredmedia":[{"embeddable":true,"href":"https:\/\/to-moje.com\/index.php\/wp-json\/wp\/v2\/media\/16072"}],"wp:attachment":[{"href":"https:\/\/to-moje.com\/index.php\/wp-json\/wp\/v2\/media?parent=16068"}],"wp:term":[{"taxonomy":"product_brand","embeddable":true,"href":"https:\/\/to-moje.com\/index.php\/wp-json\/wp\/v2\/product_brand?post=16068"},{"taxonomy":"product_cat","embeddable":true,"href":"https:\/\/to-moje.com\/index.php\/wp-json\/wp\/v2\/product_cat?post=16068"},{"taxonomy":"product_tag","embeddable":true,"href":"https:\/\/to-moje.com\/index.php\/wp-json\/wp\/v2\/product_tag?post=16068"}],"curies":[{"name":"wp","href":"https:\/\/api.w.org\/{rel}","templated":true}]}}