{"id":15217,"date":"2025-02-03T18:55:45","date_gmt":"2025-02-03T17:55:45","guid":{"rendered":"https:\/\/to-moje.com\/?post_type=product&#038;p=15217"},"modified":"2025-05-29T19:27:59","modified_gmt":"2025-05-29T17:27:59","slug":"nerka-ksiezycowy-pyl","status":"publish","type":"product","link":"https:\/\/to-moje.com\/index.php\/produkt\/nerka-ksiezycowy-pyl\/","title":{"rendered":"Nerka Ksi\u0119\u017cycowy Py\u0142"},"content":{"rendered":"","protected":false},"excerpt":{"rendered":"<p>Nerka wykonana z grubszej tkaniny przypominaj\u0105cej jeans po\u0142yskuj\u0105cej na r\u00f3\u017cowo. Popularno\u015b\u0107 metalicznych tkanin nie s\u0142abnie. Zatem je\u015bli tak jak ja jeste\u015b srok\u0105 i lubisz b\u0142yskotki, to ta nerka mo\u017ce by\u0107 dla Ciebie idealnym wyborem.<\/p>\n<p>Sk\u0142ad:<br \/>\ntkanina zewn\u0119trzna: 70% bawe\u0142na, 28% poliester, 2% elastan<br \/>\npodszewka: 100% poliester<\/p>\n<p>Dost\u0119pna w trzech rozmiarach:<br \/>\n-XL wymiary ok 42 x 27 cm,<br \/>\n-L wymiary ok 37 x 23 cm,<br \/>\n-M wymiary ok 29 x 18 cm.<br \/>\nPomie\u015bci naprawd\u0119 wiele, \u015bwietnie sprawdzi si\u0119 w podr\u00f3\u017cy, na festiwalach czy po prostu na co dzie\u0144 je\u015bli cenisz sobie wygod\u0119 i wolne r\u0119ce.<br \/>\nW \u015brodku znajduje si\u0119 wzorzysta podszewka, a na tyle dodatkowa kiesze\u0144.<br \/>\nRegulowany pasek- d\u0142ugo\u015b\u0107 przy \u015bci\u0105gni\u0119tym pasku 70cm, a po maksymalnym rozci\u0105gni\u0119ciu 96cm-w ka\u017cdym rozmiarze pasek jest tej samej d\u0142ugo\u015bci (do d\u0142ugo\u015bci paska nale\u017cy doda\u0107 wielko\u015b\u0107 nerki, by uzyska\u0107 ca\u0142kowity obw\u00f3d).<\/p>\n<p>Na ostatnim zdj\u0119ciu widoczne jest por\u00f3wnanie wszystkich rozmiar\u00f3w.<br \/>\nNa pozosta\u0142ych zdj\u0119ciach wykorzystano nerk\u0119 w rozmiarze L.<\/p>\n","protected":false},"featured_media":15221,"comment_status":"closed","ping_status":"closed","template":"","meta":[],"product_brand":[],"product_cat":[105,207],"product_tag":[339,254,284,316,312,290,567,266,569,264,274],"class_list":{"0":"post-15217","1":"product","2":"type-product","3":"status-publish","4":"has-post-thumbnail","6":"product_cat-nerki","7":"product_cat-nerki-worki-torebki","8":"product_tag-blyszczaca-nerka","9":"product_tag-duza-nerka","10":"product_tag-kolorowa-nerka","11":"product_tag-nerka-na-co-dzien","12":"product_tag-nerka-na-festiwal","13":"product_tag-nerka-na-impreze","14":"product_tag-nerka-na-koncert","15":"product_tag-nerka-na-wyjazd","16":"product_tag-nerka-to-moje","17":"product_tag-pojemna-nerka","18":"product_tag-rozowa-nerka","19":"pa_rozmiar-l","20":"pa_rozmiar-m","21":"pa_rozmiar-xl","23":"first","24":"instock","25":"shipping-taxable","26":"purchasable","27":"product-type-variable"},"_links":{"self":[{"href":"https:\/\/to-moje.com\/index.php\/wp-json\/wp\/v2\/product\/15217","targetHints":{"allow":["GET"]}}],"collection":[{"href":"https:\/\/to-moje.com\/index.php\/wp-json\/wp\/v2\/product"}],"about":[{"href":"https:\/\/to-moje.com\/index.php\/wp-json\/wp\/v2\/types\/product"}],"replies":[{"embeddable":true,"href":"https:\/\/to-moje.com\/index.php\/wp-json\/wp\/v2\/comments?post=15217"}],"wp:featuredmedia":[{"embeddable":true,"href":"https:\/\/to-moje.com\/index.php\/wp-json\/wp\/v2\/media\/15221"}],"wp:attachment":[{"href":"https:\/\/to-moje.com\/index.php\/wp-json\/wp\/v2\/media?parent=15217"}],"wp:term":[{"taxonomy":"product_brand","embeddable":true,"href":"https:\/\/to-moje.com\/index.php\/wp-json\/wp\/v2\/product_brand?post=15217"},{"taxonomy":"product_cat","embeddable":true,"href":"https:\/\/to-moje.com\/index.php\/wp-json\/wp\/v2\/product_cat?post=15217"},{"taxonomy":"product_tag","embeddable":true,"href":"https:\/\/to-moje.com\/index.php\/wp-json\/wp\/v2\/product_tag?post=15217"}],"curies":[{"name":"wp","href":"https:\/\/api.w.org\/{rel}","templated":true}]}}