{"id":15212,"date":"2025-02-03T18:53:26","date_gmt":"2025-02-03T17:53:26","guid":{"rendered":"https:\/\/to-moje.com\/?post_type=product&#038;p=15212"},"modified":"2026-01-02T14:46:19","modified_gmt":"2026-01-02T13:46:19","slug":"nerka-szach-mat-fioletowa","status":"publish","type":"product","link":"https:\/\/to-moje.com\/index.php\/produkt\/nerka-szach-mat-fioletowa\/","title":{"rendered":"Nerka Szach-Mat Fioletowa"},"content":{"rendered":"","protected":false},"excerpt":{"rendered":"<p>Nerka wykonana zosta\u0142a z mi\u0119kkiego i przyjemnego w dotyku materia\u0142u o strukturze tzw. baranka w kolorze fioletowo-br\u0105zowym.<br \/>\nPowsta\u0142a ona z ko\u0144c\u00f3wki materia\u0142u, kt\u00f3ra zosta\u0142a mi po krojeniu kamizelek, jest to m\u00f3j spos\u00f3b na maksymalne wykorzystanie materia\u0142u, dlatego te\u017c ilo\u015b\u0107 ich jest ograniczona.<\/p>\n<p>Sk\u0142ad:<br \/>\ntkanina zewn\u0119trzna: 100% poliester,<br \/>\npodszewka: 100% poliester.<\/p>\n<p>Dost\u0119pna w dw\u00f3ch rozmiarach:<br \/>\n-XL wymiary ok 42 x 27 cm,<br \/>\n-L wymiary ok 37 x 23 cm,<\/p>\n<p>Pomie\u015bci naprawd\u0119 wiele, \u015bwietnie sprawdzi si\u0119 w podr\u00f3\u017cy, na festiwalach czy po prostu na co dzie\u0144 je\u015bli cenisz sobie wygod\u0119 i wolne r\u0119ce.<br \/>\nW \u015brodku znajduje si\u0119 jednolita podszewka kolorystycznie dopasowana do zewn\u0119trznej tkaniny, a na tyle dodatkowa kiesze\u0144.<br \/>\nRegulowany pasek- d\u0142ugo\u015b\u0107 przy \u015bci\u0105gni\u0119tym pasku 70cm, a po maksymalnym rozci\u0105gni\u0119ciu 96cm-w ka\u017cdym rozmiarze pasek jest tej samej d\u0142ugo\u015bci (do ca\u0142kowitego obwodu nale\u017cy doda\u0107 wielko\u015b\u0107 nerki).<\/p>\n<p>&nbsp;<\/p>\n","protected":false},"featured_media":15215,"comment_status":"closed","ping_status":"closed","template":"","meta":[],"product_brand":[],"product_cat":[207,105],"product_tag":[254,167,734,284,316,312,290,567,266,569,735,568,264],"class_list":{"0":"post-15212","1":"product","2":"type-product","3":"status-publish","4":"has-post-thumbnail","6":"product_cat-nerki-worki-torebki","7":"product_cat-nerki","8":"product_tag-duza-nerka","9":"product_tag-fioletowa-nerka","10":"product_tag-futrzana-nerka","11":"product_tag-kolorowa-nerka","12":"product_tag-nerka-na-co-dzien","13":"product_tag-nerka-na-festiwal","14":"product_tag-nerka-na-impreze","15":"product_tag-nerka-na-koncert","16":"product_tag-nerka-na-wyjazd","17":"product_tag-nerka-to-moje","18":"product_tag-nerka-w-szachownice","19":"product_tag-nerka-we-wzory","20":"product_tag-pojemna-nerka","21":"pa_rozmiar-l","22":"pa_rozmiar-m","23":"pa_rozmiar-xl","25":"first","26":"instock","27":"shipping-taxable","28":"purchasable","29":"product-type-variable"},"_links":{"self":[{"href":"https:\/\/to-moje.com\/index.php\/wp-json\/wp\/v2\/product\/15212","targetHints":{"allow":["GET"]}}],"collection":[{"href":"https:\/\/to-moje.com\/index.php\/wp-json\/wp\/v2\/product"}],"about":[{"href":"https:\/\/to-moje.com\/index.php\/wp-json\/wp\/v2\/types\/product"}],"replies":[{"embeddable":true,"href":"https:\/\/to-moje.com\/index.php\/wp-json\/wp\/v2\/comments?post=15212"}],"wp:featuredmedia":[{"embeddable":true,"href":"https:\/\/to-moje.com\/index.php\/wp-json\/wp\/v2\/media\/15215"}],"wp:attachment":[{"href":"https:\/\/to-moje.com\/index.php\/wp-json\/wp\/v2\/media?parent=15212"}],"wp:term":[{"taxonomy":"product_brand","embeddable":true,"href":"https:\/\/to-moje.com\/index.php\/wp-json\/wp\/v2\/product_brand?post=15212"},{"taxonomy":"product_cat","embeddable":true,"href":"https:\/\/to-moje.com\/index.php\/wp-json\/wp\/v2\/product_cat?post=15212"},{"taxonomy":"product_tag","embeddable":true,"href":"https:\/\/to-moje.com\/index.php\/wp-json\/wp\/v2\/product_tag?post=15212"}],"curies":[{"name":"wp","href":"https:\/\/api.w.org\/{rel}","templated":true}]}}