{"id":15017,"date":"2024-11-27T20:21:25","date_gmt":"2024-11-27T19:21:25","guid":{"rendered":"https:\/\/to-moje.com\/?post_type=product&#038;p=15017"},"modified":"2026-02-17T10:55:00","modified_gmt":"2026-02-17T09:55:00","slug":"kolnierzyk-zauroczenie","status":"publish","type":"product","link":"https:\/\/to-moje.com\/index.php\/produkt\/kolnierzyk-zauroczenie\/","title":{"rendered":"Ko\u0142nierzyk Zauroczenie"},"content":{"rendered":"","protected":false},"excerpt":{"rendered":"<p>Wi\u0105zany ko\u0142nierzyk wykonany z bia\u0142ej tkaniny bawe\u0142nianej w delikatne czerwone serduszka.<br \/>\nWyko\u0144czony urocz\u0105 falbank\u0105.<br \/>\nKo\u0142nierzyk wyst\u0119puje w jednym rozmiarze.<br \/>\nTo \u015bwietny dodatek do outfitu, wystarczy za\u0142o\u017cy\u0107 go do t-shirta, bluzy, czy sweterka by nada\u0107 swojej stylizacji zupe\u0142nie inny charakter.<\/p>\n<p>Sk\u0142ad: 100% bawe\u0142na.<\/p>\n<p>Czas realizacji to ok 5-7 dni roboczych, mo\u017ce si\u0119 on zmieni\u0107 w zale\u017cno\u015bci od ilo\u015bci zam\u00f3wie\u0144.<br \/>\nKolory na zdj\u0119ciu mog\u0105 si\u0119 r\u00f3\u017cni\u0107 od tych w rzeczywisto\u015bci.<br \/>\nJe\u015bli nie jeste\u015b pewien\/pewna wyboru i masz jakie\u015b pytania, napisz do mnie maila lub odwezwij si\u0119 na instagramie to_moje \ud83d\ude42<\/p>\n","protected":false},"featured_media":15019,"comment_status":"closed","ping_status":"closed","template":"","meta":[],"product_brand":[],"product_cat":[198,15],"product_tag":[576,588,558,557,200,556,199,721,587,717],"class_list":{"0":"post-15017","1":"product","2":"type-product","3":"status-publish","4":"has-post-thumbnail","6":"product_cat-kolnierzyki","7":"product_cat-akcesoria","8":"product_tag-bawelniany-kolnierzyk","9":"product_tag-bialy-kolnierzyk","10":"product_tag-kolorowe-akcesoria","11":"product_tag-kolorowy-kolnierzyk","12":"product_tag-kolnierz","13":"product_tag-kolnierz-z-bawelny","14":"product_tag-kolnierzyk","15":"product_tag-kolnierzyk-w-serduszka","16":"product_tag-kolnierzyk-z-falbanka","17":"product_tag-wiazany-kolnierzyk","19":"first","20":"outofstock","21":"shipping-taxable","22":"purchasable","23":"product-type-simple"},"_links":{"self":[{"href":"https:\/\/to-moje.com\/index.php\/wp-json\/wp\/v2\/product\/15017","targetHints":{"allow":["GET"]}}],"collection":[{"href":"https:\/\/to-moje.com\/index.php\/wp-json\/wp\/v2\/product"}],"about":[{"href":"https:\/\/to-moje.com\/index.php\/wp-json\/wp\/v2\/types\/product"}],"replies":[{"embeddable":true,"href":"https:\/\/to-moje.com\/index.php\/wp-json\/wp\/v2\/comments?post=15017"}],"wp:featuredmedia":[{"embeddable":true,"href":"https:\/\/to-moje.com\/index.php\/wp-json\/wp\/v2\/media\/15019"}],"wp:attachment":[{"href":"https:\/\/to-moje.com\/index.php\/wp-json\/wp\/v2\/media?parent=15017"}],"wp:term":[{"taxonomy":"product_brand","embeddable":true,"href":"https:\/\/to-moje.com\/index.php\/wp-json\/wp\/v2\/product_brand?post=15017"},{"taxonomy":"product_cat","embeddable":true,"href":"https:\/\/to-moje.com\/index.php\/wp-json\/wp\/v2\/product_cat?post=15017"},{"taxonomy":"product_tag","embeddable":true,"href":"https:\/\/to-moje.com\/index.php\/wp-json\/wp\/v2\/product_tag?post=15017"}],"curies":[{"name":"wp","href":"https:\/\/api.w.org\/{rel}","templated":true}]}}