{"id":14846,"date":"2024-10-14T18:00:11","date_gmt":"2024-10-14T16:00:11","guid":{"rendered":"https:\/\/to-moje.com\/?post_type=product&#038;p=14846"},"modified":"2025-10-26T14:47:28","modified_gmt":"2025-10-26T13:47:28","slug":"dwustronna-kamizelka-we-wzory","status":"publish","type":"product","link":"https:\/\/to-moje.com\/index.php\/produkt\/dwustronna-kamizelka-we-wzory\/","title":{"rendered":"Dwustronna Kamizelka we wzory"},"content":{"rendered":"","protected":false},"excerpt":{"rendered":"<p>Ta kamizelka wykonana zosta\u0142a z dwustronnie pikowanej bawe\u0142ny.<br \/>\nKamizelki w takim stylu ju\u017c od jakiego\u015b czasu widuje si\u0119 na wielu profilach fashionistek, ale tak\u017ce np. na ulicach Kopenhagi. To \u015bwietny element uzupe\u0142niaj\u0105cy stylizacj\u0119 lub super opcja dla zmar\u017aluch\u00f3w.<\/p>\n<p>Ten projekt jest niezwykle uniwersalny, nie do\u015b\u0107, \u017ce jest dwustronny, co ju\u017c daje nam 2 razy wi\u0119cej mo\u017cliwo\u015bci stylizacyjnych, to po prostu \u015bwietnie sprawdzi si\u0119 w outfitach z sukienkami czy koszulami, kt\u00f3re znajdziesz na mojej stronie. Narzucona na oversizowy t-shirt do jeans\u00f3w te\u017c b\u0119dzie wygl\u0105da\u0107 \u015bwietnie. Wczesn\u0105 wiosn\u0105 lub jesieni\u0105 kamizelk\u0119 mo\u017cesz narzuci\u0107 te\u017c na wierzch trencza, co da dodatkow\u0105 warstw\u0119 w te nie najcieplejsze dni.<\/p>\n<p>Kamizelka zapinana jest na 3 urocze guziki w kszta\u0142cie serca.<br \/>\nKieszenie i guziki znajduj\u0105 si\u0119 tylko po jednej stronie.<\/p>\n<p>W galerii znajdziesz 3 wersj\u0119 do wyboru- w notatce do zam\u00f3wienia daj zna\u0107 kt\u00f3ry wz\u00f3r ma by\u0107 docelowo tym wierzchnim. Nie mo\u017cna miesza\u0107 ze sob\u0105 wzor\u00f3w-tkaniny s\u0105 ju\u017c przepikowane, nie robi\u0119 tego sama.<\/p>\n<p>Sk\u0142ad obu tkanin to 100% bawe\u0142na.<br \/>\nPomi\u0119dzy dwoma warstwami bawe\u0142ny znajduje si\u0119 owata o grubo\u015bci 80g\/m2-poliester.<\/p>\n<p>Jest to model o rozlu\u017anionym kroju, dlatego wyst\u0119puje w dw\u00f3ch \u0142\u0105czonych rozmiarach:<br \/>\nS\/M szeroko\u015b\u0107 (na p\u0142asko od pachy do pachy) 55cm, d\u0142ugo\u015b\u0107 od linii ramion 68cm<br \/>\nL\/XL szeroko\u015b\u0107 (na p\u0142asko od pachy do pachy) 63cm, d\u0142ugo\u015b\u0107 od linii ramion 68cm.<\/p>\n<p>Je\u015bli nie wiesz jaki rozmiar wybra\u0107 lub potrzebujesz innego rozmiaru, napisz do mnie! Naj\u0142atwiej skontaktowa\u0107 si\u0119 ze mn\u0105 przez instagram to_moje lub maila shop.tomoje@gmail.com<\/p>\n<p>Czas realizacji to ok 10-14 dni roboczych (mo\u017ce on ulec zmianie), je\u015bli potrzebujesz by Twoje zam\u00f3wienie by\u0142o zrealizowane na konkretny termin, daj mi zna\u0107!<\/p>\n<p>Mam 174cm wzrostu i na zdj\u0119ciach mam na sobie rozmiar L\/XL.<\/p>\n","protected":false},"featured_media":14853,"comment_status":"closed","ping_status":"closed","template":"","meta":[],"product_brand":[],"product_cat":[627,15],"product_tag":[706,626,703,705,625,621,620,704],"class_list":{"0":"post-14846","1":"product","2":"type-product","3":"status-publish","4":"has-post-thumbnail","6":"product_cat-kamizelki","7":"product_cat-akcesoria","8":"product_tag-bawelniana-kamizelka","9":"product_tag-dwustronna-kamizelka","10":"product_tag-kamizelka-w-kwiaty","11":"product_tag-kamizelka-we-wzory","12":"product_tag-kamizelka-z-kieszeniami","13":"product_tag-kolorowa-kamizelka","14":"product_tag-pikowana-kamizelka","15":"product_tag-zapinana-kamizelka","17":"first","18":"outofstock","19":"shipping-taxable","20":"purchasable","21":"product-type-variable"},"_links":{"self":[{"href":"https:\/\/to-moje.com\/index.php\/wp-json\/wp\/v2\/product\/14846","targetHints":{"allow":["GET"]}}],"collection":[{"href":"https:\/\/to-moje.com\/index.php\/wp-json\/wp\/v2\/product"}],"about":[{"href":"https:\/\/to-moje.com\/index.php\/wp-json\/wp\/v2\/types\/product"}],"replies":[{"embeddable":true,"href":"https:\/\/to-moje.com\/index.php\/wp-json\/wp\/v2\/comments?post=14846"}],"wp:featuredmedia":[{"embeddable":true,"href":"https:\/\/to-moje.com\/index.php\/wp-json\/wp\/v2\/media\/14853"}],"wp:attachment":[{"href":"https:\/\/to-moje.com\/index.php\/wp-json\/wp\/v2\/media?parent=14846"}],"wp:term":[{"taxonomy":"product_brand","embeddable":true,"href":"https:\/\/to-moje.com\/index.php\/wp-json\/wp\/v2\/product_brand?post=14846"},{"taxonomy":"product_cat","embeddable":true,"href":"https:\/\/to-moje.com\/index.php\/wp-json\/wp\/v2\/product_cat?post=14846"},{"taxonomy":"product_tag","embeddable":true,"href":"https:\/\/to-moje.com\/index.php\/wp-json\/wp\/v2\/product_tag?post=14846"}],"curies":[{"name":"wp","href":"https:\/\/api.w.org\/{rel}","templated":true}]}}