{"id":1467,"date":"2020-02-23T21:30:19","date_gmt":"2020-02-23T20:30:19","guid":{"rendered":"http:\/\/to-moje.com\/?post_type=product&#038;p=1467"},"modified":"2025-04-07T15:30:19","modified_gmt":"2025-04-07T13:30:19","slug":"nerka-maxi-pink","status":"publish","type":"product","link":"https:\/\/to-moje.com\/index.php\/produkt\/nerka-maxi-pink\/","title":{"rendered":"Nerka Cukiereczek"},"content":{"rendered":"","protected":false},"excerpt":{"rendered":"<p>Nerka wykonana z lateksu w kolorze intensywnego r\u00f3\u017cu.<br \/>\nDost\u0119pna w trzech rozmiarach:<br \/>\n-XL wymiary ok 42 x 27 cm,<br \/>\n-L wymiary ok 37 x 23 cm,<br \/>\n-M wymiary ok 29 x 18 cm.<br \/>\nPomie\u015bci naprawd\u0119 wiele, \u015bwietnie sprawdzi si\u0119 w podr\u00f3\u017cy, na festiwalach czy po prostu na co dzie\u0144 je\u015bli cenisz sobie wygod\u0119 i wolne r\u0119ce.<br \/>\nW \u015brodku znajduje si\u0119 wzorzysta podszewka, a na tyle dodatkowa kiesze\u0144.<br \/>\nRegulowany pasek- d\u0142ugo\u015b\u0107 przy \u015bci\u0105gni\u0119tym pasku 70cm, a po maksymalnym rozci\u0105gni\u0119ciu 96cm-w ka\u017cdym rozmiarze pasek jest tej samej d\u0142ugo\u015bci.<\/p>\n<p>Na ostatnim zdj\u0119ciu widoczne jest por\u00f3wnanie wszystkich rozmiar\u00f3w.<br \/>\nNa pozosta\u0142ych zdj\u0119ciach wykorzystano nerk\u0119 w rozmiarze maxi.<\/p>\n","protected":false},"featured_media":2824,"comment_status":"closed","ping_status":"closed","template":"","meta":[],"product_brand":[],"product_cat":[207,105],"product_tag":[339,334,254,284,107,314,162,134,316,312,290,276,266,280,274],"class_list":{"0":"post-1467","1":"product","2":"type-product","3":"status-publish","4":"has-post-thumbnail","6":"product_cat-nerki-worki-torebki","7":"product_cat-nerki","8":"product_tag-blyszczaca-nerka","9":"product_tag-duza-kolorowa-nerka","10":"product_tag-duza-nerka","11":"product_tag-kolorowa-nerka","12":"product_tag-nerka","13":"product_tag-nerka-lateks","14":"product_tag-nerka-lateksowa","15":"product_tag-nerka-maxi","16":"product_tag-nerka-na-co-dzien","17":"product_tag-nerka-na-festiwal","18":"product_tag-nerka-na-impreze","19":"product_tag-nerka-na-wakacje","20":"product_tag-nerka-na-wyjazd","21":"product_tag-nerka-xl","22":"product_tag-rozowa-nerka","23":"product_shipping_class-nerki","24":"pa_rozmiar-l","25":"pa_rozmiar-m","26":"pa_rozmiar-xl","28":"first","29":"instock","30":"shipping-taxable","31":"purchasable","32":"product-type-variable"},"_links":{"self":[{"href":"https:\/\/to-moje.com\/index.php\/wp-json\/wp\/v2\/product\/1467","targetHints":{"allow":["GET"]}}],"collection":[{"href":"https:\/\/to-moje.com\/index.php\/wp-json\/wp\/v2\/product"}],"about":[{"href":"https:\/\/to-moje.com\/index.php\/wp-json\/wp\/v2\/types\/product"}],"replies":[{"embeddable":true,"href":"https:\/\/to-moje.com\/index.php\/wp-json\/wp\/v2\/comments?post=1467"}],"wp:featuredmedia":[{"embeddable":true,"href":"https:\/\/to-moje.com\/index.php\/wp-json\/wp\/v2\/media\/2824"}],"wp:attachment":[{"href":"https:\/\/to-moje.com\/index.php\/wp-json\/wp\/v2\/media?parent=1467"}],"wp:term":[{"taxonomy":"product_brand","embeddable":true,"href":"https:\/\/to-moje.com\/index.php\/wp-json\/wp\/v2\/product_brand?post=1467"},{"taxonomy":"product_cat","embeddable":true,"href":"https:\/\/to-moje.com\/index.php\/wp-json\/wp\/v2\/product_cat?post=1467"},{"taxonomy":"product_tag","embeddable":true,"href":"https:\/\/to-moje.com\/index.php\/wp-json\/wp\/v2\/product_tag?post=1467"}],"curies":[{"name":"wp","href":"https:\/\/api.w.org\/{rel}","templated":true}]}}