{"id":14469,"date":"2024-09-04T12:00:05","date_gmt":"2024-09-04T10:00:05","guid":{"rendered":"https:\/\/to-moje.com\/?post_type=product&#038;p=14469"},"modified":"2025-08-18T12:44:46","modified_gmt":"2025-08-18T10:44:46","slug":"sukienka-ogrodniczka-rozowe-szalenstwo","status":"publish","type":"product","link":"https:\/\/to-moje.com\/index.php\/produkt\/sukienka-ogrodniczka-rozowe-szalenstwo\/","title":{"rendered":"Sukienka Ogrodniczka R\u00f3\u017cowe Szale\u0144stwo"},"content":{"rendered":"","protected":false},"excerpt":{"rendered":"<p>Sukienka Ogrodniczka R\u00f3\u017cowe Szale\u0144stwo wykonana z bawe\u0142ny jeansowej w kolorze r\u00f3\u017cowym drukowanej w ornamentalne kwiatki. Jest to niezwykle urocza propozycja, nie tylko na wiosn\u0119 i lato, ale tak\u017ce na ch\u0142odniejsze miesi\u0105ce. Sprawdzi si\u0119 \u015bwietnie zar\u00f3wno z t-shirtami, koszulami czy cienkim sweterkiem.<\/p>\n<p>Na przodzie sukienki znajduje si\u0119 kieszonka w kszta\u0142cie serca.<br \/>\nMotyw serca pojawia si\u0119 te\u017c w postaci guzik\u00f3w, kt\u00f3re znajduj\u0105 si\u0119 po bokach sukienki.<br \/>\nWi\u0105zane rami\u0105czka daj\u0105 mo\u017cliwo\u015b\u0107 dopasowania d\u0142ugos\u0107i.<\/p>\n<p>Wymiary:<br \/>\nS\/M szeroko\u015b\u0107 bioder 52cm, d\u0142ugo\u015b\u0107 bez wi\u0105zania 72cm.<br \/>\nL\/XL szeroko\u015b\u0107 bioder 57cm, d\u0142ugo\u015b\u0107 bez wi\u0105zania 74cm.<\/p>\n<p>Sk\u0142ad: 95% bawe\u0142na, 5% elastan.<\/p>\n<p>Czas realizacji w zale\u017cno\u015bci od ilo\u015bci zam\u00f3wie\u0144 wynosi ok 7-10 dni roboczych i mo\u017ce ulec zmianie.<br \/>\nJe\u015bli nie wiesz jaki rozmiar wybra\u0107, lub potrzebujesz innego rozmiaru napisz do mnie! Ch\u0119tnie pomog\u0119:)<\/p>\n<p>Mam 174cm wzrostu i na zdj\u0119ciach mam rozmiar L\/XL.<\/p>\n","protected":false},"featured_media":14472,"comment_status":"closed","ping_status":"closed","template":"","meta":[],"product_brand":[],"product_cat":[208,397],"product_tag":[683,451,395,681,615,686],"class_list":{"0":"post-14469","1":"product","2":"type-product","3":"status-publish","4":"has-post-thumbnail","6":"product_cat-koszulki-bluzy-sukienki","7":"product_cat-sukienki-i-bluzki","8":"product_tag-jeansowa-sukienka","9":"product_tag-kolorowa-sukienka","10":"product_tag-rozowa-sukienka","11":"product_tag-sukienka-ogrodniczka","12":"product_tag-sukienka-w-kwiatki","13":"product_tag-sukienka-z-wiazaniami","15":"first","16":"instock","17":"sale","18":"shipping-taxable","19":"purchasable","20":"product-type-variable"},"_links":{"self":[{"href":"https:\/\/to-moje.com\/index.php\/wp-json\/wp\/v2\/product\/14469","targetHints":{"allow":["GET"]}}],"collection":[{"href":"https:\/\/to-moje.com\/index.php\/wp-json\/wp\/v2\/product"}],"about":[{"href":"https:\/\/to-moje.com\/index.php\/wp-json\/wp\/v2\/types\/product"}],"replies":[{"embeddable":true,"href":"https:\/\/to-moje.com\/index.php\/wp-json\/wp\/v2\/comments?post=14469"}],"wp:featuredmedia":[{"embeddable":true,"href":"https:\/\/to-moje.com\/index.php\/wp-json\/wp\/v2\/media\/14472"}],"wp:attachment":[{"href":"https:\/\/to-moje.com\/index.php\/wp-json\/wp\/v2\/media?parent=14469"}],"wp:term":[{"taxonomy":"product_brand","embeddable":true,"href":"https:\/\/to-moje.com\/index.php\/wp-json\/wp\/v2\/product_brand?post=14469"},{"taxonomy":"product_cat","embeddable":true,"href":"https:\/\/to-moje.com\/index.php\/wp-json\/wp\/v2\/product_cat?post=14469"},{"taxonomy":"product_tag","embeddable":true,"href":"https:\/\/to-moje.com\/index.php\/wp-json\/wp\/v2\/product_tag?post=14469"}],"curies":[{"name":"wp","href":"https:\/\/api.w.org\/{rel}","templated":true}]}}