{"id":14378,"date":"2024-09-04T12:00:56","date_gmt":"2024-09-04T10:00:56","guid":{"rendered":"https:\/\/to-moje.com\/?post_type=product&#038;p=14378"},"modified":"2026-01-29T15:32:05","modified_gmt":"2026-01-29T14:32:05","slug":"sukienka-namiastka-toskanii","status":"publish","type":"product","link":"https:\/\/to-moje.com\/index.php\/produkt\/sukienka-namiastka-toskanii\/","title":{"rendered":"Sukienka Namiastka Toskanii"},"content":{"rendered":"","protected":false},"excerpt":{"rendered":"<p>Sukienka Namiastka Toskanii, to propozycja dla tych o duszy romantyczki, ale nie tylko!<br \/>\nTo niezwykle dziewcz\u0119ca i urocza opcja na lato.<br \/>\nWykonana ze 100% bawe\u0142ny w kolorze bia\u0142ym zadrukowanej w delikatne fioletowe kwiatki.<\/p>\n<p>To te\u017c przy okazji moja kolejna wariacja na temat wi\u0105zanych dekolt\u00f3w i szerokich bufiastych r\u0119kaw\u00f3w. Czy oszala\u0142am na ich punkcie? By\u0107 mo\u017ce \ud83d\ude42<br \/>\nNie zabrak\u0142o tu te\u017c praktycznych rozwi\u0105za\u0144, takich jak prz\u00f3d szyty z podw\u00f3jnego materia\u0142u-po to by nic nie prze\u015bwitywa\u0142o je\u015bli zdecydujesz si\u0119 j\u0105 nosi\u0107 na go\u0142e cia\u0142o, a do tego prz\u00f3d jest cz\u0119\u015bciowo zaszyty, tak by\u015b mog\u0142a za\u0142o\u017cy\u0107 pod to bielizn\u0119, je\u015bli w\u0142a\u015bnie tak wolisz \ud83d\ude42<br \/>\nDodatkowo w tylnej cz\u0119\u015bci w odci\u0119ciu znajduje si\u0119 gumka, kt\u00f3ra lepiej dopasuje t\u0119 cz\u0119\u015b\u0107 sukienki do Twojego cia\u0142a.<br \/>\nTen model daje wiele mo\u017cliwo\u015bci stylizowania, bo za\u0142o\u017cysz j\u0105 zar\u00f3wno do klapek, sanda\u0142k\u00f3w, trampek, jak i kowbojek, czy ci\u0119\u017ckich wi\u0105zanych but\u00f3w. To od Ciebie zale\u017cy jaki klimat chcesz jej nada\u0107 \ud83d\ude42<\/p>\n<p>Sukienka dost\u0119pna jest w dw\u00f3ch d\u0142ugo\u015bciach do wyboru- kr\u00f3tkiej (d\u0142ugo\u015b\u0107 od odci\u0119cia to ok 53cm)\u00a0 i midi ( d\u0142ugo\u015b\u0107 od odci\u0119cia to ok 88cm), oraz w trzech rozmiarach-<br \/>\nobw\u00f3d biustu (2x szeroko\u015b\u0107 od pachy do pachy na p\u0142asko):<br \/>\nS- 98cm<br \/>\nM- 104cm<br \/>\nL- 110cm<\/p>\n<p>Sk\u0142ad: 100% bawe\u0142na<\/p>\n<p>Wszystkie zam\u00f3wienia realizuj\u0119 na bie\u017c\u0105co. Czas realizacji w zale\u017cno\u015bci od ilo\u015bci zam\u00f3wie\u0144 to ok 10 dni roboczych.<br \/>\nJe\u015bli nie jeste\u015b pewna jaki rozmiar wybra\u0107, potrzebujesz innego rozmiaru lub masz jakiekolwiek pytania napisz do mnie maila: shop.tomoje@gmail.com lub odezwij si\u0119 na instagramie (to_moje)-pomog\u0119 \ud83d\ude42<\/p>\n<p>Ja mam 174cm wzrostu i nosz\u0119 rozmiar L.<\/p>\n","protected":false},"featured_media":14385,"comment_status":"closed","ping_status":"closed","template":"","meta":[],"product_brand":[],"product_cat":[208,397],"product_tag":[259,670,676,243,655,675,240,615,672,673,674],"class_list":{"0":"post-14378","1":"product","2":"type-product","3":"status-publish","4":"has-post-thumbnail","6":"product_cat-koszulki-bluzy-sukienki","7":"product_cat-sukienki-i-bluzki","8":"product_tag-bawelniana-sukienka","9":"product_tag-biala-sukienka","10":"product_tag-biala-sukienka-w-kwiatki","11":"product_tag-letnia-sukienka","12":"product_tag-naturalny-sklad","13":"product_tag-romantyczna-sukienka","14":"product_tag-sukienka-na-lato","15":"product_tag-sukienka-w-kwiatki","16":"product_tag-sukienka-z-bufiastymi-rekawami","17":"product_tag-sukienka-z-wiazaniem","18":"product_tag-wiazana-sukienka","19":"pa_rozmiar-l","20":"pa_rozmiar-m","21":"pa_rozmiar-s","23":"first","24":"instock","25":"sale","26":"shipping-taxable","27":"purchasable","28":"product-type-variable"},"_links":{"self":[{"href":"https:\/\/to-moje.com\/index.php\/wp-json\/wp\/v2\/product\/14378","targetHints":{"allow":["GET"]}}],"collection":[{"href":"https:\/\/to-moje.com\/index.php\/wp-json\/wp\/v2\/product"}],"about":[{"href":"https:\/\/to-moje.com\/index.php\/wp-json\/wp\/v2\/types\/product"}],"replies":[{"embeddable":true,"href":"https:\/\/to-moje.com\/index.php\/wp-json\/wp\/v2\/comments?post=14378"}],"wp:featuredmedia":[{"embeddable":true,"href":"https:\/\/to-moje.com\/index.php\/wp-json\/wp\/v2\/media\/14385"}],"wp:attachment":[{"href":"https:\/\/to-moje.com\/index.php\/wp-json\/wp\/v2\/media?parent=14378"}],"wp:term":[{"taxonomy":"product_brand","embeddable":true,"href":"https:\/\/to-moje.com\/index.php\/wp-json\/wp\/v2\/product_brand?post=14378"},{"taxonomy":"product_cat","embeddable":true,"href":"https:\/\/to-moje.com\/index.php\/wp-json\/wp\/v2\/product_cat?post=14378"},{"taxonomy":"product_tag","embeddable":true,"href":"https:\/\/to-moje.com\/index.php\/wp-json\/wp\/v2\/product_tag?post=14378"}],"curies":[{"name":"wp","href":"https:\/\/api.w.org\/{rel}","templated":true}]}}