{"id":14240,"date":"2024-06-07T10:00:43","date_gmt":"2024-06-07T08:00:43","guid":{"rendered":"https:\/\/to-moje.com\/?post_type=product&#038;p=14240"},"modified":"2026-03-25T16:31:36","modified_gmt":"2026-03-25T15:31:36","slug":"koszula-wakacyjne-szalenstwo","status":"publish","type":"product","link":"https:\/\/to-moje.com\/index.php\/produkt\/koszula-wakacyjne-szalenstwo\/","title":{"rendered":"Koszula Wakacyjne Szale\u0144stwo"},"content":{"rendered":"","protected":false},"excerpt":{"rendered":"<p>Koszula Wakacyjne Szale\u0144stwo jest \u015bwietn\u0105 propozycj\u0105 na lato.<br \/>\nDlaczego? Ju\u017c t\u0142umacz\u0119!<br \/>\nPo pierwsze-naturalny sk\u0142ad!<br \/>\n67% wiskoza, 30% len, 3 % elastan<\/p>\n<p>Taki sk\u0142ad zapewni komfort dla Twojego cia\u0142a nawet w mega upalny dzie\u0144!<\/p>\n<p>Po drugie modny, ale i ponadczasowy kr\u00f3j. Wi\u0105zania w tym sezonie niew\u0105tpliwie wiod\u0105 prym i w og\u00f3le mnie to nie dziwi, bo to naprawd\u0119 bardzo uroczy i dziewcz\u0119cy element. W tym projekcie nie mog\u0142o te\u017c zabrakn\u0105\u0107 chyba w jaki\u015b spos\u00f3b charakterystycznych ju\u017c dla mnie bufiastych r\u0119kaw\u00f3w. Tym razem zako\u0144czonych gumk\u0105, co daje te\u017c mo\u017cliwo\u015b\u0107 regulowania ich d\u0142ugo\u015bci.<\/p>\n<p>Po trzecie uniwersalno\u015b\u0107! To koszula, kt\u00f3ra nie tylko rewelacyjnie wygl\u0105da\u0107 b\u0119dzie w komplecie ze spodniami Wakacyjne Szale\u0144stwo, ale tak\u017ce z wieloma elementami Twojej garderoby-na pewno znajdziesz w niej jakie\u015b spodnie, sp\u00f3dnic\u0119 czy szorty, z kt\u00f3rymi mo\u017cesz j\u0105 zestawi\u0107. To te\u017c super opcja do noszenia jako narzutka np. na str\u00f3j k\u0105pielowy czy top.<\/p>\n<p>Wymiary (obw\u00f3d biustu):<br \/>\nS- 105 cm<br \/>\nM- 115 cm<br \/>\nL- 125 cm<\/p>\n<p>D\u0142ugo\u015b\u0107 ok 55cm.<br \/>\nD\u0142ugo\u015b\u0107 r\u0119kawa ok 63cm.<\/p>\n<p>Je\u015bli potrzebujesz innego rozmiaru, koloru czy po prostu masz pytanie-napisz do mnie! Najlepiej na IG to_moje lub na maila shop.tomoje@gmail.com ch\u0119tnie pomog\u0119 \ud83d\ude42<\/p>\n<p>Mam 174cm wzrostu i na zdj\u0119ciach mam na sobie rozmiar L.<\/p>\n<p>Producent: Agnieszka Rogozi\u0144ska To Moje<\/p>\n","protected":false},"featured_media":14691,"comment_status":"closed","ping_status":"closed","template":"","meta":[],"product_brand":[],"product_cat":[327,15],"product_tag":[657,454,695,366,439,654,380,696,530,655,452,644,416],"class_list":{"0":"post-14240","1":"product","2":"type-product","3":"status-publish","4":"has-post-thumbnail","6":"product_cat-bluzki-koszule","7":"product_cat-akcesoria","8":"product_tag-bezowa-koszula","9":"product_tag-biala-koszula","10":"product_tag-bordowa-koszula","11":"product_tag-bufiaste-rekawy","12":"product_tag-czarna-koszula","13":"product_tag-gladka-koszula","14":"product_tag-kolorowa-koszula","15":"product_tag-koszula-khaki","16":"product_tag-lniana-koszula","17":"product_tag-naturalny-sklad","18":"product_tag-rozowa-koszula","19":"product_tag-wiazana-koszula","20":"product_tag-zielona-koszula","21":"pa_rozmiar-l","22":"pa_rozmiar-m","23":"pa_rozmiar-s","25":"first","26":"instock","27":"shipping-taxable","28":"purchasable","29":"product-type-variable"},"_links":{"self":[{"href":"https:\/\/to-moje.com\/index.php\/wp-json\/wp\/v2\/product\/14240","targetHints":{"allow":["GET"]}}],"collection":[{"href":"https:\/\/to-moje.com\/index.php\/wp-json\/wp\/v2\/product"}],"about":[{"href":"https:\/\/to-moje.com\/index.php\/wp-json\/wp\/v2\/types\/product"}],"replies":[{"embeddable":true,"href":"https:\/\/to-moje.com\/index.php\/wp-json\/wp\/v2\/comments?post=14240"}],"wp:featuredmedia":[{"embeddable":true,"href":"https:\/\/to-moje.com\/index.php\/wp-json\/wp\/v2\/media\/14691"}],"wp:attachment":[{"href":"https:\/\/to-moje.com\/index.php\/wp-json\/wp\/v2\/media?parent=14240"}],"wp:term":[{"taxonomy":"product_brand","embeddable":true,"href":"https:\/\/to-moje.com\/index.php\/wp-json\/wp\/v2\/product_brand?post=14240"},{"taxonomy":"product_cat","embeddable":true,"href":"https:\/\/to-moje.com\/index.php\/wp-json\/wp\/v2\/product_cat?post=14240"},{"taxonomy":"product_tag","embeddable":true,"href":"https:\/\/to-moje.com\/index.php\/wp-json\/wp\/v2\/product_tag?post=14240"}],"curies":[{"name":"wp","href":"https:\/\/api.w.org\/{rel}","templated":true}]}}