{"id":14231,"date":"2024-06-07T10:00:11","date_gmt":"2024-06-07T08:00:11","guid":{"rendered":"https:\/\/to-moje.com\/?post_type=product&#038;p=14231"},"modified":"2025-06-17T14:47:13","modified_gmt":"2025-06-17T12:47:13","slug":"koszula-sielskie-wakacje","status":"publish","type":"product","link":"https:\/\/to-moje.com\/index.php\/produkt\/koszula-sielskie-wakacje\/","title":{"rendered":"Koszula Sielskie Wakacje"},"content":{"rendered":"","protected":false},"excerpt":{"rendered":"<p>Koszula Sielskie Wakacje, to idealna propozycja na lato!<\/p>\n<p>Wykonana ze 100% bawe\u0142ny gwarantuje oddech dla Twojego cia\u0142a w ka\u017cdy upalny dzie\u0144.<\/p>\n<p>Jest to koszula o rozlu\u017anionym kroju, nieco kr\u00f3tsza.<br \/>\nJej niew\u0105tpliwymi atutami s\u0105:<\/p>\n<p>-szalenie modne w tym sezonie wi\u0105zania,<\/p>\n<p>&#8211; bufiaste, balonowe r\u0119kawy zako\u0144czone gumk\u0105<\/p>\n<p>&#8211; szeroka falbanka na dole<\/p>\n<p>To wszystko nadaje jej bardzo dziewcz\u0119cego charakteru.<\/p>\n<p>Nie mog\u0142o te\u017c zabrakn\u0105\u0107 praktycznego rozwi\u0105zania-prz\u00f3d wykonany jest z podw\u00f3jnej warstwy, dzi\u0119ki czemu spokojnie mo\u017cesz nosi\u0107 j\u0105 na go\u0142e cia\u0142o, bez obaw, \u017ce cokolwiek b\u0119dzie prze\u015bwitywa\u0142o.<\/p>\n<p>Wymiary (obw\u00f3d biustu):<br \/>\nS- 105 cm<br \/>\nM- 115 cm<br \/>\nL- 125 cm<\/p>\n<p>D\u0142ugo\u015b\u0107 ok 56cm.<br \/>\nD\u0142ugo\u015b\u0107 r\u0119kawa ok 44cm.<\/p>\n<p>Je\u015bli potrzebujesz innego rozmiaru, koloru czy po prostu masz pytanie-napisz do mnie! Najlepiej na IG to_moje lub na maila shop.tomoje@gmail.com ch\u0119tnie pomog\u0119 \ud83d\ude42<\/p>\n<p>Mam 174cm wzrostu i na zdj\u0119ciach mam na sobie rozmiar L.<\/p>\n","protected":false},"featured_media":14235,"comment_status":"closed","ping_status":"closed","template":"","meta":[],"product_brand":[],"product_cat":[327,15],"product_tag":[652,454,366,654,506,653,644],"class_list":{"0":"post-14231","1":"product","2":"type-product","3":"status-publish","4":"has-post-thumbnail","6":"product_cat-bluzki-koszule","7":"product_cat-akcesoria","8":"product_tag-bawelniana-biala-koszula","9":"product_tag-biala-koszula","10":"product_tag-bufiaste-rekawy","11":"product_tag-gladka-koszula","12":"product_tag-koszula-na-lato","13":"product_tag-letnia-koszula","14":"product_tag-wiazana-koszula","15":"pa_rozmiar-l","16":"pa_rozmiar-m","17":"pa_rozmiar-s","19":"first","20":"instock","21":"shipping-taxable","22":"purchasable","23":"product-type-variable"},"_links":{"self":[{"href":"https:\/\/to-moje.com\/index.php\/wp-json\/wp\/v2\/product\/14231","targetHints":{"allow":["GET"]}}],"collection":[{"href":"https:\/\/to-moje.com\/index.php\/wp-json\/wp\/v2\/product"}],"about":[{"href":"https:\/\/to-moje.com\/index.php\/wp-json\/wp\/v2\/types\/product"}],"replies":[{"embeddable":true,"href":"https:\/\/to-moje.com\/index.php\/wp-json\/wp\/v2\/comments?post=14231"}],"wp:featuredmedia":[{"embeddable":true,"href":"https:\/\/to-moje.com\/index.php\/wp-json\/wp\/v2\/media\/14235"}],"wp:attachment":[{"href":"https:\/\/to-moje.com\/index.php\/wp-json\/wp\/v2\/media?parent=14231"}],"wp:term":[{"taxonomy":"product_brand","embeddable":true,"href":"https:\/\/to-moje.com\/index.php\/wp-json\/wp\/v2\/product_brand?post=14231"},{"taxonomy":"product_cat","embeddable":true,"href":"https:\/\/to-moje.com\/index.php\/wp-json\/wp\/v2\/product_cat?post=14231"},{"taxonomy":"product_tag","embeddable":true,"href":"https:\/\/to-moje.com\/index.php\/wp-json\/wp\/v2\/product_tag?post=14231"}],"curies":[{"name":"wp","href":"https:\/\/api.w.org\/{rel}","templated":true}]}}