{"id":14204,"date":"2024-05-23T18:32:50","date_gmt":"2024-05-23T16:32:50","guid":{"rendered":"https:\/\/to-moje.com\/?post_type=product&#038;p=14204"},"modified":"2024-08-29T18:11:12","modified_gmt":"2024-08-29T16:11:12","slug":"sukienka-letnia-milosc","status":"publish","type":"product","link":"https:\/\/to-moje.com\/index.php\/produkt\/sukienka-letnia-milosc\/","title":{"rendered":"Sukienka Wakacyjna Mi\u0142o\u015b\u0107"},"content":{"rendered":"","protected":false},"excerpt":{"rendered":"<p>S\u0142o\u0144ce, pla\u017ca, bestroska, muzyka z walkmana i plaster na kolanie po je\u017adzie na rolkach, takie mam wspomnienia z moich dzieci\u0119cych wakacji.<\/p>\n<p>A ta sukienka do wspomnie\u0144 sk\u0142ania. Zacznijmy ju\u017c od samego koloru, rozbielona brzoskwinka i te wszystkie kolorowe wzory na niej! Czy to nie jest istne lato?<br \/>\nCo do kroju- brak tutaj falbanek czy guzik\u00f3w, ale nadal znajdziesz tu mega bufiaste r\u0119kawy, czy ko\u0142nierzyk-do tej pory jest to chyba najmniejszy jaki uszy\u0142am! I szalenie modne w tym sezonie wi\u0105zania, a \u017ce ja kocham praktyczne ubrania, wi\u0119c cz\u0119\u015b\u0107 przodu jest zaszyta, tak by swobodnie m\u00f3c za\u0142o\u017cy\u0107 bielizn\u0119 pod sp\u00f3d:)<\/p>\n<p>Sukienka dost\u0119pna jest w dw\u00f3ch d\u0142ugo\u015bciach do wyboru- kr\u00f3tkiej (d\u0142ugo\u015b\u0107 od odci\u0119cia to ok 53cm)\u00a0 i midi ( d\u0142ugo\u015b\u0107 od odci\u0119cia to ok 88cm), oraz w trzech rozmiarach-<br \/>\nobw\u00f3d biustu (2x szeroko\u015b\u0107 od pachy do pachy na p\u0142asko):<br \/>\nS- 98cm<br \/>\nM- 104cm<br \/>\nL- 110cm<\/p>\n<p>Sk\u0142ad: 100% bawe\u0142na<\/p>\n<p>Wszystkie zam\u00f3wienia realizuj\u0119 na bie\u017c\u0105co. Czas realizacji w zale\u017cno\u015bci od ilo\u015bci zam\u00f3wie\u0144 to ok 10 dni roboczych.<br \/>\nJe\u015bli nie jeste\u015b pewna jaki rozmiar wybra\u0107, potrzebujesz innego rozmiaru lub masz jakiekolwiek pytania napisz do mnie maila: shop.tomoje@gmail.com lub odezwij si\u0119 na instagramie (to_moje)-pomog\u0119 \ud83d\ude42<\/p>\n<p>Ja mam 174cm wzrostu i nosz\u0119 rozmiar L.<\/p>\n","protected":false},"featured_media":14211,"comment_status":"closed","ping_status":"closed","template":"","meta":[],"product_brand":[],"product_cat":[215,15],"product_tag":[650,268,451,649,651,240,574,260,541],"class_list":{"0":"post-14204","1":"product","2":"type-product","3":"status-publish","4":"has-post-thumbnail","6":"product_cat-sukienki","7":"product_cat-akcesoria","8":"product_tag-brzoskwiniowa-sukienka","9":"product_tag-dziewczeca-sukienka","10":"product_tag-kolorowa-sukienka","11":"product_tag-lata-90te","12":"product_tag-peach-fuzz","13":"product_tag-sukienka-na-lato","14":"product_tag-sukienka-we-wzory","15":"product_tag-sukienka-z-bawelny","16":"product_tag-sukienka-z-kolnierzykiem","17":"pa_rozmiar-l","18":"pa_rozmiar-m","19":"pa_rozmiar-s","21":"first","22":"instock","23":"shipping-taxable","24":"purchasable","25":"product-type-variable"},"_links":{"self":[{"href":"https:\/\/to-moje.com\/index.php\/wp-json\/wp\/v2\/product\/14204","targetHints":{"allow":["GET"]}}],"collection":[{"href":"https:\/\/to-moje.com\/index.php\/wp-json\/wp\/v2\/product"}],"about":[{"href":"https:\/\/to-moje.com\/index.php\/wp-json\/wp\/v2\/types\/product"}],"replies":[{"embeddable":true,"href":"https:\/\/to-moje.com\/index.php\/wp-json\/wp\/v2\/comments?post=14204"}],"wp:featuredmedia":[{"embeddable":true,"href":"https:\/\/to-moje.com\/index.php\/wp-json\/wp\/v2\/media\/14211"}],"wp:attachment":[{"href":"https:\/\/to-moje.com\/index.php\/wp-json\/wp\/v2\/media?parent=14204"}],"wp:term":[{"taxonomy":"product_brand","embeddable":true,"href":"https:\/\/to-moje.com\/index.php\/wp-json\/wp\/v2\/product_brand?post=14204"},{"taxonomy":"product_cat","embeddable":true,"href":"https:\/\/to-moje.com\/index.php\/wp-json\/wp\/v2\/product_cat?post=14204"},{"taxonomy":"product_tag","embeddable":true,"href":"https:\/\/to-moje.com\/index.php\/wp-json\/wp\/v2\/product_tag?post=14204"}],"curies":[{"name":"wp","href":"https:\/\/api.w.org\/{rel}","templated":true}]}}