{"id":14188,"date":"2024-05-23T18:32:23","date_gmt":"2024-05-23T16:32:23","guid":{"rendered":"https:\/\/to-moje.com\/?post_type=product&#038;p=14188"},"modified":"2025-08-29T15:02:47","modified_gmt":"2025-08-29T13:02:47","slug":"sukienka-pelna-sentymentow","status":"publish","type":"product","link":"https:\/\/to-moje.com\/index.php\/produkt\/sukienka-pelna-sentymentow\/","title":{"rendered":"Sukienka Pe\u0142na Sentyment\u00f3w"},"content":{"rendered":"","protected":false},"excerpt":{"rendered":"<p>Wyobra\u017a sobie, \u017ce kto\u015b wyci\u0105gn\u0105\u0142 kwintesencj\u0119 z lat 90-tych i zamkn\u0105\u0142 j\u0105 w formie sukienki, taka w\u0142a\u015bnie jest Sukienka Pe\u0142na Sentyment\u00f3w!<br \/>\nTen wyj\u0105tkowy wz\u00f3r to istna podr\u00f3\u017c w czasie-wrotki, tamagotchi, \u017celki w kszta\u0142cie misi\u00f3w, polaroid, czy pudrowe cukierki! i to wszystko w niezwykle uroczych kolorach!<\/p>\n<p>Kilka s\u0142\u00f3w o kroju. Znajdziesz tu charakterystyczny dla To Moje ko\u0142nierzyk z falbank\u0105, kt\u00f3ry okala dekolt o linii V, do tego b\u0142\u0119kitne serduszka, bufiaste r\u0119kawki i rozkloszowany d\u00f3\u0142. Sama s\u0142odycz i to bez dodatku cukru!<\/p>\n<p>Sukienka dost\u0119pna jest w dw\u00f3ch d\u0142ugo\u015bciach do wyboru- kr\u00f3tkiej (d\u0142ugo\u015b\u0107 od odci\u0119cia to ok 53cm)\u00a0 i midi ( d\u0142ugo\u015b\u0107 od odci\u0119cia to ok 88cm), oraz w trzech rozmiarach-<br \/>\nobw\u00f3d biustu (2x szeroko\u015b\u0107 od pachy do pachy na p\u0142asko):<br \/>\nS- 98cm<br \/>\nM- 104cm<br \/>\nL- 110cm<\/p>\n<p>Sk\u0142ad: 100% bawe\u0142na<\/p>\n<p>Wszystkie zam\u00f3wienia realizuj\u0119 na bie\u017c\u0105co. Czas realizacji w zale\u017cno\u015bci od ilo\u015bci zam\u00f3wie\u0144 to ok 10 dni roboczych.<br \/>\nJe\u015bli nie jeste\u015b pewna jaki rozmiar wybra\u0107, potrzebujesz innego rozmiaru lub masz jakiekolwiek pytania napisz do mnie maila: shop.tomoje@gmail.com lub odezwij si\u0119 na instagramie (to_moje)-pomog\u0119 \ud83d\ude42<\/p>\n<p>Ja mam 174cm wzrostu i nosz\u0119 rozmiar L.<\/p>\n","protected":false},"featured_media":14198,"comment_status":"closed","ping_status":"closed","template":"","meta":[],"product_brand":[],"product_cat":[215,15],"product_tag":[268,451,587,649,395,240,574,260,541],"class_list":{"0":"post-14188","1":"product","2":"type-product","3":"status-publish","4":"has-post-thumbnail","6":"product_cat-sukienki","7":"product_cat-akcesoria","8":"product_tag-dziewczeca-sukienka","9":"product_tag-kolorowa-sukienka","10":"product_tag-kolnierzyk-z-falbanka","11":"product_tag-lata-90te","12":"product_tag-rozowa-sukienka","13":"product_tag-sukienka-na-lato","14":"product_tag-sukienka-we-wzory","15":"product_tag-sukienka-z-bawelny","16":"product_tag-sukienka-z-kolnierzykiem","17":"pa_rozmiar-l","18":"pa_rozmiar-m","19":"pa_rozmiar-s","21":"first","22":"outofstock","23":"shipping-taxable","24":"purchasable","25":"product-type-variable"},"_links":{"self":[{"href":"https:\/\/to-moje.com\/index.php\/wp-json\/wp\/v2\/product\/14188","targetHints":{"allow":["GET"]}}],"collection":[{"href":"https:\/\/to-moje.com\/index.php\/wp-json\/wp\/v2\/product"}],"about":[{"href":"https:\/\/to-moje.com\/index.php\/wp-json\/wp\/v2\/types\/product"}],"replies":[{"embeddable":true,"href":"https:\/\/to-moje.com\/index.php\/wp-json\/wp\/v2\/comments?post=14188"}],"wp:featuredmedia":[{"embeddable":true,"href":"https:\/\/to-moje.com\/index.php\/wp-json\/wp\/v2\/media\/14198"}],"wp:attachment":[{"href":"https:\/\/to-moje.com\/index.php\/wp-json\/wp\/v2\/media?parent=14188"}],"wp:term":[{"taxonomy":"product_brand","embeddable":true,"href":"https:\/\/to-moje.com\/index.php\/wp-json\/wp\/v2\/product_brand?post=14188"},{"taxonomy":"product_cat","embeddable":true,"href":"https:\/\/to-moje.com\/index.php\/wp-json\/wp\/v2\/product_cat?post=14188"},{"taxonomy":"product_tag","embeddable":true,"href":"https:\/\/to-moje.com\/index.php\/wp-json\/wp\/v2\/product_tag?post=14188"}],"curies":[{"name":"wp","href":"https:\/\/api.w.org\/{rel}","templated":true}]}}