{"id":13901,"date":"2024-02-15T08:23:53","date_gmt":"2024-02-15T07:23:53","guid":{"rendered":"https:\/\/to-moje.com\/?post_type=product&#038;p=13901"},"modified":"2025-07-25T01:21:03","modified_gmt":"2025-07-24T23:21:03","slug":"koszula-do-bujania-w-oblokach","status":"publish","type":"product","link":"https:\/\/to-moje.com\/index.php\/produkt\/koszula-do-bujania-w-oblokach\/","title":{"rendered":"Koszula Do Bujania w Ob\u0142okach"},"content":{"rendered":"","protected":false},"excerpt":{"rendered":"<p>Koszula do bujania w ob\u0142okach zosta\u0142a wykonana z tkaniny bawe\u0142nianej w kolorze bia\u0142ym, drukowana w b\u0142\u0119kitne chmurki.<\/p>\n<p>Moja mi\u0142o\u015b\u0107 do ko\u0142nierzyk\u00f3w nie s\u0142abnie i nie mog\u0142o go zabrakn\u0105\u0107 w tym projekcie. Tym razem wyko\u0144czy\u0142am go b\u0142\u0119kitn\u0105 falbank\u0105, pasuj\u0105c\u0105 do chmurek. Opr\u00f3cz niego jednym z wi\u0119kszych atut\u00f3w koszuli niew\u0105tpliwie s\u0105 bardzo obszerne, bufiaste r\u0119kawy, z obni\u017con\u0105 lini\u0105 pachy i mankietami zapinanymi na bia\u0142e guziki w kszta\u0142cie serduszek.<\/p>\n<p>Jest to koszula o lu\u017anym kroju, nieco bardziej oversize. To \u015bwietna propozycja zar\u00f3wno do biura i bardziej formalnych outfit\u00f3w, jak i na co dzie\u0144 po prostu do d\u017cins\u00f3w, kolorowych spodni, szort\u00f3w czy sp\u00f3dnic.<\/p>\n<p>Wymiary (obw\u00f3d biustu):<br \/>\nS- 105 cm<br \/>\nM- 115 cm<br \/>\nL- 125 cm<\/p>\n<p>Sk\u0142ad: 100% bawe\u0142na<\/p>\n<p>Wszystkie zam\u00f3wienia realizuj\u0119 na bie\u017c\u0105co. Czas realizacji to ok 10-14 dni roboczych.<br \/>\nJe\u015bli nie jeste\u015b pewna jaki rozmiar wybra\u0107 lub masz jakiekolwiek pytania napisz do mnie maila lub odezwij si\u0119 na instagramie-pomog\u0119 \ud83d\ude42<\/p>\n<p>Mam 174 cm wzrostu i nosz\u0119 rozmiar L.<\/p>\n<p>&nbsp;<\/p>\n","protected":false},"featured_media":13905,"comment_status":"open","ping_status":"closed","template":"","meta":[],"product_brand":[],"product_cat":[327,15],"product_tag":[507,366,380,505,510,456,455,509,616,531,402,513,512,618,617],"class_list":{"0":"post-13901","1":"product","2":"type-product","3":"status-publish","4":"has-post-thumbnail","6":"product_cat-bluzki-koszule","7":"product_cat-akcesoria","8":"product_tag-baweniana-koszula","9":"product_tag-bufiaste-rekawy","10":"product_tag-kolorowa-koszula","11":"product_tag-koszula","12":"product_tag-koszula-dla-niej","13":"product_tag-koszula-do-biura","14":"product_tag-koszula-do-pracy","15":"product_tag-koszula-na-co-dzien","16":"product_tag-koszula-w-chmurki","17":"product_tag-koszula-we-wzory","18":"product_tag-koszula-z-kolnierzem","19":"product_tag-luzna-koszula","20":"product_tag-rozpinana-koszula","21":"product_tag-skandynawski-styl","22":"product_tag-urocza-koszula","23":"pa_rozmiar-l","24":"pa_rozmiar-m","25":"pa_rozmiar-s","27":"first","28":"instock","29":"shipping-taxable","30":"purchasable","31":"product-type-variable"},"_links":{"self":[{"href":"https:\/\/to-moje.com\/index.php\/wp-json\/wp\/v2\/product\/13901","targetHints":{"allow":["GET"]}}],"collection":[{"href":"https:\/\/to-moje.com\/index.php\/wp-json\/wp\/v2\/product"}],"about":[{"href":"https:\/\/to-moje.com\/index.php\/wp-json\/wp\/v2\/types\/product"}],"replies":[{"embeddable":true,"href":"https:\/\/to-moje.com\/index.php\/wp-json\/wp\/v2\/comments?post=13901"}],"wp:featuredmedia":[{"embeddable":true,"href":"https:\/\/to-moje.com\/index.php\/wp-json\/wp\/v2\/media\/13905"}],"wp:attachment":[{"href":"https:\/\/to-moje.com\/index.php\/wp-json\/wp\/v2\/media?parent=13901"}],"wp:term":[{"taxonomy":"product_brand","embeddable":true,"href":"https:\/\/to-moje.com\/index.php\/wp-json\/wp\/v2\/product_brand?post=13901"},{"taxonomy":"product_cat","embeddable":true,"href":"https:\/\/to-moje.com\/index.php\/wp-json\/wp\/v2\/product_cat?post=13901"},{"taxonomy":"product_tag","embeddable":true,"href":"https:\/\/to-moje.com\/index.php\/wp-json\/wp\/v2\/product_tag?post=13901"}],"curies":[{"name":"wp","href":"https:\/\/api.w.org\/{rel}","templated":true}]}}