{"id":13862,"date":"2024-02-03T18:05:17","date_gmt":"2024-02-03T17:05:17","guid":{"rendered":"https:\/\/to-moje.com\/?post_type=product&#038;p=13862"},"modified":"2025-04-07T14:55:50","modified_gmt":"2025-04-07T12:55:50","slug":"nerka-zywe-srebro","status":"publish","type":"product","link":"https:\/\/to-moje.com\/index.php\/produkt\/nerka-zywe-srebro\/","title":{"rendered":"Nerka \u017bywe Srebro"},"content":{"rendered":"","protected":false},"excerpt":{"rendered":"<p>Nerka wykonana z \u0142\u0105czonych materia\u0142\u00f3w. Prz\u00f3d do srebrne, drobne cekiny mieni\u0105ce si\u0119 na wiele kolor\u00f3w. Pozosta\u0142e elementy nerki wykonane zosta\u0142y ze srebrnej eko sk\u00f3ry odzie\u017cowej.\u00a0 Jest to nie tylko praktyczny dodatek, ale przy okazji te\u017c niezwykle efektowny, wr\u0119cz bi\u017cuteryjny.<\/p>\n<p>Sk\u0142ad:<br \/>\ntkanina zewn\u0119trzna: 100% poliester<br \/>\npodszewka: 100% poliester<\/p>\n<p>Dost\u0119pna w trzech rozmiarach:<br \/>\n-XL wymiary ok 42 x 27 cm,<br \/>\n-L wymiary ok 37 x 23 cm,<br \/>\n-M wymiary ok 29 x 18 cm.<br \/>\nPomie\u015bci naprawd\u0119 wiele, \u015bwietnie sprawdzi si\u0119 w podr\u00f3\u017cy, na festiwalach czy po prostu na co dzie\u0144 je\u015bli cenisz sobie wygod\u0119 i wolne r\u0119ce.<br \/>\nW \u015brodku znajduje si\u0119 wzorzysta podszewka, a na tyle dodatkowa kiesze\u0144.<br \/>\nRegulowany pasek- d\u0142ugo\u015b\u0107 przy \u015bci\u0105gni\u0119tym pasku 70cm, a po maksymalnym rozci\u0105gni\u0119ciu 96cm-w ka\u017cdym rozmiarze pasek jest tej samej d\u0142ugo\u015bci.<\/p>\n<p>Na ostatnim zdj\u0119ciu widoczne jest por\u00f3wnanie wszystkich rozmiar\u00f3w.<br \/>\nNa pozosta\u0142ych zdj\u0119ciach wykorzystano nerk\u0119 w rozmiarze L.<\/p>\n","protected":false},"featured_media":13868,"comment_status":"closed","ping_status":"closed","template":"","meta":[],"product_brand":[],"product_cat":[105,207],"product_tag":[609,612,254,284,316,312,290,567,266,569,568,224,264,151,611,564],"class_list":{"0":"post-13862","1":"product","2":"type-product","3":"status-publish","4":"has-post-thumbnail","6":"product_cat-nerki","7":"product_cat-nerki-worki-torebki","8":"product_tag-cekinowa-nerka","9":"product_tag-cekiny-holo","10":"product_tag-duza-nerka","11":"product_tag-kolorowa-nerka","12":"product_tag-nerka-na-co-dzien","13":"product_tag-nerka-na-festiwal","14":"product_tag-nerka-na-impreze","15":"product_tag-nerka-na-koncert","16":"product_tag-nerka-na-wyjazd","17":"product_tag-nerka-to-moje","18":"product_tag-nerka-we-wzory","19":"product_tag-nerka-z-cekinami","20":"product_tag-pojemna-nerka","21":"product_tag-srebna-nerka","22":"product_tag-srebrna-nerka-z-cekinami","23":"product_tag-wielokolorowa-nerka","24":"pa_rozmiar-l","25":"pa_rozmiar-m","26":"pa_rozmiar-xl","28":"first","29":"instock","30":"shipping-taxable","31":"purchasable","32":"product-type-variable"},"_links":{"self":[{"href":"https:\/\/to-moje.com\/index.php\/wp-json\/wp\/v2\/product\/13862","targetHints":{"allow":["GET"]}}],"collection":[{"href":"https:\/\/to-moje.com\/index.php\/wp-json\/wp\/v2\/product"}],"about":[{"href":"https:\/\/to-moje.com\/index.php\/wp-json\/wp\/v2\/types\/product"}],"replies":[{"embeddable":true,"href":"https:\/\/to-moje.com\/index.php\/wp-json\/wp\/v2\/comments?post=13862"}],"wp:featuredmedia":[{"embeddable":true,"href":"https:\/\/to-moje.com\/index.php\/wp-json\/wp\/v2\/media\/13868"}],"wp:attachment":[{"href":"https:\/\/to-moje.com\/index.php\/wp-json\/wp\/v2\/media?parent=13862"}],"wp:term":[{"taxonomy":"product_brand","embeddable":true,"href":"https:\/\/to-moje.com\/index.php\/wp-json\/wp\/v2\/product_brand?post=13862"},{"taxonomy":"product_cat","embeddable":true,"href":"https:\/\/to-moje.com\/index.php\/wp-json\/wp\/v2\/product_cat?post=13862"},{"taxonomy":"product_tag","embeddable":true,"href":"https:\/\/to-moje.com\/index.php\/wp-json\/wp\/v2\/product_tag?post=13862"}],"curies":[{"name":"wp","href":"https:\/\/api.w.org\/{rel}","templated":true}]}}