{"id":13834,"date":"2024-02-03T17:21:38","date_gmt":"2024-02-03T16:21:38","guid":{"rendered":"https:\/\/to-moje.com\/?post_type=product&#038;p=13834"},"modified":"2025-04-07T14:53:51","modified_gmt":"2025-04-07T12:53:51","slug":"kolnierzyk-magiczny-pyl","status":"publish","type":"product","link":"https:\/\/to-moje.com\/index.php\/produkt\/kolnierzyk-magiczny-pyl\/","title":{"rendered":"Ko\u0142nierzyk Magiczny Py\u0142"},"content":{"rendered":"","protected":false},"excerpt":{"rendered":"<p>Wi\u0105zany ko\u0142nierzyk wykonany z \u0142\u0105czonych materia\u0142\u00f3w.<br \/>\nWierzchnia warstwa to r\u00f3\u017cowe, drobne cekiny mieni\u0105ce si\u0119 na przer\u00f3\u017cne kolory.<br \/>\nKo\u0142nierzyk wyst\u0119puje w jednym rozmiarze.<br \/>\nTo \u015bwietny dodatek do outfitu, wystarczy za\u0142o\u017cy\u0107 go do t-shirta, bluzy, czy sweterka by nada\u0107 swojej stylizacji zupe\u0142nie inny charakter. Idealny, \u017ceby wykorzysta\u0107 go zamiast bi\u017cuterii. Przepi\u0119knie b\u0142yszczy si\u0119 w \u015bwietle.<\/p>\n<p>Sk\u0142ad: 65% poliester, 35% bawe\u0142na.<\/p>\n<p>Czas realizacji to ok 5-7 dni roboczych, mo\u017ce si\u0119 on zmieni\u0107 w zale\u017cno\u015bci od ilo\u015bci zam\u00f3wie\u0144.<br \/>\nKolory na zdj\u0119ciu mog\u0105 si\u0119 r\u00f3\u017cni\u0107 od tych w rzeczywisto\u015bci.<br \/>\nJe\u015bli nie jeste\u015b pewien\/pewna wyboru i masz jakie\u015b pytania, napisz do mnie maila lub odwezwij si\u0119 na instagramie to_moje \ud83d\ude42<\/p>\n","protected":false},"featured_media":13835,"comment_status":"closed","ping_status":"closed","template":"","meta":[],"product_brand":[],"product_cat":[198,15],"product_tag":[595,602,593,604,600,558,557,596,199,252,605],"class_list":{"0":"post-13834","1":"product","2":"type-product","3":"status-publish","4":"has-post-thumbnail","6":"product_cat-kolnierzyki","7":"product_cat-akcesoria","8":"product_tag-blyszczacy-kolnierzyk","9":"product_tag-cekinowy-kolnierz","10":"product_tag-cekinowy-kolnierzyk","11":"product_tag-cekinowy-rozowy-kolnierzyk","12":"product_tag-elegancki-kolnierzyk","13":"product_tag-kolorowe-akcesoria","14":"product_tag-kolorowy-kolnierzyk","15":"product_tag-kolnierz-z-cekinami","16":"product_tag-kolnierzyk","17":"product_tag-rozowy-kolnierz","18":"product_tag-uroczy-kolnierzyk","20":"first","21":"instock","22":"shipping-taxable","23":"purchasable","24":"product-type-simple"},"_links":{"self":[{"href":"https:\/\/to-moje.com\/index.php\/wp-json\/wp\/v2\/product\/13834","targetHints":{"allow":["GET"]}}],"collection":[{"href":"https:\/\/to-moje.com\/index.php\/wp-json\/wp\/v2\/product"}],"about":[{"href":"https:\/\/to-moje.com\/index.php\/wp-json\/wp\/v2\/types\/product"}],"replies":[{"embeddable":true,"href":"https:\/\/to-moje.com\/index.php\/wp-json\/wp\/v2\/comments?post=13834"}],"wp:featuredmedia":[{"embeddable":true,"href":"https:\/\/to-moje.com\/index.php\/wp-json\/wp\/v2\/media\/13835"}],"wp:attachment":[{"href":"https:\/\/to-moje.com\/index.php\/wp-json\/wp\/v2\/media?parent=13834"}],"wp:term":[{"taxonomy":"product_brand","embeddable":true,"href":"https:\/\/to-moje.com\/index.php\/wp-json\/wp\/v2\/product_brand?post=13834"},{"taxonomy":"product_cat","embeddable":true,"href":"https:\/\/to-moje.com\/index.php\/wp-json\/wp\/v2\/product_cat?post=13834"},{"taxonomy":"product_tag","embeddable":true,"href":"https:\/\/to-moje.com\/index.php\/wp-json\/wp\/v2\/product_tag?post=13834"}],"curies":[{"name":"wp","href":"https:\/\/api.w.org\/{rel}","templated":true}]}}