{"id":13748,"date":"2024-01-11T11:07:35","date_gmt":"2024-01-11T10:07:35","guid":{"rendered":"https:\/\/to-moje.com\/?post_type=product&#038;p=13748"},"modified":"2025-12-18T12:26:32","modified_gmt":"2025-12-18T11:26:32","slug":"koszula-milostka","status":"publish","type":"product","link":"https:\/\/to-moje.com\/index.php\/produkt\/koszula-milostka\/","title":{"rendered":"Koszula Mi\u0142ostka"},"content":{"rendered":"","protected":false},"excerpt":{"rendered":"<p>Koszula Mi\u0142ostka zosta\u0142a wykonana z tkaniny bawe\u0142nianej w kolorze bia\u0142ym.<\/p>\n<p>Moja mi\u0142o\u015b\u0107 do ko\u0142nierzyk\u00f3w nie s\u0142abnie i nie mog\u0142o go zabrakn\u0105\u0107 w tym projekcie. Tym razem jest on w nieco innym kszta\u0142cie ni\u017c do tej pory-bardziej okr\u0105g\u0142ym. Opr\u00f3cz niego jednym z wi\u0119kszych atut\u00f3w koszuli niew\u0105tpliwie s\u0105 bardzo obszerne, bufiaste r\u0119kawy, z obni\u017con\u0105 lini\u0105 pachy i mankietami zapinanymi na czerwone guziki w kszta\u0142cie serduszek.<\/p>\n<p>Jest to koszula o lu\u017anym kroju, nieco bardziej oversize. To \u015bwietna propozycja zar\u00f3wno do biura i bardziej formalnych outfit\u00f3w, jak i na co dzie\u0144 po prostu do d\u017cins\u00f3w, czy sp\u00f3dnic. Bia\u0142a koszula przecie\u017c wcale nie musi by\u0107 nudna, co nie?<\/p>\n<p>Wymiary (obw\u00f3d biustu):<br \/>\nS- 105 cm<br \/>\nM- 115 cm<br \/>\nL- 125 cm<\/p>\n<p>Sk\u0142ad: 100% bawe\u0142na<\/p>\n<p>Wszystkie zam\u00f3wienia realizuj\u0119 na bie\u017c\u0105co. Czas realizacji to ok 5-7 dni roboczych.<br \/>\nJe\u015bli nie jeste\u015b pewna jaki rozmiar wybra\u0107, potrzebujesz innego rozmiaru lub masz jakiekolwiek pytania napisz do mnie maila lub odezwij si\u0119 na instagramie( to_moje) -pomog\u0119 \ud83d\ude42<br \/>\nISTNIEJE MO\u017bLIWO\u015a\u0106 WYBORU INNEGO MATERIA\u0141U-napisz, co\u015b zaproponuj\u0119 \ud83d\ude42<\/p>\n<p>Mam 174 cm wzrostu i nosz\u0119 rozmiar L.<\/p>\n<p>&nbsp;<\/p>\n","protected":false},"featured_media":13752,"comment_status":"open","ping_status":"closed","template":"","meta":[],"product_brand":[],"product_cat":[327,15],"product_tag":[507,592,591,366,380,505,510,456,455,509,402,513,512],"class_list":{"0":"post-13748","1":"product","2":"type-product","3":"status-publish","4":"has-post-thumbnail","6":"product_cat-bluzki-koszule","7":"product_cat-akcesoria","8":"product_tag-baweniana-koszula","9":"product_tag-biala-bawelniana-koszula","10":"product_tag-biala-koszula-z-kolnierzem","11":"product_tag-bufiaste-rekawy","12":"product_tag-kolorowa-koszula","13":"product_tag-koszula","14":"product_tag-koszula-dla-niej","15":"product_tag-koszula-do-biura","16":"product_tag-koszula-do-pracy","17":"product_tag-koszula-na-co-dzien","18":"product_tag-koszula-z-kolnierzem","19":"product_tag-luzna-koszula","20":"product_tag-rozpinana-koszula","21":"pa_rozmiar-l","22":"pa_rozmiar-m","23":"pa_rozmiar-s","25":"first","26":"instock","27":"shipping-taxable","28":"purchasable","29":"product-type-variable"},"_links":{"self":[{"href":"https:\/\/to-moje.com\/index.php\/wp-json\/wp\/v2\/product\/13748","targetHints":{"allow":["GET"]}}],"collection":[{"href":"https:\/\/to-moje.com\/index.php\/wp-json\/wp\/v2\/product"}],"about":[{"href":"https:\/\/to-moje.com\/index.php\/wp-json\/wp\/v2\/types\/product"}],"replies":[{"embeddable":true,"href":"https:\/\/to-moje.com\/index.php\/wp-json\/wp\/v2\/comments?post=13748"}],"wp:featuredmedia":[{"embeddable":true,"href":"https:\/\/to-moje.com\/index.php\/wp-json\/wp\/v2\/media\/13752"}],"wp:attachment":[{"href":"https:\/\/to-moje.com\/index.php\/wp-json\/wp\/v2\/media?parent=13748"}],"wp:term":[{"taxonomy":"product_brand","embeddable":true,"href":"https:\/\/to-moje.com\/index.php\/wp-json\/wp\/v2\/product_brand?post=13748"},{"taxonomy":"product_cat","embeddable":true,"href":"https:\/\/to-moje.com\/index.php\/wp-json\/wp\/v2\/product_cat?post=13748"},{"taxonomy":"product_tag","embeddable":true,"href":"https:\/\/to-moje.com\/index.php\/wp-json\/wp\/v2\/product_tag?post=13748"}],"curies":[{"name":"wp","href":"https:\/\/api.w.org\/{rel}","templated":true}]}}