{"id":13737,"date":"2024-01-11T11:01:20","date_gmt":"2024-01-11T10:01:20","guid":{"rendered":"https:\/\/to-moje.com\/?post_type=product&#038;p=13737"},"modified":"2026-03-27T19:38:27","modified_gmt":"2026-03-27T18:38:27","slug":"koszula-plomienne-uczucie","status":"publish","type":"product","link":"https:\/\/to-moje.com\/index.php\/produkt\/koszula-plomienne-uczucie\/","title":{"rendered":"Koszula P\u0142omienne Uczucie"},"content":{"rendered":"","protected":false},"excerpt":{"rendered":"<p>Koszula P\u0142omienne Uczucie zosta\u0142a wykonana z tkaniny bawe\u0142nianej w kolorze intensywnej czerwieni. To niezwykle urocza i dziewcz\u0119ca propozycja.<\/p>\n<p>Moja mi\u0142o\u015b\u0107 do ko\u0142nierzyk\u00f3w nie s\u0142abnie i nie mog\u0142o go zabrakn\u0105\u0107 w tym projekcie-tym razem w nieco bardziej zaokr\u0105glonej formie. Prz\u00f3d rozpinany jest tylko cz\u0119\u015bciowo, by nie rozchodzi\u0142 si\u0119 on na biu\u015bcie. Opr\u00f3cz tego co ju\u017c wymieni\u0142am, jednym z wi\u0119kszych atut\u00f3w koszuli niew\u0105tpliwie s\u0105 obszerne, bufiaste r\u0119kawy z mankietami zapinanymi na urocze guziki w kszta\u0142cie truskawek r\u00f3wnie\u017c w czerwonym kolorze.<\/p>\n<p>Postanowi\u0142am troch\u0119 pokombinowa\u0107 i po prawie 2 latach wr\u00f3ci\u0142am do baskinki w projekcie. Moim zdaniem nadaje ona jeszcze wi\u0119kszego uroku. To \u015bwietna propozycja zar\u00f3wno do biura i bardziej formalnych outfit\u00f3w, jak i na co dzie\u0144 po prostu do d\u017cins\u00f3w, czy sp\u00f3dnic. Stylizuj j\u0105 jak chcesz! Pami\u0119taj, ogranicza Ci\u0119 tylko Twoja wyobra\u017ania.<\/p>\n<p>Wymiary:<br \/>\nObw\u00f3d biustu (2x szeroko\u015b\u0107 od pachy do pachy na p\u0142asko):<br \/>\nS- 98cm<br \/>\nM- 104cm<br \/>\nL- 110cm<\/p>\n<p>D\u0142ugo\u015b\u0107 baskinki od talii to ok 25cm(d\u0142ugo\u015b\u0107 mo\u017ce si\u0119 r\u00f3\u017cni\u0107 ze wzgl\u0119du na rozmiar o ok 1-2 cm).<\/p>\n<p>Sk\u0142ad: 100% bawe\u0142na<\/p>\n<p>Wszystkie zam\u00f3wienia realizuj\u0119 na bie\u017c\u0105co. Czas realizacji to ok 5-7 dni roboczych.<br \/>\nJe\u015bli nie jeste\u015b pewna jaki rozmiar wybra\u0107, potrzebujesz innego rozmiaru lub masz jakiekolwiek pytania napisz do mnie maila lub odezwij si\u0119 na instagramie (to_moje)-pomog\u0119 \ud83d\ude42<br \/>\nISTNIEJE TE\u017b WYB\u00d3R INNEJ TKANINY, wystarczy, \u017ce do mnie napiszesz \ud83d\ude42<\/p>\n<p>Mam 174 cm wzrostu i nosz\u0119 rozmiar L.<\/p>\n<p>&nbsp;<\/p>\n","protected":false},"featured_media":13741,"comment_status":"open","ping_status":"closed","template":"","meta":[],"product_brand":[],"product_cat":[327,15],"product_tag":[507,366,586,380,505,510,456,455,509,590,589,402,513,512],"class_list":{"0":"post-13737","1":"product","2":"type-product","3":"status-publish","4":"has-post-thumbnail","6":"product_cat-bluzki-koszule","7":"product_cat-akcesoria","8":"product_tag-baweniana-koszula","9":"product_tag-bufiaste-rekawy","10":"product_tag-czerwona-koszula","11":"product_tag-kolorowa-koszula","12":"product_tag-koszula","13":"product_tag-koszula-dla-niej","14":"product_tag-koszula-do-biura","15":"product_tag-koszula-do-pracy","16":"product_tag-koszula-na-co-dzien","17":"product_tag-koszula-na-walentynki","18":"product_tag-koszula-z-baskinka","19":"product_tag-koszula-z-kolnierzem","20":"product_tag-luzna-koszula","21":"product_tag-rozpinana-koszula","22":"pa_rozmiar-l","23":"pa_rozmiar-m","24":"pa_rozmiar-s","26":"first","27":"outofstock","28":"shipping-taxable","29":"purchasable","30":"product-type-variable"},"_links":{"self":[{"href":"https:\/\/to-moje.com\/index.php\/wp-json\/wp\/v2\/product\/13737","targetHints":{"allow":["GET"]}}],"collection":[{"href":"https:\/\/to-moje.com\/index.php\/wp-json\/wp\/v2\/product"}],"about":[{"href":"https:\/\/to-moje.com\/index.php\/wp-json\/wp\/v2\/types\/product"}],"replies":[{"embeddable":true,"href":"https:\/\/to-moje.com\/index.php\/wp-json\/wp\/v2\/comments?post=13737"}],"wp:featuredmedia":[{"embeddable":true,"href":"https:\/\/to-moje.com\/index.php\/wp-json\/wp\/v2\/media\/13741"}],"wp:attachment":[{"href":"https:\/\/to-moje.com\/index.php\/wp-json\/wp\/v2\/media?parent=13737"}],"wp:term":[{"taxonomy":"product_brand","embeddable":true,"href":"https:\/\/to-moje.com\/index.php\/wp-json\/wp\/v2\/product_brand?post=13737"},{"taxonomy":"product_cat","embeddable":true,"href":"https:\/\/to-moje.com\/index.php\/wp-json\/wp\/v2\/product_cat?post=13737"},{"taxonomy":"product_tag","embeddable":true,"href":"https:\/\/to-moje.com\/index.php\/wp-json\/wp\/v2\/product_tag?post=13737"}],"curies":[{"name":"wp","href":"https:\/\/api.w.org\/{rel}","templated":true}]}}