{"id":13578,"date":"2023-11-28T09:32:48","date_gmt":"2023-11-28T08:32:48","guid":{"rendered":"https:\/\/to-moje.com\/?post_type=product&#038;p=13578"},"modified":"2025-03-19T09:53:23","modified_gmt":"2025-03-19T08:53:23","slug":"sukienka-dopaminowy-strzal","status":"publish","type":"product","link":"https:\/\/to-moje.com\/index.php\/produkt\/sukienka-dopaminowy-strzal\/","title":{"rendered":"Sukienka Dopaminowy Strza\u0142 2.0"},"content":{"rendered":"<blockquote><p>&nbsp;<\/p><\/blockquote>\n","protected":false},"excerpt":{"rendered":"<blockquote><p>Sukienka Dopaminowy Sza\u0142 wykonana zosta\u0142a bawe\u0142nianej tkaniny w geometryczne wzory.<br \/>\nNie zabrak\u0142o charakterystycznego dla To Moje ko\u0142nierzyka wyko\u0144czonego falbank\u0105. Odci\u0119cie na wysoko\u015bci talii, dodatkowo zosta\u0142o podkre\u015blone z ty\u0142u gumk\u0105. G\u00f3ra sukienki zapinana na guziki, ale tylko do po\u0142owy, by unikn\u0105\u0107 rozchodzenia si\u0119 materia\u0142u na biu\u015bcie. D\u0142ugie bufiaste r\u0119kawy, to kolejny element, kt\u00f3ry zazwyczaj pojawia si\u0119 w moich projektach, tym razem wyko\u0144czone mankietem zapinanym na dwa guziczki w kszta\u0142cie serca.<\/p><\/blockquote>\n<p>Intensywna kolorystyka sukienki pobudza od samego patrzenia! To kwintesencja dopamine dressing! Jest to te\u017c przy okazji na tyle uniwersalny model, \u017ce na pewno wykorzystasz go wielokrotnie. Zastanawiasz si\u0119 do czego j\u0105 za\u0142o\u017cy\u0107? Zestaw j\u0105 z marynark\u0105, kardiganem lub szalenie modn\u0105 dzianinow\u0105 kamizelk\u0105, do tego mokasyny lub wszelkiego rodzaju kozaki i outfit gotowy!<\/p>\n<p>A teraz kilka technicznych informacji:<\/p>\n<p>Sk\u0142ad: 100% bawe\u0142na.<\/p>\n<p>Wymiary:<br \/>\nObw\u00f3d biustu (2x szeroko\u015b\u0107 od pachy do pachy na p\u0142asko):<br \/>\nS- 98cm<br \/>\nM- 104cm<br \/>\nL- 110cm<\/p>\n<p>D\u0142ugo\u015b\u0107 od odci\u0119cia do do\u0142u (w zale\u017cno\u015bci od rozmiaru mo\u017ce si\u0119 r\u00f3\u017cni\u0107 o ok 1-2cm) : w rozmiarze L widocznym na zdj\u0119ciach to ok 52cm.<\/p>\n<p>Je\u015bli nie jeste\u015b pewna jaki rozmiar wybra\u0107, napisz do mnie lub podaj swoje wymiary w notatce, dzi\u0119ki temu, \u017ce ka\u017cdy produkt szyj\u0119 dopiero po z\u0142o\u017ceniu zam\u00f3wienia, to mog\u0119 dopasowa\u0107 wymiary do Ciebie.<br \/>\nPodoba Ci si\u0119 fason, ale nie czujesz tego koloru? Nie ma problemu, napisz do mnie i postaram si\u0119 co\u015b dla Ciebie znale\u017a\u0107.<br \/>\nCzas realizacji w zale\u017cno\u015bci od ilo\u015bci zam\u00f3wie\u0144 to ok 7-10 dni roboczych.<\/p>\n<p>Mam 174cm wzrostu i mam na sobie rozmiar L.<\/p>\n","protected":false},"featured_media":14884,"comment_status":"open","ping_status":"closed","template":"","meta":[],"product_brand":[],"product_cat":[215,15],"product_tag":[259,575,451,573,347,544,543,552,433,574,260,219],"class_list":{"0":"post-13578","1":"product","2":"type-product","3":"status-publish","4":"has-post-thumbnail","6":"product_cat-sukienki","7":"product_cat-akcesoria","8":"product_tag-bawelniana-sukienka","9":"product_tag-czerwona-sukienka","10":"product_tag-kolorowa-sukienka","11":"product_tag-krotka-sukienka","12":"product_tag-sukienka-mini","13":"product_tag-sukienka-na-co-dzien","14":"product_tag-sukienka-na-jesien","15":"product_tag-sukienka-na-okazje","16":"product_tag-sukienka-na-swieta","17":"product_tag-sukienka-we-wzory","18":"product_tag-sukienka-z-bawelny","19":"product_tag-sukienka-z-kolnierzem","20":"pa_rozmiar-l","21":"pa_rozmiar-m","22":"pa_rozmiar-s","24":"first","25":"instock","26":"shipping-taxable","27":"purchasable","28":"product-type-variable"},"_links":{"self":[{"href":"https:\/\/to-moje.com\/index.php\/wp-json\/wp\/v2\/product\/13578","targetHints":{"allow":["GET"]}}],"collection":[{"href":"https:\/\/to-moje.com\/index.php\/wp-json\/wp\/v2\/product"}],"about":[{"href":"https:\/\/to-moje.com\/index.php\/wp-json\/wp\/v2\/types\/product"}],"replies":[{"embeddable":true,"href":"https:\/\/to-moje.com\/index.php\/wp-json\/wp\/v2\/comments?post=13578"}],"wp:featuredmedia":[{"embeddable":true,"href":"https:\/\/to-moje.com\/index.php\/wp-json\/wp\/v2\/media\/14884"}],"wp:attachment":[{"href":"https:\/\/to-moje.com\/index.php\/wp-json\/wp\/v2\/media?parent=13578"}],"wp:term":[{"taxonomy":"product_brand","embeddable":true,"href":"https:\/\/to-moje.com\/index.php\/wp-json\/wp\/v2\/product_brand?post=13578"},{"taxonomy":"product_cat","embeddable":true,"href":"https:\/\/to-moje.com\/index.php\/wp-json\/wp\/v2\/product_cat?post=13578"},{"taxonomy":"product_tag","embeddable":true,"href":"https:\/\/to-moje.com\/index.php\/wp-json\/wp\/v2\/product_tag?post=13578"}],"curies":[{"name":"wp","href":"https:\/\/api.w.org\/{rel}","templated":true}]}}