{"id":1299,"date":"2019-09-06T15:06:14","date_gmt":"2019-09-06T13:06:14","guid":{"rendered":"http:\/\/to-moje.com\/?post_type=product&#038;p=1299"},"modified":"2025-06-23T11:58:38","modified_gmt":"2025-06-23T09:58:38","slug":"nerka-maxi-black","status":"publish","type":"product","link":"https:\/\/to-moje.com\/index.php\/produkt\/nerka-maxi-black\/","title":{"rendered":"Nerka Taka nawet elegancka"},"content":{"rendered":"","protected":false},"excerpt":{"rendered":"<p>Nerka w kolorze czarnym, wykonana z b\u0142yszcz\u0105cego latexu.<\/p>\n<p>Dost\u0119pna w trzech rozmiarach:<br \/>\n-XL wymiary ok 42 x 27 cm,<br \/>\n-L wymiary ok 37 x 23 cm,<br \/>\n-M wymiary ok 29 x 18 cm.<br \/>\nPomie\u015bci naprawd\u0119 wiele, \u015bwietnie sprawdzi si\u0119 w podr\u00f3\u017cy, na festiwalach czy po prostu na co dzie\u0144 je\u015bli cenisz sobie wygod\u0119 i wolne r\u0119ce.<br \/>\nW \u015brodku znajduje si\u0119 wzorzysta podszewka, a na tyle dodatkowa kiesze\u0144.<br \/>\nRegulowany pasek- d\u0142ugo\u015b\u0107 przy \u015bci\u0105gni\u0119tym pasku 70cm, a po maksymalnym rozci\u0105gni\u0119ciu 96cm-w ka\u017cdym rozmiarze pasek jest tej samej d\u0142ugo\u015bci.<\/p>\n<p>Na ostatnim zdj\u0119ciu widoczne jest por\u00f3wnanie wszystkich rozmiar\u00f3w.<br \/>\nNa pozosta\u0142ych zdj\u0119ciach wykorzystano nerk\u0119 w rozmiarze maxi.<\/p>\n","protected":false},"featured_media":2830,"comment_status":"closed","ping_status":"closed","template":"","meta":[],"product_brand":[],"product_cat":[105,207],"product_tag":[133,335,254,107,314,134,316,312,290,276,266,340,280,176,342,264],"class_list":{"0":"post-1299","1":"product","2":"type-product","3":"status-publish","4":"has-post-thumbnail","6":"product_cat-nerki","7":"product_cat-nerki-worki-torebki","8":"product_tag-czarna-nerka","9":"product_tag-duza-czarna-nerka","10":"product_tag-duza-nerka","11":"product_tag-nerka","12":"product_tag-nerka-lateks","13":"product_tag-nerka-maxi","14":"product_tag-nerka-na-co-dzien","15":"product_tag-nerka-na-festiwal","16":"product_tag-nerka-na-impreze","17":"product_tag-nerka-na-wakacje","18":"product_tag-nerka-na-wyjazd","19":"product_tag-nerka-podroz","20":"product_tag-nerka-xl","21":"product_tag-nerka-z-lateksu","22":"product_tag-nerka-z-regulowanym-paskiem","23":"product_tag-pojemna-nerka","24":"product_shipping_class-nerki","25":"pa_rozmiar-l","26":"pa_rozmiar-m","27":"pa_rozmiar-xl","29":"first","30":"instock","31":"shipping-taxable","32":"purchasable","33":"product-type-variable"},"_links":{"self":[{"href":"https:\/\/to-moje.com\/index.php\/wp-json\/wp\/v2\/product\/1299","targetHints":{"allow":["GET"]}}],"collection":[{"href":"https:\/\/to-moje.com\/index.php\/wp-json\/wp\/v2\/product"}],"about":[{"href":"https:\/\/to-moje.com\/index.php\/wp-json\/wp\/v2\/types\/product"}],"replies":[{"embeddable":true,"href":"https:\/\/to-moje.com\/index.php\/wp-json\/wp\/v2\/comments?post=1299"}],"wp:featuredmedia":[{"embeddable":true,"href":"https:\/\/to-moje.com\/index.php\/wp-json\/wp\/v2\/media\/2830"}],"wp:attachment":[{"href":"https:\/\/to-moje.com\/index.php\/wp-json\/wp\/v2\/media?parent=1299"}],"wp:term":[{"taxonomy":"product_brand","embeddable":true,"href":"https:\/\/to-moje.com\/index.php\/wp-json\/wp\/v2\/product_brand?post=1299"},{"taxonomy":"product_cat","embeddable":true,"href":"https:\/\/to-moje.com\/index.php\/wp-json\/wp\/v2\/product_cat?post=1299"},{"taxonomy":"product_tag","embeddable":true,"href":"https:\/\/to-moje.com\/index.php\/wp-json\/wp\/v2\/product_tag?post=1299"}],"curies":[{"name":"wp","href":"https:\/\/api.w.org\/{rel}","templated":true}]}}