{"id":324,"date":"2015-09-24T07:26:47","date_gmt":"2015-09-24T05:26:47","guid":{"rendered":"http:\/\/import.getbowtied.com\/shopkeeper-v1.1\/?page_id=141"},"modified":"2026-04-13T18:37:29","modified_gmt":"2026-04-13T16:37:29","slug":"home","status":"publish","type":"page","link":"https:\/\/to-moje.com\/","title":{"rendered":"Home"},"content":{"rendered":"<div class=\"wpb-content-wrapper\"><p>[vc_row full_height=&#8221;yes&#8221; css_animation=&#8221;slideInRight&#8221; font_color=&#8221;#ffffff&#8221; css=&#8221;.vc_custom_1776098246346{padding-top: 12% !important;padding-right: 12% !important;padding-bottom: 12% !important;padding-left: 12% !important;background-image: url(https:\/\/to-moje.com\/wp-content\/uploads\/2026\/04\/mama-scaled.png?id=16560) !important;background-position: center !important;background-repeat: no-repeat !important;background-size: cover !important;}&#8221; background_style=&#8221;parallax&#8221;][vc_column css=&#8221;.vc_custom_1656524519930{padding-top: 5% !important;padding-bottom: 5% !important;}&#8221;][\/vc_column][\/vc_row][vc_row equal_height=&#8221;yes&#8221; content_placement=&#8221;middle&#8221; background_style=&#8221;normal&#8221;][vc_column width=&#8221;1\/2&#8243; css=&#8221;.vc_custom_1654854150453{padding-top: 50% !important;padding-right: 50% !important;padding-bottom: 50% !important;padding-left: 50% !important;background-image: url(https:\/\/to-moje.com\/wp-content\/uploads\/2022\/06\/IMG_20220306_145018.png?id=3408) !important;background-position: center !important;background-repeat: no-repeat !important;background-size: cover !important;}&#8221; el_class=&#8221;medium-push-6&#8243;][vc_empty_space height=&#8221;400px&#8221;][\/vc_column][vc_column width=&#8221;1\/2&#8243; css=&#8221;.vc_custom_1466151301676{border-top-width: 20px !important;border-right-width: 20px !important;border-bottom-width: 20px !important;border-left-width: 20px !important;padding-top: 0px !important;padding-right: 7% !important;padding-left: 7% !important;background-color: #ffffff !important;border-left-color: #ffffff !important;border-left-style: solid !important;border-right-color: #ffffff !important;border-right-style: solid !important;border-top-color: #ffffff !important;border-top-style: solid !important;border-bottom-color: #ffffff !important;border-bottom-style: solid !important;}&#8221; el_class=&#8221;medium-pull-6&#8243;][vc_empty_space height=&#8221;75px&#8221;][vc_single_image image=&#8221;5852&#8243; alignment=&#8221;center&#8221; css_animation=&#8221;top-to-bottom&#8221;][vc_column_text css_animation=&#8221;appear&#8221;]<\/p>\n<h2 style=\"text-align: center;\"><span style=\"font-size: 120%;\">Nerki<\/span><\/h2>\n<p style=\"text-align: center;\"><span style=\"color: #808080;\">Plecaki, torby i inne dodatki, kt\u00f3re odmieni\u0105 Twoj\u0105 garderob\u0119.<\/span><\/p>\n<p>[\/vc_column_text][vc_btn title=&#8221;Zobacz&#8221; style=&#8221;outline&#8221; shape=&#8221;square&#8221; color=&#8221;black&#8221; size=&#8221;lg&#8221; align=&#8221;center&#8221; css_animation=&#8221;bottom-to-top&#8221; link=&#8221;url:http%3A%2F%2Fto-moje.com%2Findex.php%2Fkategoria-produktu%2Fnerki-worki-torebki%2F|||&#8221;][vc_empty_space height=&#8221;40px&#8221;][\/vc_column][\/vc_row][vc_row equal_height=&#8221;yes&#8221; content_placement=&#8221;middle&#8221; columns_height=&#8221;adjust_cols_height&#8221; background_style=&#8221;normal&#8221;][vc_column width=&#8221;1\/2&#8243; css=&#8221;.vc_custom_1654854518948{padding-top: 50% !important;background-image: url(https:\/\/to-moje.com\/wp-content\/uploads\/2022\/05\/IMG_20220501_203759.png?id=3316) !important;background-position: center !important;background-repeat: no-repeat !important;background-size: cover !important;}&#8221;][vc_empty_space height=&#8221;400px&#8221;][\/vc_column][vc_column width=&#8221;1\/2&#8243; css=&#8221;.vc_custom_1466150966760{border-top-width: 20px !important;border-right-width: 20px !important;border-bottom-width: 20px !important;border-left-width: 20px !important;padding-top: 0px !important;padding-right: 7% !important;padding-left: 7% !important;background-color: #ffffff !important;border-left-color: #ffffff !important;border-left-style: solid !important;border-right-color: #ffffff !important;border-right-style: solid !important;border-top-color: #ffffff !important;border-top-style: solid !important;border-bottom-color: #ffffff !important;border-bottom-style: solid !important;}&#8221;][vc_empty_space height=&#8221;75px&#8221;][vc_single_image image=&#8221;5852&#8243; alignment=&#8221;center&#8221; css_animation=&#8221;top-to-bottom&#8221;][vc_column_text css_animation=&#8221;appear&#8221;]<\/p>\n<h2 style=\"text-align: center;\"><span style=\"font-size: 120%;\">Ubrania i dodatki<\/span><\/h2>\n<p style=\"text-align: center;\"><span style=\"color: #808080;\">Autorskie projekty, dzi\u0119ki kt\u00f3rym wyr\u00f3\u017cnisz si\u0119 z t\u0142umu.<\/span><\/p>\n<p>[\/vc_column_text][vc_btn title=&#8221;Zobacz&#8221; style=&#8221;outline&#8221; shape=&#8221;square&#8221; color=&#8221;black&#8221; size=&#8221;lg&#8221; align=&#8221;center&#8221; css_animation=&#8221;bottom-to-top&#8221; link=&#8221;url:http%3A%2F%2Fto-moje.com%2Findex.php%2Fkategoria-produktu%2Fakcesoria%2F|||&#8221;][vc_empty_space height=&#8221;40px&#8221;][\/vc_column][\/vc_row][vc_row equal_height=&#8221;yes&#8221; content_placement=&#8221;middle&#8221; background_style=&#8221;normal&#8221;][vc_column width=&#8221;1\/2&#8243; css=&#8221;.vc_custom_1654854567317{padding-top: 50% !important;background-image: url(https:\/\/to-moje.com\/wp-content\/uploads\/2022\/06\/IMG_20220610_111249.png?id=3411) !important;background-position: center !important;background-repeat: no-repeat !important;background-size: cover !important;}&#8221; el_class=&#8221;medium-push-6&#8243;][vc_empty_space height=&#8221;400px&#8221;][\/vc_column][vc_column width=&#8221;1\/2&#8243; css=&#8221;.vc_custom_1466150060787{border-top-width: 20px !important;border-right-width: 20px !important;border-bottom-width: 20px !important;border-left-width: 20px !important;padding-top: 0px !important;padding-right: 7% !important;padding-left: 7% !important;background-color: #ffffff !important;border-left-color: #ffffff !important;border-left-style: solid !important;border-right-color: #ffffff !important;border-right-style: solid !important;border-top-color: #ffffff !important;border-top-style: solid !important;border-bottom-color: #ffffff !important;border-bottom-style: solid !important;}&#8221; el_class=&#8221;medium-pull-6&#8243;][vc_empty_space height=&#8221;75px&#8221;][vc_single_image image=&#8221;5852&#8243; alignment=&#8221;center&#8221; css_animation=&#8221;top-to-bottom&#8221;][vc_column_text css_animation=&#8221;appear&#8221;]<\/p>\n<h2 style=\"text-align: center;\"><span style=\"font-size: 120%;\">Outlet<\/span><\/h2>\n<p style=\"text-align: center;\"><span style=\"color: #808080;\">Pe\u0142nowarto\u015bciowe produkty, w obni\u017conych cenach.<\/span><\/p>\n<p>[\/vc_column_text][vc_btn title=&#8221;Zobacz&#8221; style=&#8221;outline&#8221; shape=&#8221;square&#8221; color=&#8221;black&#8221; size=&#8221;lg&#8221; align=&#8221;center&#8221; css_animation=&#8221;bottom-to-top&#8221; link=&#8221;url:https%3A%2F%2Fto-moje.com%2Findex.php%2Fkategoria-produktu%2Fkoszulki-bluzy-sukienki%2F|||&#8221;][vc_empty_space height=&#8221;40px&#8221;][\/vc_column][\/vc_row][vc_row equal_height=&#8221;yes&#8221; content_placement=&#8221;middle&#8221; background_style=&#8221;normal&#8221;][vc_column width=&#8221;1\/2&#8243; css=&#8221;.vc_custom_1654854601448{padding-top: 50% !important;background: #000000 url(https:\/\/to-moje.com\/wp-content\/uploads\/2022\/06\/IMG_20220610_100500.png?id=3412) !important;background-position: center !important;background-repeat: no-repeat !important;background-size: cover !important;}&#8221;][vc_empty_space height=&#8221;400px&#8221;][\/vc_column][vc_column width=&#8221;1\/2&#8243; css=&#8221;.vc_custom_1466151913701{padding-top: 0px !important;padding-right: 7% !important;padding-left: 7% !important;background-color: #000000 !important;}&#8221;][vc_empty_space height=&#8221;75px&#8221;][vc_column_text css_animation=&#8221;appear&#8221; css=&#8221;.vc_custom_1466755490623{margin-right: 25% !important;margin-left: 25% !important;}&#8221;]<\/p>\n<h2 style=\"text-align: center;\"><span style=\"color: #ffffff;\"><span style=\"font-size: 120%;\">O Mnie<\/span><\/span><\/h2>\n<p>[\/vc_column_text][vc_column_text css_animation=&#8221;appear&#8221; css=&#8221;.vc_custom_1641739344585{margin-right: 25% !important;margin-left: 25% !important;}&#8221;]<\/p>\n<p style=\"text-align: center;\"><span style=\"color: #ffffff;\">Cze\u015b\u0107!<br \/>\nWitaj w moim \u015bwiecie!<br \/>\nJestem Aga, a To Moje to marka odzie\u017cowa, o kt\u00f3rej marzy\u0142am ju\u017c od dzieci\u0144stwa.<br \/>\nA\u017c w ko\u0144cu w 2016 roku postanowi\u0142am wzi\u0105\u0107 sprawy w swoje r\u0119ce i uda\u0142o mi si\u0119 to marzenie spe\u0142ni\u0107. <\/span><\/p>\n<p>[\/vc_column_text][vc_btn title=&#8221;wi\u0119cej&#8221; style=&#8221;outline&#8221; shape=&#8221;square&#8221; color=&#8221;white&#8221; size=&#8221;lg&#8221; align=&#8221;center&#8221; css_animation=&#8221;bottom-to-top&#8221; link=&#8221;url:http%3A%2F%2Fto-moje.com%2Findex.php%2Fpages%2Fabout-simple%2F||&#8221;][vc_empty_space height=&#8221;40px&#8221;][\/vc_column][\/vc_row]<\/p>\n<\/div>","protected":false},"excerpt":{"rendered":"<p>[vc_row full_height=&#8221;yes&#8221; css_animation=&#8221;slideInRight&#8221; font_color=&#8221;#ffffff&#8221; css=&#8221;.vc_custom_1776098246346{padding-top: 12% !important;padding-right: 12% !important;padding-bottom: 12% !important;padding-left: 12% !important;background-image: url(https:\/\/to-moje.com\/wp-content\/uploads\/2026\/04\/mama-scaled.png?id=16560) !important;background-position: center !important;background-repeat: no-repeat !important;background-size: cover !important;}&#8221; background_style=&#8221;parallax&#8221;][vc_column css=&#8221;.vc_custom_1656524519930{padding-top: 5% !important;padding-bottom: 5% !important;}&#8221;][\/vc_column][\/vc_row][vc_row equal_height=&#8221;yes&#8221; content_placement=&#8221;middle&#8221; background_style=&#8221;normal&#8221;][vc_column width=&#8221;1\/2&#8243; css=&#8221;.vc_custom_1654854150453{padding-top: 50% !important;padding-right: 50% !important;padding-bottom: 50% !important;padding-left: 50% !important;background-image: url(https:\/\/to-moje.com\/wp-content\/uploads\/2022\/06\/IMG_20220306_145018.png?id=3408) !important;background-position: center !important;background-repeat: no-repeat !important;background-size: cover !important;}&#8221; el_class=&#8221;medium-push-6&#8243;][vc_empty_space height=&#8221;400px&#8221;][\/vc_column][vc_column width=&#8221;1\/2&#8243; css=&#8221;.vc_custom_1466151301676{border-top-width: 20px !important;border-right-width: 20px [&hellip;]<\/p>\n","protected":false},"author":1,"featured_media":0,"parent":0,"menu_order":0,"comment_status":"closed","ping_status":"closed","template":"page-full-width.php","meta":{"footnotes":""},"class_list":["post-324","page","type-page","status-publish","hentry"],"_links":{"self":[{"href":"https:\/\/to-moje.com\/index.php\/wp-json\/wp\/v2\/pages\/324","targetHints":{"allow":["GET"]}}],"collection":[{"href":"https:\/\/to-moje.com\/index.php\/wp-json\/wp\/v2\/pages"}],"about":[{"href":"https:\/\/to-moje.com\/index.php\/wp-json\/wp\/v2\/types\/page"}],"author":[{"embeddable":true,"href":"https:\/\/to-moje.com\/index.php\/wp-json\/wp\/v2\/users\/1"}],"replies":[{"embeddable":true,"href":"https:\/\/to-moje.com\/index.php\/wp-json\/wp\/v2\/comments?post=324"}],"version-history":[{"count":129,"href":"https:\/\/to-moje.com\/index.php\/wp-json\/wp\/v2\/pages\/324\/revisions"}],"predecessor-version":[{"id":16561,"href":"https:\/\/to-moje.com\/index.php\/wp-json\/wp\/v2\/pages\/324\/revisions\/16561"}],"wp:attachment":[{"href":"https:\/\/to-moje.com\/index.php\/wp-json\/wp\/v2\/media?parent=324"}],"curies":[{"name":"wp","href":"https:\/\/api.w.org\/{rel}","templated":true}]}}