{"id":254,"date":"2015-09-28T09:18:27","date_gmt":"2015-09-28T09:18:27","guid":{"rendered":"http:\/\/import.getbowtied.com\/shopkeeper-v1.1\/?page_id=254"},"modified":"2015-09-28T09:18:27","modified_gmt":"2015-09-28T09:18:27","slug":"left-sidebar","status":"publish","type":"page","link":"https:\/\/to-moje.com\/index.php\/pages\/left-sidebar\/","title":{"rendered":"Left Sidebar"},"content":{"rendered":"<div class=\"wpb-content-wrapper\"><p>[vc_row type=&#8221;boxed&#8221; background_style=&#8221;normal&#8221;][vc_column width=&#8221;1\/6&#8243;][vc_column_text css=&#8221;.vc_custom_1410433571912{margin-bottom: 1px !important;}&#8221;][\/vc_column][vc_column width=&#8221;2\/3&#8243;][vc_column_text]<\/p>\n<p style=\"text-align: center;\"><span style=\"color: #333333;\">This page was created using the Widgetised Sidebar element from Visual Composer. You can place this element in any column and add any Widget Area created before.<\/span><\/p>\n<p>[\/vc_column_text][\/vc_column][vc_column width=&#8221;1\/6&#8243;][\/vc_column][\/vc_row][vc_row type=&#8221;boxed&#8221; background_style=&#8221;normal&#8221; css=&#8221;.vc_custom_1410432179286{margin-top: 40px !important;}&#8221;][vc_column width=&#8221;1\/4&#8243; css=&#8221;.vc_custom_1410433785540{margin-top: 40px !important;padding-right: 4% !important;}&#8221;][vc_widget_sidebar sidebar_id=&#8221;default-sidebar&#8221;][\/vc_column][vc_column width=&#8221;3\/4&#8243; css=&#8221;.vc_custom_1410432041085{margin-top: 20px !important;margin-bottom: 3% !important;}&#8221;][vc_column_text css=&#8221;.vc_custom_1410430943276{margin-bottom: 65px !important;}&#8221;]<\/p>\n<h3><strong><span style=\"color: #333333;\">High Life banh mi lomo, semiotics food truck try-hard fap PBR forage pickled sustainable 8-bit chia.<\/span>\u00a0<\/strong><\/h3>\n<p><span style=\"color: #808080;\">Retro Godard Shoreditch, hoodie bespoke chambray Thundercats iPhone roof party. Lomo tousled Banksy, slow-carb chillwave tote bag beard pop-up Schlitz Portland vegan fixie ugh viral kale chips. You probably haven\u2019t heard of them polaroid occupy, banjo Intelligentsia disrupt lo-fi chambray. Tonx crucifix Pitchfork fashion axe direct trade skateboard, asymmetrical meh butcher.<\/span><\/p>\n<p><span style=\"color: #808080;\">Etsy butcher Tumblr, asymmetrical messenger bag post-ironic brunch bitters. Viral chillwave vinyl selfies polaroid, Etsy trust fund Wes Anderson. Banjo chambray synth organic Tumblr tousled.<\/span>[\/vc_column_text][vc_row_inner css=&#8221;.vc_custom_1410430952691{margin-bottom: 30px !important;}&#8221; type=&#8221;full_width&#8221;][vc_column_inner width=&#8221;1\/2&#8243;][vc_column_text css=&#8221;.vc_custom_1410431857331{padding-right: 5% !important;}&#8221;]<\/p>\n<h3><span style=\"color: #333333;\"><strong>High Life banh mi lomo<\/strong><\/span><\/h3>\n<p><span style=\"color: #808080;\">Semiotics food truck try-hard fap PBR forage pickled sustainable 8-bit chia. Deep v quinoa locavore ugh, cornhole cliche scenester. Authentic Tonx slow-carb flexitarian, whatever meggings Neutra sartorial cliche 90\u2032s. Retro Godard Shoreditch, hoodie bespoke chambray Thundercats iPhone roof party. Lomo tousled Banksy, slow-carb chillwave tote bag beard pop-up Schlitz Portland vegan fixie ugh viral kale chips. You probably haven\u2019t heard of them polaroid occupy, banjo Intelligentsia disrupt lo-fi chambray. Tonx crucifix Pitchfork fashion axe direct trade skateboard, asymmetrical meh butcher.<\/span>[\/vc_column_text][\/vc_column_inner][vc_column_inner width=&#8221;1\/2&#8243;][vc_column_text]<\/p>\n<h3><strong><span style=\"color: #333333;\">Etsy butcher Tumblr<\/span><\/strong><\/h3>\n<p><span style=\"color: #808080;\">Asymmetrical messenger bag post-ironic brunch bitters. Viral chillwave vinyl selfies polaroid, Etsy trust fund Wes Anderson. Banjo chambray synth organic Tumblr tousled. +1 forage Banksy, farm-to-table Cosby sweater blog McSweeney\u2019s aesthetic iPhone tofu bicycle rights Tumblr try-hard authentic art party. Seitan vegan Odd Future Etsy Pinterest meggings. Normcore slow-carb 90\u2032s, vegan sriracha umami freegan kogi Neutra wayfarers jean shorts mlkshk 8-bit street art Vice. Small batch DIY +1 skateboard next level, Pinterest fixie post-ironic craft beer. <\/span>[\/vc_column_text][\/vc_column_inner][\/vc_row_inner][vc_column_text]<\/p>\n<h3><strong>Asymmetrical messenger bag\u00a0<\/strong><\/h3>\n<p>[\/vc_column_text]<div class=\"woocommerce columns-3 \"><ul class=\"products columns-3\">\n<li class=\"product type-product post-16546 status-publish first instock product_cat-nowosci product_cat-nerki-worki-torebki product_cat-torebki product_tag-brazowa-torebka product_tag-ciemnobrazowa-torebka product_tag-czekoladowa-torebka-z-falbanami product_tag-kolorowa-torebka product_tag-okragla-torebka product_tag-rozowa-torebka-z-falbanami product_tag-torebka-na-ramie product_tag-torebka-z-falbankami has-post-thumbnail shipping-taxable purchasable product-type-simple\">\n\n\t\n    <div class=\"product_thumbnail_wrapper \">\n\n\t\t<a href=\"https:\/\/to-moje.com\/index.php\/produkt\/torebka-rogalik-czekoladowa\/\" class=\"woocommerce-LoopProduct-link woocommerce-loop-product__link\">\n\n\t        <div class=\"product_thumbnail with_second_image\">\n\t            <img loading=\"lazy\" decoding=\"async\" width=\"350\" height=\"350\" src=\"https:\/\/to-moje.com\/wp-content\/uploads\/2026\/04\/10-350x350.jpg\" class=\"attachment-woocommerce_thumbnail size-woocommerce_thumbnail\" alt=\"Torebka Rogalik czekoladowa\" srcset=\"https:\/\/to-moje.com\/wp-content\/uploads\/2026\/04\/10-350x350.jpg 350w, https:\/\/to-moje.com\/wp-content\/uploads\/2026\/04\/10-150x150.jpg 150w, https:\/\/to-moje.com\/wp-content\/uploads\/2026\/04\/10-100x100.jpg 100w\" sizes=\"auto, (max-width: 350px) 100vw, 350px\" \/>\t            \t            \t<span class=\"product_thumbnail_background\" style=\"background-image:url(https:\/\/to-moje.com\/wp-content\/uploads\/2026\/04\/7-350x350.jpg)\"><\/span>\n\t        \t\t        <\/div><!--.product_thumbnail-->\n\t\t<\/a>\n\n\t\t\t\t\t\t\t\n\t\t\n\t\t\n\t\t\n    <\/div><!--.product_thumbnail_wrapper-->\n\n    \n\t<h2 class=\"woocommerce-loop-product__title\">\n\t\t<a href=\"https:\/\/to-moje.com\/index.php\/produkt\/torebka-rogalik-czekoladowa\/\">Torebka Rogalik czekoladowa<\/a>\n\t<\/h2>\n\n\t\n        <div class=\"product_after_shop_loop\">\n        <div class=\"product_after_shop_loop_switcher\">\n    \n            \n\t<span class=\"price\"><span class=\"woocommerce-Price-amount amount\"><bdi>229,00&nbsp;<span class=\"woocommerce-Price-currencySymbol\">&#122;&#322;<\/span><\/bdi><\/span><\/span>\n<a href=\"\/index.php\/wp-json\/wp\/v2\/pages\/254?add-to-cart=16546\" aria-describedby=\"woocommerce_loop_add_to_cart_link_describedby_16546\" data-quantity=\"1\" class=\"button product_type_simple add_to_cart_button ajax_add_to_cart\" data-product_id=\"16546\" data-product_sku=\"\" aria-label=\"Dodaj do koszyka: &bdquo;Torebka Rogalik czekoladowa&rdquo;\" rel=\"nofollow\" data-success_message=\"&ldquo;Torebka Rogalik czekoladowa&rdquo; zosta\u0142 dodany do twojego koszyka\" role=\"button\">Dodaj do koszyka<\/a>\t<span id=\"woocommerce_loop_add_to_cart_link_describedby_16546\" class=\"screen-reader-text\">\n\t\t\t<\/span>\n\n            <\/div>\n    <\/div>\n    \n\t\n<\/li>\n<li class=\"product type-product post-16543 status-publish instock product_cat-nowosci product_cat-nerki-worki-torebki product_cat-torebki product_tag-ciemnorozowa-torebka product_tag-kolorowa-torebka product_tag-okragla-torebka product_tag-pikowana-torebka product_tag-rozowa-torebka product_tag-rozowa-torebka-z-falbanami product_tag-torebka-na-ramie product_tag-torebka-z-falbankami has-post-thumbnail shipping-taxable purchasable product-type-simple\">\n\n\t\n    <div class=\"product_thumbnail_wrapper \">\n\n\t\t<a href=\"https:\/\/to-moje.com\/index.php\/produkt\/torebka-rogalik-malinowa\/\" class=\"woocommerce-LoopProduct-link woocommerce-loop-product__link\">\n\n\t        <div class=\"product_thumbnail with_second_image\">\n\t            <img loading=\"lazy\" decoding=\"async\" width=\"350\" height=\"350\" src=\"https:\/\/to-moje.com\/wp-content\/uploads\/2026\/04\/5-350x350.jpg\" class=\"attachment-woocommerce_thumbnail size-woocommerce_thumbnail\" alt=\"Torebka Rogalik malinowa\" srcset=\"https:\/\/to-moje.com\/wp-content\/uploads\/2026\/04\/5-350x350.jpg 350w, https:\/\/to-moje.com\/wp-content\/uploads\/2026\/04\/5-150x150.jpg 150w, https:\/\/to-moje.com\/wp-content\/uploads\/2026\/04\/5-100x100.jpg 100w\" sizes=\"auto, (max-width: 350px) 100vw, 350px\" \/>\t            \t            \t<span class=\"product_thumbnail_background\" style=\"background-image:url(https:\/\/to-moje.com\/wp-content\/uploads\/2026\/04\/6-350x350.jpg)\"><\/span>\n\t        \t\t        <\/div><!--.product_thumbnail-->\n\t\t<\/a>\n\n\t\t\t\t\t\t\t\n\t\t\n\t\t\n\t\t\n    <\/div><!--.product_thumbnail_wrapper-->\n\n    \n\t<h2 class=\"woocommerce-loop-product__title\">\n\t\t<a href=\"https:\/\/to-moje.com\/index.php\/produkt\/torebka-rogalik-malinowa\/\">Torebka Rogalik malinowa<\/a>\n\t<\/h2>\n\n\t\n        <div class=\"product_after_shop_loop\">\n        <div class=\"product_after_shop_loop_switcher\">\n    \n            \n\t<span class=\"price\"><span class=\"woocommerce-Price-amount amount\"><bdi>229,00&nbsp;<span class=\"woocommerce-Price-currencySymbol\">&#122;&#322;<\/span><\/bdi><\/span><\/span>\n<a href=\"\/index.php\/wp-json\/wp\/v2\/pages\/254?add-to-cart=16543\" aria-describedby=\"woocommerce_loop_add_to_cart_link_describedby_16543\" data-quantity=\"1\" class=\"button product_type_simple add_to_cart_button ajax_add_to_cart\" data-product_id=\"16543\" data-product_sku=\"\" aria-label=\"Dodaj do koszyka: &bdquo;Torebka Rogalik malinowa&rdquo;\" rel=\"nofollow\" data-success_message=\"&ldquo;Torebka Rogalik malinowa&rdquo; zosta\u0142 dodany do twojego koszyka\" role=\"button\">Dodaj do koszyka<\/a>\t<span id=\"woocommerce_loop_add_to_cart_link_describedby_16543\" class=\"screen-reader-text\">\n\t\t\t<\/span>\n\n            <\/div>\n    <\/div>\n    \n\t\n<\/li>\n<li class=\"product type-product post-16538 status-publish last instock product_cat-nowosci product_cat-nerki-worki-torebki product_cat-torebki product_tag-kolorowa-torebka product_tag-koronkowa-torebka product_tag-okragla-torebka product_tag-rozowa-koronkowa-torebka product_tag-rozowa-torebka product_tag-torebka-na-ramie product_tag-torebka-we-wzory product_tag-torebka-z-falbankami has-post-thumbnail shipping-taxable purchasable product-type-simple\">\n\n\t\n    <div class=\"product_thumbnail_wrapper \">\n\n\t\t<a href=\"https:\/\/to-moje.com\/index.php\/produkt\/torebka-rogalik-koronkowa-rozowa\/\" class=\"woocommerce-LoopProduct-link woocommerce-loop-product__link\">\n\n\t        <div class=\"product_thumbnail with_second_image\">\n\t            <img loading=\"lazy\" decoding=\"async\" width=\"350\" height=\"350\" src=\"https:\/\/to-moje.com\/wp-content\/uploads\/2026\/04\/2-350x350.jpg\" class=\"attachment-woocommerce_thumbnail size-woocommerce_thumbnail\" alt=\"Torebka Rogalik koronkowa r\u00f3\u017cowa\" srcset=\"https:\/\/to-moje.com\/wp-content\/uploads\/2026\/04\/2-350x350.jpg 350w, https:\/\/to-moje.com\/wp-content\/uploads\/2026\/04\/2-150x150.jpg 150w, https:\/\/to-moje.com\/wp-content\/uploads\/2026\/04\/2-100x100.jpg 100w\" sizes=\"auto, (max-width: 350px) 100vw, 350px\" \/>\t            \t            \t<span class=\"product_thumbnail_background\" style=\"background-image:url(https:\/\/to-moje.com\/wp-content\/uploads\/2026\/04\/1-350x350.jpg)\"><\/span>\n\t        \t\t        <\/div><!--.product_thumbnail-->\n\t\t<\/a>\n\n\t\t\t\t\t\t\t\n\t\t\n\t\t\n\t\t\n    <\/div><!--.product_thumbnail_wrapper-->\n\n    \n\t<h2 class=\"woocommerce-loop-product__title\">\n\t\t<a href=\"https:\/\/to-moje.com\/index.php\/produkt\/torebka-rogalik-koronkowa-rozowa\/\">Torebka Rogalik koronkowa r\u00f3\u017cowa<\/a>\n\t<\/h2>\n\n\t\n        <div class=\"product_after_shop_loop\">\n        <div class=\"product_after_shop_loop_switcher\">\n    \n            \n\t<span class=\"price\"><span class=\"woocommerce-Price-amount amount\"><bdi>239,00&nbsp;<span class=\"woocommerce-Price-currencySymbol\">&#122;&#322;<\/span><\/bdi><\/span><\/span>\n<a href=\"\/index.php\/wp-json\/wp\/v2\/pages\/254?add-to-cart=16538\" aria-describedby=\"woocommerce_loop_add_to_cart_link_describedby_16538\" data-quantity=\"1\" class=\"button product_type_simple add_to_cart_button ajax_add_to_cart\" data-product_id=\"16538\" data-product_sku=\"\" aria-label=\"Dodaj do koszyka: &bdquo;Torebka Rogalik koronkowa r\u00f3\u017cowa&rdquo;\" rel=\"nofollow\" data-success_message=\"&ldquo;Torebka Rogalik koronkowa r\u00f3\u017cowa&rdquo; zosta\u0142 dodany do twojego koszyka\" role=\"button\">Dodaj do koszyka<\/a>\t<span id=\"woocommerce_loop_add_to_cart_link_describedby_16538\" class=\"screen-reader-text\">\n\t\t\t<\/span>\n\n            <\/div>\n    <\/div>\n    \n\t\n<\/li>\n<\/ul>\n<\/div>[vc_column_text css=&#8221;.vc_custom_1410431409977{margin-bottom: 85px !important;}&#8221;]<\/p>\n<h3><span style=\"color: #333333;\"><strong>Chambray Thundercats iPhone roof party<\/strong><\/span><\/h3>\n<p><span style=\"color: #808080;\">Lomo tousled Banksy, slow-carb chillwave tote bag beard pop-up Schlitz Portland vegan fixie ugh viral kale chips. You probably haven\u2019t heard of them polaroid occupy, banjo Intelligentsia disrupt lo-fi chambray. Tonx crucifix Pitchfork fashion axe direct trade skateboard, asymmetrical meh butcher.<\/span><\/p>\n<p><span style=\"color: #808080;\">Etsy butcher Tumblr, asymmetrical messenger bag post-ironic brunch bitters. Viral chillwave vinyl selfies polaroid, Etsy trust fund Wes Anderson. Banjo chambray synth organic Tumblr tousled. +1 forage Banksy, farm-to-table Cosby sweater blog McSweeney\u2019s aesthetic iPhone tofu bicycle rights Tumblr try-hard authentic art party.<\/span><\/p>\n<p><span style=\"color: #808080;\">Normcore slow-carb 90\u2032s, vegan sriracha umami freegan kogi Neutra wayfarers jean shorts mlkshk 8-bit street art Vice. Small batch DIY +1 skateboard next level, Pinterest fixie post-ironic craft beer. Seitan vegan Odd Future Etsy Pinterest meggings.<\/span>[\/vc_column_text][\/vc_column][\/vc_row]<\/p>\n<\/div>","protected":false},"excerpt":{"rendered":"<p>[vc_row type=&#8221;boxed&#8221; background_style=&#8221;normal&#8221;][vc_column width=&#8221;1\/6&#8243;][vc_column_text css=&#8221;.vc_custom_1410433571912{margin-bottom: 1px !important;}&#8221;][\/vc_column][vc_column width=&#8221;2\/3&#8243;][vc_column_text] This page was created using the Widgetised Sidebar element from Visual Composer. You can place this element in any column and add any Widget Area created before. [\/vc_column_text][\/vc_column][vc_column width=&#8221;1\/6&#8243;][\/vc_column][\/vc_row][vc_row type=&#8221;boxed&#8221; background_style=&#8221;normal&#8221; css=&#8221;.vc_custom_1410432179286{margin-top: 40px !important;}&#8221;][vc_column width=&#8221;1\/4&#8243; css=&#8221;.vc_custom_1410433785540{margin-top: 40px !important;padding-right: 4% !important;}&#8221;][vc_widget_sidebar sidebar_id=&#8221;default-sidebar&#8221;][\/vc_column][vc_column width=&#8221;3\/4&#8243; css=&#8221;.vc_custom_1410432041085{margin-top: 20px !important;margin-bottom: 3% !important;}&#8221;][vc_column_text [&hellip;]<\/p>\n","protected":false},"author":1,"featured_media":0,"parent":312,"menu_order":0,"comment_status":"closed","ping_status":"closed","template":"page-full-width.php","meta":{"footnotes":""},"class_list":["post-254","page","type-page","status-publish","hentry"],"_links":{"self":[{"href":"https:\/\/to-moje.com\/index.php\/wp-json\/wp\/v2\/pages\/254","targetHints":{"allow":["GET"]}}],"collection":[{"href":"https:\/\/to-moje.com\/index.php\/wp-json\/wp\/v2\/pages"}],"about":[{"href":"https:\/\/to-moje.com\/index.php\/wp-json\/wp\/v2\/types\/page"}],"author":[{"embeddable":true,"href":"https:\/\/to-moje.com\/index.php\/wp-json\/wp\/v2\/users\/1"}],"replies":[{"embeddable":true,"href":"https:\/\/to-moje.com\/index.php\/wp-json\/wp\/v2\/comments?post=254"}],"version-history":[{"count":0,"href":"https:\/\/to-moje.com\/index.php\/wp-json\/wp\/v2\/pages\/254\/revisions"}],"up":[{"embeddable":true,"href":"https:\/\/to-moje.com\/index.php\/wp-json\/wp\/v2\/pages\/312"}],"wp:attachment":[{"href":"https:\/\/to-moje.com\/index.php\/wp-json\/wp\/v2\/media?parent=254"}],"curies":[{"name":"wp","href":"https:\/\/api.w.org\/{rel}","templated":true}]}}